{"id":9638,"date":"2019-11-26T12:26:44","date_gmt":"2019-11-26T12:26:44","guid":{"rendered":"https:\/\/miminhosritacatita.com\/?post_type=product&#038;p=9638"},"modified":"2024-01-17T17:48:42","modified_gmt":"2024-01-17T17:48:42","slug":"chucha-personalizada-batismo-bebe","status":"publish","type":"product","link":"https:\/\/miminhosritacatita.com\/pt\/batizado\/acessorios-de-batizado\/chupetas-personalizadas\/chucha-personalizada-batismo-bebe\/","title":{"rendered":"Chucha Personalizada Batismo Beb\u00e9"},"content":{"rendered":"<h2>Chucha Personalizada Batismo Beb\u00e9<\/h2>\n<p>Chucha Personalizada Batismo Beb\u00e9<\/p>\n<p>O Batismo \u00e9 das mais importantes fases do crescimento do seu filho e est\u00e1 prestes a chegar. E estamos convencidos de que isso \u00e9 motivo para celebrar.<\/p>\n<p>Todos os detalhes contam, desde o nome do seu filho, \u00e0 data do nascimento, at\u00e9 \u00e0 lista de convidados!\u00a0 Porque vamos j\u00e1 come\u00e7ar a preparar o Batismo mais doce de sempre.<\/p>\n<p>Entendemos que o m\u00e9rito pelo <strong>Batismo <\/strong>\u00e9 seu, mas que a miss\u00e3o \u00e9 nossa. E, por isso, criamos uma Chupeta Personalizada, \u00fanica e adaptada ao gosto de cada cliente, cumprindo sempre com a qualidade e perfei\u00e7\u00e3o e bom gosto.<\/p>\n<p>Feitos com amor, os nossos Conjuntos s\u00e3o feitos para cada cliente. Pois na altura em que nascem, todos os beb\u00e9s j\u00e1 tem a sua hist\u00f3ria.<\/p>\n<h4>A Chucha Personalizada Batismo Beb\u00e9 \u00e9 top!<\/h4>\n<p>E, na Miminhos, j\u00e1 sabemos que as velas s\u00e3o um bom pretexto para contar a sua!<\/p>\n<p>Feitos com amor, os Conjuntos s\u00e3o feitos para cada cliente, ideia que resulta dos detalhes da sua hist\u00f3ria. Por isso, vamos j\u00e1 conta-la como ela \u00e9, pelas suas palavras.<\/p>\n<p>Temos conjuntos de todas as formas e cores e materiais e tamb\u00e9m a todos os pre\u00e7os. Al\u00e9m disso, a nossa Chucha Personalizada Batismo Beb\u00e9 \u00e9 feita c\u00e1, j\u00e1 que \u00e9 o que nos d\u00e1 o controlo sobre o prazo de produ\u00e7\u00e3o.<\/p>\n<p>Compre j\u00e1 na Loja Online da Miminhos os produtos que far\u00e3o da sua festa<strong>, <\/strong>a melhor. Dos quais, Convites e Lembran\u00e7as e Conjuntos e Livros de Honra.<\/p>\n<ul>\n<li>E ainda, Placards e Caixas de Envelopes e Marcadores de Mesa e Ementas e Cestas.<\/li>\n<\/ul>\n<p>Mas ainda, Baby Shower e Vestidos e Fatos e Topos de Bolo. Para al\u00e9m disso, temos tamb\u00e9m um insufl\u00e1vel e um escorrega para alugar, para si.<\/p>\n<p class=\"font_3\">Inspire-se no nosso trabalho e tenha j\u00e1 mais ideias de <strong>batismo<\/strong>, desde as mais simples, \u00e0s mais elegantes e mais formais, at\u00e9 aos mais divertidos.<\/p>\n<p class=\"font_2\">Assim, combine j\u00e1 o design da sua Chucha Personalizada Batismo Beb\u00e9 com o ambiente que quer apresentar aos seus convidados no dia.<\/p>\n<p class=\"font_3\">Portanto, veja j\u00e1, em baixo alguns tipos de <strong>conjuntos<\/strong> criados na loja da Miminhos.\u200b<\/p>\n<p><strong>Veja tb: <a href=\"https:\/\/miminhosritacatita.com\/categoria-produto\/batizados\/\">Artigos p Batismo<\/a><\/strong><\/p>\n<p><strong>Visite o n\/ Facebook:<\/strong> <a href=\"https:\/\/www.facebook.com\/pg\/miminhos.ritacatita\/photos\/?tab=albums\" target=\"_blank\" rel=\"noopener\">Miminhos Rita Catita<\/a><\/p>\n<p>&nbsp;<\/p>\n","protected":false},"excerpt":{"rendered":"<p>Chucha Personalizada Batismo Beb\u00e9, produzida, personalizada e impressa ao seu gosto.<\/p>\n<p>Para altera\u00e7\u00f5es \u00e0s cores e idade do beb\u00e9, indicar nas &#8220;notas&#8221;.<\/p>\n","protected":false},"featured_media":10832,"template":"","meta":[],"product_brand":[],"product_cat":[1169],"product_tag":[],"class_list":{"0":"post-9638","1":"product","2":"type-product","3":"status-publish","4":"has-post-thumbnail","6":"product_cat-chupetas-personalizadas","8":"first","9":"instock","10":"taxable","11":"shipping-taxable","12":"purchasable","13":"product-type-simple"},"_links":{"self":[{"href":"https:\/\/miminhosritacatita.com\/pt\/wp-json\/wp\/v2\/product\/9638","targetHints":{"allow":["GET"]}}],"collection":[{"href":"https:\/\/miminhosritacatita.com\/pt\/wp-json\/wp\/v2\/product"}],"about":[{"href":"https:\/\/miminhosritacatita.com\/pt\/wp-json\/wp\/v2\/types\/product"}],"wp:featuredmedia":[{"embeddable":true,"href":"https:\/\/miminhosritacatita.com\/pt\/wp-json\/wp\/v2\/media\/10832"}],"wp:attachment":[{"href":"https:\/\/miminhosritacatita.com\/pt\/wp-json\/wp\/v2\/media?parent=9638"}],"wp:term":[{"taxonomy":"product_brand","embeddable":true,"href":"https:\/\/miminhosritacatita.com\/pt\/wp-json\/wp\/v2\/product_brand?post=9638"},{"taxonomy":"product_cat","embeddable":true,"href":"https:\/\/miminhosritacatita.com\/pt\/wp-json\/wp\/v2\/product_cat?post=9638"},{"taxonomy":"product_tag","embeddable":true,"href":"https:\/\/miminhosritacatita.com\/pt\/wp-json\/wp\/v2\/product_tag?post=9638"}],"curies":[{"name":"wp","href":"https:\/\/api.w.org\/{rel}","templated":true}]}}