{"id":7324,"date":"2019-03-22T17:01:27","date_gmt":"2019-03-22T17:01:27","guid":{"rendered":"https:\/\/miminhosritacatita.com\/?post_type=product&#038;p=7324"},"modified":"2026-03-13T17:52:18","modified_gmt":"2026-03-13T17:52:18","slug":"concha-batizado-caixa-anjo","status":"publish","type":"product","link":"https:\/\/miminhosritacatita.com\/pt\/batizado\/acessorios-de-batizado\/conchas-de-batizado\/concha-batizado-caixa-anjo\/","title":{"rendered":"Concha Batizado Caixa Anjo"},"content":{"rendered":"<h1>Concha Batizado Caixa Anjo<\/h1>\n<p>Concha Batizado Caixa Anjo<\/p>\n<p>O Batismo \u00e9 das mais importantes fases do crescimento do seu filho e est\u00e1 prestes a chegar. E estamos convencidos de que isso \u00e9 motivo para celebrar.<\/p>\n<p>Todos os detalhes contam, desde o nome do seu filho, \u00e0 data do nascimento, at\u00e9 \u00e0 lista de convidados! Porque vamos j\u00e1 come\u00e7ar a preparar o Batizado mais doce de sempre.<\/p>\n<p>Entendemos que o m\u00e9rito pelo Batismo \u00e9 seu, mas que a miss\u00e3o \u00e9 nossa. E, por isso, criamos um conjunto de batizado, \u00fanico e adaptado ao gosto de cada cliente, cumprindo sempre com a qualidade e perfei\u00e7\u00e3o e bom gosto.<\/p>\n<p>Feitos com amor, as nossas Caixas de Batismo s\u00e3o feitos para cada cliente e podem conter: caixa de batizado, vela de batizado, toalha de batizado, babete de batizado, concha de batizado e chuca de batizado. Pois na altura em que nascem, todos os beb\u00e9s j\u00e1 tem a sua hist\u00f3ria.<\/p>\n<h2>Concha Batizado Caixa Anjo<\/h2>\n<p>E, na Miminhos, j\u00e1 sabemos que as velas s\u00e3o um bom pretexto para contar a sua!<\/p>\n<p>Feitos com amor, as Caixas de Batizado s\u00e3o feitos para cada cliente, ideia que resulta dos detalhes da sua hist\u00f3ria. Por isso, vamos j\u00e1 conta-la como ela \u00e9, pelas suas palavras.<\/p>\n<p>Seja como for, temos conjuntos de todas as formas e cores e materiais e tamb\u00e9m a todos os pre\u00e7os. Al\u00e9m disso, a nossa Concha Batizado Caixa Anjo \u00e9 feita c\u00e1, j\u00e1 que \u00e9 o que nos d\u00e1 o controlo sobre o prazo de produ\u00e7\u00e3o.<\/p>\n<p>Compre j\u00e1 na Loja Online da Miminhos os produtos que far\u00e3o da sua festa de batizado, a melhor. Dos quais, Convites e Lembran\u00e7as e Conjuntos e Livros de Honra.<\/p>\n<ul>\n<li>E ainda, Placards e Caixas de Envelopes e Marcadores de Mesa e Ementas e Cestas.<\/li>\n<li><strong>Concha Batismo, Concha Batizado, Concha de Batismo, Concha de Batizado<\/strong><\/li>\n<\/ul>\n<p>Mas ainda, Baby Shower e Vestidos e Fatos e Topos de Bolo. Para al\u00e9m disso, temos tamb\u00e9m um insufl\u00e1vel e um escorrega para alugar, para si.<\/p>\n<p class=\"font_3\">Assim, inspire-se no nosso trabalho e tenha j\u00e1 mais ideias de <strong>batismo<\/strong>, desde as mais simples, \u00e0s mais elegantes e mais formais, at\u00e9 aos mais divertidos.<\/p>\n<p class=\"font_2\">Assim, combine j\u00e1 o design da sua Concha Batizado Caixa Anjo com o ambiente que quer apresentar aos seus convidados no dia.<\/p>\n<p class=\"font_3\">Portanto, veja j\u00e1, em baixo alguns tipos de caixas de batizado e vela de batizado criados na loja da Miminhos.\u200b<\/p>\n<p><strong>Veja tamb\u00e9m: <a href=\"https:\/\/miminhosritacatita.com\/categoria-produto\/batizados\/\">Artigos p Batismo<\/a><\/strong><\/p>\n<p><strong>Visite o Nosso <a href=\"https:\/\/www.instagram.com\/miminhos.rita.catita\/\" target=\"_blank\" rel=\"noopener\">Instagram<\/a><\/strong><\/p>\n<p>&nbsp;<\/p>\n","protected":false},"excerpt":{"rendered":"<p>Concha Batizado Caixa Anjo<\/p>\n<p>Caixa grande com divis\u00f3rias com 2 cores: 70\u20ac<br \/>\nImpress\u00e3o na tampa: 7,50\u20ac<span class=\"text_exposed_show\"><br \/>\nVela 25\u20ac<br \/>\nConcha 12,50\u20ac<br \/>\nToalha: 40\u20ac<br \/>\n<\/span><\/p>\n<div><\/div>\n<p>Dimens\u00e3o da Caixa: 35 x 30cm (com divis\u00f3rias e espa\u00e7o para roupinha)<\/p>\n<p>Para altera\u00e7\u00f5es \u00e0s cores, indicar nas notas.<\/p>\n","protected":false},"featured_media":10903,"template":"","meta":[],"product_brand":[],"product_cat":[1165],"product_tag":[],"class_list":{"0":"post-7324","1":"product","2":"type-product","3":"status-publish","4":"has-post-thumbnail","6":"product_cat-conchas-de-batizado","8":"first","9":"instock","10":"taxable","11":"shipping-taxable","12":"purchasable","13":"product-type-simple"},"_links":{"self":[{"href":"https:\/\/miminhosritacatita.com\/pt\/wp-json\/wp\/v2\/product\/7324","targetHints":{"allow":["GET"]}}],"collection":[{"href":"https:\/\/miminhosritacatita.com\/pt\/wp-json\/wp\/v2\/product"}],"about":[{"href":"https:\/\/miminhosritacatita.com\/pt\/wp-json\/wp\/v2\/types\/product"}],"wp:featuredmedia":[{"embeddable":true,"href":"https:\/\/miminhosritacatita.com\/pt\/wp-json\/wp\/v2\/media\/10903"}],"wp:attachment":[{"href":"https:\/\/miminhosritacatita.com\/pt\/wp-json\/wp\/v2\/media?parent=7324"}],"wp:term":[{"taxonomy":"product_brand","embeddable":true,"href":"https:\/\/miminhosritacatita.com\/pt\/wp-json\/wp\/v2\/product_brand?post=7324"},{"taxonomy":"product_cat","embeddable":true,"href":"https:\/\/miminhosritacatita.com\/pt\/wp-json\/wp\/v2\/product_cat?post=7324"},{"taxonomy":"product_tag","embeddable":true,"href":"https:\/\/miminhosritacatita.com\/pt\/wp-json\/wp\/v2\/product_tag?post=7324"}],"curies":[{"name":"wp","href":"https:\/\/api.w.org\/{rel}","templated":true}]}}