{"id":63058,"date":"2025-04-09T12:25:09","date_gmt":"2025-04-09T12:25:09","guid":{"rendered":"https:\/\/miminhosritacatita.com\/?post_type=product&#038;p=63058"},"modified":"2026-04-29T09:33:44","modified_gmt":"2026-04-29T09:33:44","slug":"presente-dia-mae-bloco-notas","status":"publish","type":"product","link":"https:\/\/miminhosritacatita.com\/pt\/presentes-personalizados\/prendas-dia-da-mae\/presente-dia-mae-bloco-notas\/","title":{"rendered":"Presente Dia M\u00e3e Bloco Notas"},"content":{"rendered":"<h1>Presente Dia M\u00e3e Bloco Notas<\/h1>\n<p>Presente Dia M\u00e3e Chinelos Criativos<\/p>\n<p>Dizem que o segredo est\u00e1 nos detalhes\u2026 E n\u00f3s acreditamos! Na nossa loja os Presentes para o Dia da M\u00e3e s\u00e3o dos nossos detalhes favoritos.<\/p>\n<p>Assim, para o Dia da M\u00e3e\u2026 Qual ser\u00e1 o presente escolhido? Pense!, porque \u00e9 aqui que o estilo pessoal vai brilhar!<\/p>\n<h2>Presente Dia M\u00e3e Bloco Notas<\/h2>\n<p>Portanto, feitos com amor, nossos produtos s\u00e3o feitos para cada cliente, ideia que resulta dos detalhes da sua hist\u00f3ria. Por isso, vamos j\u00e1 conta-la como ela \u00e9, pelas suas palavras.<\/p>\n<p>No entanto, temos, na nossa loja, Caixa Bijutaria Dia da M\u00e3e, para v\u00e1rios pre\u00e7os e gostos, mantendo sempre a promessa de qualidade.<\/p>\n<p>O m\u00e9rito pelo Presente \u00e9 seu, mas que a miss\u00e3o \u00e9 nossa. E, por isso, criamos produtos feitos ao gosto de cada cliente, cumprindo sempre com a qualidade e perfei\u00e7\u00e3o e bom gosto.<\/p>\n<p>Portanto, encontre j\u00e1 e aqui a resposta para todos os detalhes que far\u00e3o este dia \u00fanico.<\/p>\n<ul>\n<li>Dos quais, as molduras com a vossa foto e uma mensagem especial \/ o Martelo com mensagem \/ ou os Chinelos de Quarto \/ ou a Prenda Original Mam\u00e3 \/ ou a moldura mealheiro para os sonhos da Mam\u00e3.<\/li>\n<\/ul>\n<p>Assim, encontre na Loja Online a resposta para todos os detalhes que far\u00e3o a sua festa \u00fanica.<\/p>\n<p>E ainda, temos tamb\u00e9m para este dia especial mais presentes diferentes e originais para oferecer \u00e0 Melhor M\u00e3e, uma Caixa Chocolate ao seu gosto \/ ou uma caixa com chocolates e uma bebida \/ ou os Chocolates com uma mensagem.<\/p>\n<p>Encontre aqui o prenda ideal para a melhor m\u00e3e do mundo, encomende j\u00e1 o Presente Dia M\u00e3e Bloco Notas<\/p>\n<p>Veja Tamb\u00e9m: <a href=\"https:\/\/miminhosritacatita.com\/produto\/agenda-da-noiva\/\">Agenda da Noiva<\/a><\/p>\n<p><strong>Siga-nos no<a href=\"https:\/\/www.instagram.com\/miminhos.rita.catita\/\" target=\"_blank\" rel=\"noopener\"> Instagram<\/a><\/strong><\/p>\n","protected":false},"excerpt":{"rendered":"<p>Presente Dia M\u00e3e Bloco Notas<\/p>\n<p>Dimens\u00e3o do Bloco de Notas: A5 (15 x 21cm)<\/p>\n<p>O dia da m\u00e3e \u00e9 no primeiro domingo de Maio, vamos surpreende-la com algo original?<\/p>\n<p>&nbsp;<\/p>\n","protected":false},"featured_media":78667,"template":"","meta":[],"product_brand":[],"product_cat":[1076],"product_tag":[],"class_list":{"0":"post-63058","1":"product","2":"type-product","3":"status-publish","4":"has-post-thumbnail","6":"product_cat-prendas-dia-da-mae","8":"first","9":"instock","10":"taxable","11":"shipping-taxable","12":"purchasable","13":"product-type-simple"},"_links":{"self":[{"href":"https:\/\/miminhosritacatita.com\/pt\/wp-json\/wp\/v2\/product\/63058","targetHints":{"allow":["GET"]}}],"collection":[{"href":"https:\/\/miminhosritacatita.com\/pt\/wp-json\/wp\/v2\/product"}],"about":[{"href":"https:\/\/miminhosritacatita.com\/pt\/wp-json\/wp\/v2\/types\/product"}],"wp:featuredmedia":[{"embeddable":true,"href":"https:\/\/miminhosritacatita.com\/pt\/wp-json\/wp\/v2\/media\/78667"}],"wp:attachment":[{"href":"https:\/\/miminhosritacatita.com\/pt\/wp-json\/wp\/v2\/media?parent=63058"}],"wp:term":[{"taxonomy":"product_brand","embeddable":true,"href":"https:\/\/miminhosritacatita.com\/pt\/wp-json\/wp\/v2\/product_brand?post=63058"},{"taxonomy":"product_cat","embeddable":true,"href":"https:\/\/miminhosritacatita.com\/pt\/wp-json\/wp\/v2\/product_cat?post=63058"},{"taxonomy":"product_tag","embeddable":true,"href":"https:\/\/miminhosritacatita.com\/pt\/wp-json\/wp\/v2\/product_tag?post=63058"}],"curies":[{"name":"wp","href":"https:\/\/api.w.org\/{rel}","templated":true}]}}