{"id":62701,"date":"2025-03-06T18:13:12","date_gmt":"2025-03-06T18:13:12","guid":{"rendered":"https:\/\/miminhosritacatita.com\/?post_type=product&#038;p=62701"},"modified":"2025-03-06T18:40:59","modified_gmt":"2025-03-06T18:40:59","slug":"livro-honra-comunhao-elegante","status":"publish","type":"product","link":"https:\/\/miminhosritacatita.com\/pt\/comunhao\/livros-de-honra-comunhoes\/livro-honra-comunhao-elegante\/","title":{"rendered":"Livro Honra Comunh\u00e3o Elegante"},"content":{"rendered":"<h1>Livro Honra Comunh\u00e3o Elegante<\/h1>\n<p>Livro Honra Comunh\u00e3o Elegante<\/p>\n<p>Na Miminhos Rita Catita sentimo-nos sempre orgulhosos por podermos fazer parte das celebra\u00e7\u00f5es mais especiais de cada fam\u00edlia \u2013 e isso inclui, evidentemente, criar os <strong>Livros de Honra<\/strong> para Comunh\u00f5es.<\/p>\n<p>Entendemos que os <strong>Livros de Honra<\/strong> carregam, em si, a possibilidade \u00fanica de dar vida \u00e0s palavras. H\u00e1 algo de m\u00edstico em desejar a algu\u00e9m seja feliz. Por isso, quando falamos em Livro Honra Comunh\u00e3o Elegante, pedimos-vos para pensar no que querem trazer de volta \u00e0 vida: que mem\u00f3rias de amor e felicidade.<\/p>\n<p>Feitos com amor, os nossos <strong>Livros de Honra<\/strong> s\u00e3o especialmente desenvolvidos para cada cliente \u2013 uma inspira\u00e7\u00e3o que resulta dos detalhes de cada hist\u00f3ria. Conte-nos, qual \u00e9 a sua?<\/p>\n<h2>Livro Honra Comunh\u00e3o Elegante<\/h2>\n<p>Portanto precisa de um Livro de Comunh\u00e3o e n\u00e3o sabe o que escolher? Pois bem, na Miminhos Rita Catita encontrar\u00e1 a pe\u00e7a ideal. Para al\u00e9m do que mostramos tamb\u00e9m pode dizer-nos qual a sua ideia e n\u00f3s executamos. Nos artigos que apresentamos \u00e9 poss\u00edvel fazermos altera\u00e7\u00f5es \u00e1s cores e personalizar a gosto, contudo contacte-nos sempre primeiro para confirmar essa possibilidade.<\/p>\n<p>Contudo na Miminhos Rita Catita entendemos que o m\u00e9rito pela escolha \u00e9 seu, mas que o compromisso \u00e9 nosso. E, por isso, desenvolvemos produtos personalizados e ajustados \u00e0s necessidades de cada cliente, cumprindo sempre a promessa de qualidade, excel\u00eancia e profissionalismo.<\/p>\n<p>Portanto encontre na Loja Online da Miminhos Rita Catita a resposta para todos os pormenores que tornar\u00e3o a sua festa de Comunh\u00e3o \u00fanica:<\/p>\n<ul>\n<li>Convites, <strong>Lembran\u00e7as<\/strong>, Lembran\u00e7as especiais para padrinhos e para av\u00f3s, Livros de Honra, Placards, Ementas, Marcadores de Mesa, Cestas de Lembran\u00e7as, argolas de guardanapo. Mas tamb\u00e9m Caixas para guardar prendas em dinheiro, talheres e flutes personalizados Topos de Bolo e Livro Mensagens.<\/li>\n<\/ul>\n<p>Tamb\u00e9m dispomos de insufl\u00e1vel e escorrega para alugar. Portanto, Pe\u00e7a-nos or\u00e7amento indicando o dia do evento e se deseja levantar e entregar em loja ou se pretende a nossa desloca\u00e7\u00e3o ao local do evento para montagem e desmontagem.<\/p>\n<p><strong>Veja Tamb\u00e9m: <a href=\"https:\/\/miminhosritacatita.com\/categoria-produto\/comunhoes\/convites-de-comunhao\/\">Convites de Comunh\u00e3o<\/a><\/strong><\/p>\n<p><strong>Siga-nos no<a href=\"https:\/\/www.instagram.com\/miminhos.rita.catita\/\" target=\"_blank\" rel=\"noopener\"> Instagram<\/a><\/strong><\/p>\n","protected":false},"excerpt":{"rendered":"<p>Livro Honra Comunh\u00e3o Elegante<\/p>\n<p>Dimens\u00e3o: 21 x 15cm<\/p>\n<p>Para altera\u00e7\u00f5es Indicar nas &#8220;Notas&#8221;.<\/p>\n<p>N\u00e3o \u00e9 poss\u00edvel definir texto interno.<\/p>\n","protected":false},"featured_media":62704,"template":"","meta":[],"product_brand":[],"product_cat":[1029],"product_tag":[],"class_list":{"0":"post-62701","1":"product","2":"type-product","3":"status-publish","4":"has-post-thumbnail","6":"product_cat-livros-de-honra-comunhoes","8":"first","9":"instock","10":"taxable","11":"shipping-taxable","12":"purchasable","13":"product-type-simple"},"_links":{"self":[{"href":"https:\/\/miminhosritacatita.com\/pt\/wp-json\/wp\/v2\/product\/62701","targetHints":{"allow":["GET"]}}],"collection":[{"href":"https:\/\/miminhosritacatita.com\/pt\/wp-json\/wp\/v2\/product"}],"about":[{"href":"https:\/\/miminhosritacatita.com\/pt\/wp-json\/wp\/v2\/types\/product"}],"wp:featuredmedia":[{"embeddable":true,"href":"https:\/\/miminhosritacatita.com\/pt\/wp-json\/wp\/v2\/media\/62704"}],"wp:attachment":[{"href":"https:\/\/miminhosritacatita.com\/pt\/wp-json\/wp\/v2\/media?parent=62701"}],"wp:term":[{"taxonomy":"product_brand","embeddable":true,"href":"https:\/\/miminhosritacatita.com\/pt\/wp-json\/wp\/v2\/product_brand?post=62701"},{"taxonomy":"product_cat","embeddable":true,"href":"https:\/\/miminhosritacatita.com\/pt\/wp-json\/wp\/v2\/product_cat?post=62701"},{"taxonomy":"product_tag","embeddable":true,"href":"https:\/\/miminhosritacatita.com\/pt\/wp-json\/wp\/v2\/product_tag?post=62701"}],"curies":[{"name":"wp","href":"https:\/\/api.w.org\/{rel}","templated":true}]}}