{"id":62255,"date":"2025-02-17T14:34:17","date_gmt":"2025-02-17T14:34:17","guid":{"rendered":"https:\/\/miminhosritacatita.com\/?post_type=product&#038;p=62255"},"modified":"2025-03-06T13:02:48","modified_gmt":"2025-03-06T13:02:48","slug":"convite-comunhao-passaporte-e-ticket","status":"publish","type":"product","link":"https:\/\/miminhosritacatita.com\/pt\/comunhao\/convites-de-comunhao\/convite-comunhao-passaporte-e-ticket\/","title":{"rendered":"Convite Comunh\u00e3o Passaporte e Ticket"},"content":{"rendered":"<h1>Convite Comunh\u00e3o Passaporte e Ticket<\/h1>\n<p>Convite Comunh\u00e3o Passaporte e Ticket<\/p>\n<p>A Comunh\u00e3o \u00e9 um dos passos mais importantes na nossa est\u00f3ria, e esse parece-nos motivo suficiente para celebrar. Concorda? Por isso, perguntamos-lhe: como \u00e9 os seus convites de comunh\u00e3o? Conte-nos! Na Miminhos Rita Catita estamos verdadeiramente interessados em saber: porque a nossa miss\u00e3o \u00e9 tornar o seu sonho real.<\/p>\n<p>A festa \u00e9 sua, mas o compromisso \u00e9 nosso. Por isso, \u00e0 singularidade de cada pedido, dedicamo-nos de forma apaixonada. Desenvolvemos um Convite de Comunh\u00e3o ajustado \u00e0s necessidades de cada cliente, cumprindo sempre com a promessa de qualidade, excel\u00eancia e profissionalismo.<\/p>\n<p>As nossas cria\u00e7\u00f5es s\u00e3o o resultado de uma combina\u00e7\u00e3o inspirada nos detalhes que tornam cada hist\u00f3ria especial e \u00fanica, pelo que trabalhamos para manter sempre a mudan\u00e7a e a inova\u00e7\u00e3o.<\/p>\n<p>Festas s\u00e3o celebra\u00e7\u00f5es que realizamos pelos passos dados rumo aos marcos mais importantes da nossa hist\u00f3ria, porque todos temos uma. E, na Miminhos Rita Catita, suspeitamos de que o Convite Comunh\u00e3o Tubo Ensaio<strong>\u00a0<\/strong>\u00e9 um bom pretexto para (nos) contar a sua!<\/p>\n<h2>Convite Comunh\u00e3o Passaporte e Ticket<\/h2>\n<p>Feitos com amor, os nossos <strong>Convites de Comunh\u00e3o <\/strong>s\u00e3o especialmente desenvolvidos para cada cliente \u2013 uma inspira\u00e7\u00e3o que resulta dos detalhes de cada hist\u00f3ria. Qual \u00e9 a sua?<\/p>\n<p>Dispomos de <strong>Convites de Comunh\u00e3o<\/strong> de todas as formas, cores, materiais e feitios, para todos os pre\u00e7os, cumprindo sempre a promessa de qualidade, excel\u00eancia e profissionalismo. Para al\u00e9m disso, os nossos Convite Comunh\u00e3o Tubo Ensaio<strong>\u00a0<\/strong>s\u00e3o produzidos internamente, o que nos d\u00e1 total controlo sobre os prazos de produ\u00e7\u00e3o.<\/p>\n<p>Assim, escolha a cor de papel que mais lhe agrada e n\u00f3s tratamos do resto, assim, deixe estes detalhes da sua comunh\u00e3o na m\u00e3o de profissionais como n\u00f3s!<\/p>\n<ul>\n<li>Portanto encontre na Loja Online da Miminhos Rita Catita a resposta para todos os pormenores que tornar\u00e3o a sua festa de Comunh\u00e3o \u00fanica: Convite de comunh\u00e3o, Lembran\u00e7as, Livros de Honra, Placards, Ementas. Mas tamb\u00e9m, Marcadores de Mesa, Cestas de Lembran\u00e7as e Topos de Bolo. Assim como, convites e lembran\u00e7as especiais para Padrinhos, Av\u00f3s e Catequistas.<\/li>\n<\/ul>\n<p><strong>Veja Tamb\u00e9m:<a href=\"https:\/\/miminhosritacatita.com\/categoria-produto\/comunhoes\/lembrancas-de-comunhao\/\"> Lembran\u00e7as de Comunh\u00e3o<\/a><\/strong><\/p>\n<p>Siga-nos no <a href=\"https:\/\/www.instagram.com\/miminhos.rita.catita\/\" target=\"_blank\" rel=\"noopener\">Instagram<\/a><\/p>\n","protected":false},"excerpt":{"rendered":"<p>Convite Comunh\u00e3o Passaporte e Ticket<\/p>\n<p>Dimens\u00e3o total: 10,5 x 20,7 cm<\/p>\n<p>Podemos personalizar a seu gosto, basta indicar nas notas, depois de finalizar a encomenda.<\/p>\n","protected":false},"featured_media":62571,"template":"","meta":[],"product_brand":[],"product_cat":[1027],"product_tag":[],"class_list":{"0":"post-62255","1":"product","2":"type-product","3":"status-publish","4":"has-post-thumbnail","6":"product_cat-convites-de-comunhao","8":"first","9":"instock","10":"taxable","11":"shipping-taxable","12":"purchasable","13":"product-type-simple"},"_links":{"self":[{"href":"https:\/\/miminhosritacatita.com\/pt\/wp-json\/wp\/v2\/product\/62255","targetHints":{"allow":["GET"]}}],"collection":[{"href":"https:\/\/miminhosritacatita.com\/pt\/wp-json\/wp\/v2\/product"}],"about":[{"href":"https:\/\/miminhosritacatita.com\/pt\/wp-json\/wp\/v2\/types\/product"}],"wp:featuredmedia":[{"embeddable":true,"href":"https:\/\/miminhosritacatita.com\/pt\/wp-json\/wp\/v2\/media\/62571"}],"wp:attachment":[{"href":"https:\/\/miminhosritacatita.com\/pt\/wp-json\/wp\/v2\/media?parent=62255"}],"wp:term":[{"taxonomy":"product_brand","embeddable":true,"href":"https:\/\/miminhosritacatita.com\/pt\/wp-json\/wp\/v2\/product_brand?post=62255"},{"taxonomy":"product_cat","embeddable":true,"href":"https:\/\/miminhosritacatita.com\/pt\/wp-json\/wp\/v2\/product_cat?post=62255"},{"taxonomy":"product_tag","embeddable":true,"href":"https:\/\/miminhosritacatita.com\/pt\/wp-json\/wp\/v2\/product_tag?post=62255"}],"curies":[{"name":"wp","href":"https:\/\/api.w.org\/{rel}","templated":true}]}}