{"id":4146,"date":"2018-11-14T13:08:07","date_gmt":"2018-11-14T13:08:07","guid":{"rendered":"https:\/\/miminhosritacatita.com\/?post_type=product&#038;p=4146"},"modified":"2026-04-10T09:13:15","modified_gmt":"2026-04-10T09:13:15","slug":"topo-bolo-casamento-pit-carro","status":"publish","type":"product","link":"https:\/\/miminhosritacatita.com\/pt\/casamento\/topo-de-bolo-casamento\/topo-bolo-casamento-pit-carro\/","title":{"rendered":"Topo Bolo Casamento Pit-Carro"},"content":{"rendered":"<h1 class=\"ai-optimize-34\">Topo Bolo Casamento Pit-Carro<\/h1>\n<p class=\"ai-optimize-35 ai-optimize-introduction\">Dizem que o segredo est\u00e1 nos detalhes\u2026 E n\u00f3s acreditamos! Na nossa loja o Topo Bolo Casamento Pit-Carro s\u00e3o dos nossos detalhes favoritos.<\/p>\n<p class=\"ai-optimize-36\">Dos robes \u00e0s ligas\u2026 Como ser\u00e3o os vossos topos de bolo de casamento? Pense!, porque \u00e9 aqui que o estilo pessoal vai brilhar!<\/p>\n<p class=\"ai-optimize-37\">Temos, na nossa loja, v\u00e1rias Topos de Bolo para v\u00e1rios pre\u00e7os e gostos, mantendo sempre a promessa de qualidade.<\/p>\n<h2 class=\"ai-optimize-38\">Topo Bolo Casamento Pit-Carro<\/h2>\n<p class=\"ai-optimize-39\">Entendemos que o m\u00e9rito pelo <b>Casamento<\/b> \u00e9 seu, mas que a miss\u00e3o \u00e9 nossa. E, por isso, criamos produtos ajustados ao gosto de cada cliente, cumprindo sempre com a qualidade e perfei\u00e7\u00e3o e bom gosto.<\/p>\n<p class=\"ai-optimize-40\">Assim, encontre na Loja Online a resposta para todos os pormenores que far\u00e3o a sua festa \u00fanica, como o Topo Bolo Casamento Carro.<\/p>\n<p class=\"ai-optimize-41\">Assim, temos ainda para alugar um insufl\u00e1vel e um escorrega. Portanto, pe\u00e7a o seu or\u00e7amento dizendo em que dia ser\u00e1 o evento e se o deseja levantar em loja ou se pretende que nos desloquemos ao local do evento para a montagem \/ e a desmontagem.<\/p>\n<p class=\"ai-optimize-42\">Seja como for, encontre aqui a resposta para todos os detalhes que far\u00e3o o seu Casamento \u00fanico. Dos quais:<\/p>\n<ul>\n<li class=\"ai-optimize-43\">Topos de bolo de casamento \/ Convites de casamento \/ Porta Alian\u00e7as \/ Livros de Honra \/ Lembran\u00e7as de casamento.<\/li>\n<\/ul>\n<p class=\"ai-optimize-44\">Mas tamb\u00e9m, as Cestas de Lembran\u00e7as \/ e os Photo Booth \/ e os Cabides. Assim como Flutes \/ e Talheres \/ e os Bal\u00f5es \/ e os Sparklers \/ Complementos para Bolo \/ e Placas Divertidas.<\/p>\n<p class=\"ai-optimize-45\">Tamb\u00e9m temos Ramos de Noiva Artificiais \/ e os Ramos de Solteiras \/ e Caixas de Envelopes. E ainda, as Ofertas a Pais e Padrinhos \/ e as Argolas de Guardanapos\/ e as Ementas.<\/p>\n<p class=\"ai-optimize-46\"><strong>Veja Tamb\u00e9m: <a href=\"https:\/\/miminhosritacatita.com\/produto\/agenda-da-noiva\/\">Agenda da Noiva<\/a><\/strong><\/p>\n<p class=\"ai-optimize-47\"><strong>Siga-nos no <a href=\"https:\/\/www.instagram.com\/miminhos.rita.catita\/\" target=\"_blank\" rel=\"noopener\">Instagram<\/a><\/strong><\/p>\n","protected":false},"excerpt":{"rendered":"<p class=\"ai-optimize-19\">Topo Bolo Casamento Futebol (ignorar descritivos anteriores)<\/p>\n<p class=\"ai-optimize-20\">Dimens\u00e3o: 21cm<\/p>\n<p class=\"ai-optimize-21\">Eis uma escolha para tornar o seu casamento mais memor\u00e1vel e \u00fanico!<\/p>\n","protected":false},"featured_media":78337,"template":"","meta":[],"product_brand":[],"product_cat":[480],"product_tag":[],"class_list":{"0":"post-4146","1":"product","2":"type-product","3":"status-publish","4":"has-post-thumbnail","6":"product_cat-topo-de-bolo-casamento","8":"first","9":"instock","10":"taxable","11":"shipping-taxable","12":"purchasable","13":"product-type-simple"},"_links":{"self":[{"href":"https:\/\/miminhosritacatita.com\/pt\/wp-json\/wp\/v2\/product\/4146","targetHints":{"allow":["GET"]}}],"collection":[{"href":"https:\/\/miminhosritacatita.com\/pt\/wp-json\/wp\/v2\/product"}],"about":[{"href":"https:\/\/miminhosritacatita.com\/pt\/wp-json\/wp\/v2\/types\/product"}],"wp:featuredmedia":[{"embeddable":true,"href":"https:\/\/miminhosritacatita.com\/pt\/wp-json\/wp\/v2\/media\/78337"}],"wp:attachment":[{"href":"https:\/\/miminhosritacatita.com\/pt\/wp-json\/wp\/v2\/media?parent=4146"}],"wp:term":[{"taxonomy":"product_brand","embeddable":true,"href":"https:\/\/miminhosritacatita.com\/pt\/wp-json\/wp\/v2\/product_brand?post=4146"},{"taxonomy":"product_cat","embeddable":true,"href":"https:\/\/miminhosritacatita.com\/pt\/wp-json\/wp\/v2\/product_cat?post=4146"},{"taxonomy":"product_tag","embeddable":true,"href":"https:\/\/miminhosritacatita.com\/pt\/wp-json\/wp\/v2\/product_tag?post=4146"}],"curies":[{"name":"wp","href":"https:\/\/api.w.org\/{rel}","templated":true}]}}