{"id":36814,"date":"2023-03-08T12:02:21","date_gmt":"2023-03-08T12:02:21","guid":{"rendered":"https:\/\/miminhosritacatita.com\/?post_type=product&#038;p=36814"},"modified":"2026-03-30T15:13:12","modified_gmt":"2026-03-30T15:13:12","slug":"cabide-casamento-noivos-acessorio","status":"publish","type":"product","link":"https:\/\/miminhosritacatita.com\/pt\/casamento\/cabides-noivos\/cabide-casamento-noivos-acessorio\/","title":{"rendered":"Cabide Casamento Noivos Acess\u00f3rio"},"content":{"rendered":"<h1>Cabide Casamento Noivos Acess\u00f3rio<\/h1>\n<p>Cabide Casamento Noivos Acess\u00f3rio<\/p>\n<p>Dizem que o segredo est\u00e1 nos detalhes\u2026 E n\u00f3s acreditamos! Na nossa loja o Cabide da noiva e o cabide do noivo s\u00e3o dos nossos detalhes favoritos.<\/p>\n<p>Dos robes \u00e0s ligas\u2026 Quais ser\u00e3o os seus Cabides de Noivos? Pense!, porque \u00e9 aqui que o estilo pessoal vai brilhar!<\/p>\n<p>Feitos com amor, os acess\u00f3rios de noiva s\u00e3o feitos para cada cliente, ideia que resulta dos detalhes da sua hist\u00f3ria. Por isso, vamos j\u00e1 conta-la como ela \u00e9, pelas suas palavras.<\/p>\n<h2>Cabide Casamento Noivos Acess\u00f3rio<\/h2>\n<p>No entanto, temos na nossa loja, v\u00e1rios Cabides de Noivos, para v\u00e1rios pre\u00e7os e gostos, mantendo sempre a promessa de qualidade.<\/p>\n<p>Entendemos que o m\u00e9rito pelo <b>Casamento<\/b> \u00e9 seu, mas que a miss\u00e3o \u00e9 nossa. E, por isso, criamos produtos ajustados ao gosto de cada cliente, cumprindo sempre com a qualidade e perfei\u00e7\u00e3o e bom gosto.<\/p>\n<p>Assim, encontre na Loja Online a resposta para todos os pormenores que far\u00e3o a sua festa \u00fanica.<\/p>\n<p>Tamb\u00e9m alugamos carros para o transporte dos noivos. Para saber o pre\u00e7o contacte-nos e informe a data do Evento \/ a morada de recolha \/ a da Igreja \/ e a do local da boda.<\/p>\n<h4>Cabide Casamento Noivos Acess\u00f3rio<\/h4>\n<p>Assim, temos ainda para alugar um insufl\u00e1vel e um escorrega. Portanto, pe\u00e7a o seu or\u00e7amento dizendo em que dia ser\u00e1 o evento e se o deseja levantar em loja ou se pretende que nos desloquemos ao local do evento para a montagem \/ e desmontagem.<\/p>\n<ul>\n<li>Encontre aqui a resposta para todos os detalhes que far\u00e3o o seu Casamento \u00fanico, como o Cabides Noivos Flores Casamento. Dos quais Convites \/ Porta Alian\u00e7as \/ Livros de Honra \/ Lembran\u00e7as. Mas tamb\u00e9m, Cestas de Lembran\u00e7as \/ e Photo Booth \/ e Cabides Personalizados. Assim como Flutes \/ e Talheres \/ e os Bal\u00f5es \/ e os Sparklers \/ e Placas de Boas Vindas.<\/li>\n<\/ul>\n<p>Tamb\u00e9m temos Ramos de Noiva Artificiais \/ e os Ramos de Solteiras \/ e Caixas de Envelopes. E ainda, as Ofertas a Pais e Padrinhos \/ e as Argolas de Guardanapos\/ Cabide da Noiva \/ Cabide do Noivo \/ e as Ementas.<\/p>\n<p><strong>Veja Tamb\u00e9m: <a href=\"https:\/\/miminhosritacatita.com\/produto\/agenda-da-noiva\/\">Agenda da Noiva<\/a><\/strong><\/p>\n<p>Siga-nos no <a href=\"https:\/\/www.instagram.com\/miminhos.rita.catita\/\" target=\"_blank\" rel=\"noopener\">Instagram<\/a><\/p>\n","protected":false},"excerpt":{"rendered":"<p>Cabide Casamento Noivos Acess\u00f3rio em acr\u00edlico com nome do Noivo\/a (valor unit\u00e1rio por cabide)<\/p>\n<p>Dimens\u00e3o do acess\u00f3rio de Acr\u00edlico: 6cm<\/p>\n<p>Para alterar a cor a fita, por favor indicar nas &#8220;Notas&#8221; depois de finalizar a encomenda.<\/p>\n","protected":false},"featured_media":36764,"template":"","meta":[],"product_brand":[],"product_cat":[491],"product_tag":[],"class_list":{"0":"post-36814","1":"product","2":"type-product","3":"status-publish","4":"has-post-thumbnail","6":"product_cat-cabides-noivos","8":"first","9":"instock","10":"taxable","11":"shipping-taxable","12":"purchasable","13":"product-type-simple"},"_links":{"self":[{"href":"https:\/\/miminhosritacatita.com\/pt\/wp-json\/wp\/v2\/product\/36814","targetHints":{"allow":["GET"]}}],"collection":[{"href":"https:\/\/miminhosritacatita.com\/pt\/wp-json\/wp\/v2\/product"}],"about":[{"href":"https:\/\/miminhosritacatita.com\/pt\/wp-json\/wp\/v2\/types\/product"}],"wp:featuredmedia":[{"embeddable":true,"href":"https:\/\/miminhosritacatita.com\/pt\/wp-json\/wp\/v2\/media\/36764"}],"wp:attachment":[{"href":"https:\/\/miminhosritacatita.com\/pt\/wp-json\/wp\/v2\/media?parent=36814"}],"wp:term":[{"taxonomy":"product_brand","embeddable":true,"href":"https:\/\/miminhosritacatita.com\/pt\/wp-json\/wp\/v2\/product_brand?post=36814"},{"taxonomy":"product_cat","embeddable":true,"href":"https:\/\/miminhosritacatita.com\/pt\/wp-json\/wp\/v2\/product_cat?post=36814"},{"taxonomy":"product_tag","embeddable":true,"href":"https:\/\/miminhosritacatita.com\/pt\/wp-json\/wp\/v2\/product_tag?post=36814"}],"curies":[{"name":"wp","href":"https:\/\/api.w.org\/{rel}","templated":true}]}}