{"id":36538,"date":"2023-03-02T16:32:13","date_gmt":"2023-03-02T16:32:13","guid":{"rendered":"https:\/\/miminhosritacatita.com\/?post_type=product&#038;p=36538"},"modified":"2024-12-24T09:55:15","modified_gmt":"2024-12-24T09:55:15","slug":"convite-menino-aliancas-puzzle","status":"publish","type":"product","link":"https:\/\/miminhosritacatita.com\/pt\/casamento\/convites-meninos-aliancas\/convite-menino-aliancas-puzzle\/","title":{"rendered":"Convite Menino Alian\u00e7as Puzzle"},"content":{"rendered":"<h1>Convite Menino Alian\u00e7as Puzzle<\/h1>\n<p>Convite Menino Alian\u00e7as Puzzle<\/p>\n<p>Dizem que o segredo est\u00e1 nos detalhes\u2026 E n\u00f3s acreditamos! Na nossa loja os Convites s\u00e3o dos nossos detalhes favoritos.<\/p>\n<p>Dos robes \u00e0s ligas\u2026 Qual ser\u00e1 o seu Convite? Pense!, porque \u00e9 aqui que o estilo pessoal vai brilhar!<\/p>\n<p>Assim, feitos com amor, os nossos cones s\u00e3o feitas para cada cliente, ideia que resulta dos detalhes da sua hist\u00f3ria. Por isso, vamos j\u00e1 conta-la como ela \u00e9, pelas suas palavras.<\/p>\n<h2>O Convite Menino Alian\u00e7as Puzzle<\/h2>\n<p>Entendemos que o m\u00e9rito pelo <b>Casamento<\/b> \u00e9 seu, mas que a miss\u00e3o \u00e9 nossa. E, por isso, criamos produtos ajustados ao gosto de cada cliente, cumprindo sempre com a qualidade e perfei\u00e7\u00e3o e bom gosto.<\/p>\n<p>Assim, encontre na Loja Online a resposta para todos os pormenores que far\u00e3o a sua festa \u00fanica.<\/p>\n<p>Tamb\u00e9m alugamos carros para o transporte dos noivos. Para saber o pre\u00e7o contacte-nos e informe a data do Evento \/ a morada de recolha \/ a da Igreja \/ e a do local da boda.<\/p>\n<p>Assim, temos ainda para alugar um insufl\u00e1vel e um escorrega. Portanto, pe\u00e7a o seu or\u00e7amento dizendo em que dia ser\u00e1 o evento e se o deseja levantar em loja ou se pretende que nos desloquemos ao local do evento para a montagem \/ e desmontagem.<\/p>\n<p>Encontre aqui a resposta para todos os detalhes que far\u00e3o o seu Casamento \u00fanico. Dos quais Convites \/ Porta Alian\u00e7as \/ Livros de Honra \/ Lembran\u00e7as \/ e Convite Meninos Alian\u00e7as Papel.<\/p>\n<ul>\n<li>Mas tamb\u00e9m, Cesta para Lembran\u00e7a \/ e Photo Booth \/ e Cabides. Assim como Flutes \/ e Talheres \/ e os Bal\u00f5es \/ e os Sparklers \/ e Placas \u201cL\u00e1 Vem a Noiva\u201d.<\/li>\n<\/ul>\n<p>Tamb\u00e9m temos Ramos de Noiva Artificiais \/ e os Ramos de Solteiras \/ e Caixas de Envelopes. E ainda, as Ofertas a Pais e Padrinhos \/ e as Argolas de Guardanapos\/ Cesta para Lembran\u00e7a \/ e as Ementas. Encomende j\u00e1 o Convite Menino Alian\u00e7as Puzzle!<\/p>\n<p><strong>Veja Tamb\u00e9m: <a href=\"https:\/\/miminhosritacatita.com\/produto\/agenda-da-noiva\/\">Agenda da Noiva<\/a><\/strong><\/p>\n<p><strong>Siga-nos no <a href=\"https:\/\/www.instagram.com\/miminhos.rita.catita\/\" target=\"_blank\" rel=\"noopener\">Instagram<\/a><\/strong><\/p>\n","protected":false},"excerpt":{"rendered":"<p>Convite Menino Alian\u00e7as Puzzle, caixa acr\u00edlica com rebu\u00e7ados e puzzle personalizado<\/p>\n<p>Material: Puzzle em cart\u00e3o<\/p>\n<p>Dimens\u00e3o da caixa: 11 x 11cm<\/p>\n<p>Dimens\u00e3o do puzzle 9 pe\u00e7as: 15 x 15cm<\/p>\n<p>Encontre aqui a resposta para todos os pormenores que far\u00e3o a sua festa \u00fanica.<\/p>\n","protected":false},"featured_media":36542,"template":"","meta":[],"product_brand":[],"product_cat":[1043],"product_tag":[],"class_list":{"0":"post-36538","1":"product","2":"type-product","3":"status-publish","4":"has-post-thumbnail","6":"product_cat-convites-meninos-aliancas","8":"first","9":"instock","10":"taxable","11":"shipping-taxable","12":"purchasable","13":"product-type-simple"},"_links":{"self":[{"href":"https:\/\/miminhosritacatita.com\/pt\/wp-json\/wp\/v2\/product\/36538","targetHints":{"allow":["GET"]}}],"collection":[{"href":"https:\/\/miminhosritacatita.com\/pt\/wp-json\/wp\/v2\/product"}],"about":[{"href":"https:\/\/miminhosritacatita.com\/pt\/wp-json\/wp\/v2\/types\/product"}],"wp:featuredmedia":[{"embeddable":true,"href":"https:\/\/miminhosritacatita.com\/pt\/wp-json\/wp\/v2\/media\/36542"}],"wp:attachment":[{"href":"https:\/\/miminhosritacatita.com\/pt\/wp-json\/wp\/v2\/media?parent=36538"}],"wp:term":[{"taxonomy":"product_brand","embeddable":true,"href":"https:\/\/miminhosritacatita.com\/pt\/wp-json\/wp\/v2\/product_brand?post=36538"},{"taxonomy":"product_cat","embeddable":true,"href":"https:\/\/miminhosritacatita.com\/pt\/wp-json\/wp\/v2\/product_cat?post=36538"},{"taxonomy":"product_tag","embeddable":true,"href":"https:\/\/miminhosritacatita.com\/pt\/wp-json\/wp\/v2\/product_tag?post=36538"}],"curies":[{"name":"wp","href":"https:\/\/api.w.org\/{rel}","templated":true}]}}