{"id":32655,"date":"2022-09-16T14:00:13","date_gmt":"2022-09-16T14:00:13","guid":{"rendered":"https:\/\/miminhosritacatita.com\/?post_type=product&#038;p=32655"},"modified":"2026-02-11T18:04:54","modified_gmt":"2026-02-11T18:04:54","slug":"prenda-aniversario-porto-ferreros","status":"publish","type":"product","link":"https:\/\/miminhosritacatita.com\/pt\/presentes-personalizados\/prendas-de-aniversario\/prenda-aniversario-porto-ferreros\/","title":{"rendered":"Prenda Anivers\u00e1rio Porto Ferreros"},"content":{"rendered":"<h1>Prenda Anivers\u00e1rio Porto Ferreros<\/h1>\n<p>Prenda Anivers\u00e1rio Porto Ferreros<\/p>\n<p>O anivers\u00e1rio \u00e9 sempre uma celebra\u00e7\u00e3o especial para a fam\u00edlia e amigos. E aos que acompanharam os nossos passos \u2013 primeiro curtos, depois mais longos \u2013, devemos uma recorda\u00e7\u00e3o especial. Portanto, a pensar nisso, a Miminhos Rita Catita desenvolveu presentes personalizados e prendas personalizadas de anivers\u00e1rio.<\/p>\n<p>Dispomos, nas nossas lojas, de v\u00e1rias <strong>prendas de anivers\u00e1rio<\/strong>, personalizadas e ajustadas \u00e0s necessidades de cada cliente, porque o seu anivers\u00e1rio \u00e9 \u00fanico e as ofertas devem ser tamb\u00e9m.<\/p>\n<p>Assim sendo, quais ser\u00e3o as suas <strong>Prendas personalizadas e presentes personalizados<\/strong>, para al\u00e9m dos momentos que, com certeza, n\u00e3o se v\u00e3o esquecer?<\/p>\n<h2>Prenda Anivers\u00e1rio Porto Ferreros<\/h2>\n<p>Portanto, na Miminhos Rita Catita entendemos que o m\u00e9rito pela escolha \u00e9 seu, mas que o compromisso \u00e9 nosso. E, por isso, desenvolvemos presentes personalizados e ajustados \u00e0s necessidades de cada cliente.<\/p>\n<p>Para al\u00e9m disso, as nossas Prendas Personalizadas s\u00e3o produzidas internamente, o que nos d\u00e1 total controlo sobre os prazos de produ\u00e7\u00e3o.<\/p>\n<p>Encontre na Loja Online da Miminhos Rita Catita a resposta para todos os pormenores que tornar\u00e3o o seu anivers\u00e1rio \u00fanico: presentes personalizados, prendas personalizadas, prendas de anivers\u00e1rio, prendas para beb\u00e9s, prendas originais para adultos e crian\u00e7as, Chocolates personalizados com mensagens, os presentes mais originais que possa imaginar, como a Prenda Anivers\u00e1rio Porto Ferreros.<\/p>\n<p>Portanto,<\/p>\n<ul>\n<li>Prendas personalizadas<\/li>\n<li>Presentes Personalizados<\/li>\n<li>Prenda para beb\u00e9s<\/li>\n<li>Presentes originais e criativos<\/li>\n<\/ul>\n<p>Portanto, feitos com amor, algumas prendas de anivers\u00e1rio j\u00e1 s\u00e3o feitas para cada cliente, ideia que resulta dos detalhes da sua hist\u00f3ria. Por isso, vamos j\u00e1 conta-la como ela \u00e9, pelas suas palavras.<\/p>\n<p>O m\u00e9rito pela prenda personalizada \u00e9 seu, mas que a miss\u00e3o \u00e9 nossa. E, por isso, criamos produtos feitos ao gosto de cada cliente, cumprindo sempre com a qualidade e perfei\u00e7\u00e3o e bom gosto.<\/p>\n<p>E ainda, temos tamb\u00e9m para este dia especial mais presentes diferentes e originais para oferecer ao melhor aniversariante, uma Caixa Chocolate ao seu gosto \/ ou uma caixa com chocolates e uma bebida \/ ou outras prendas personalizadas.<\/p>\n<p>Encontre aqui a prenda de anivers\u00e1rio ideal para ofertar a quem ama, encomende j\u00e1.<\/p>\n<p><strong>Veja Tamb\u00e9m:<\/strong><a href=\"https:\/\/miminhosritacatita.com\/categoria-produto\/batizados\/\"> Artigos p\/ Batizado<\/a><\/p>\n<p><strong>Siga-nos no<a href=\"https:\/\/www.instagram.com\/miminhos.rita.catita\/\" target=\"_blank\" rel=\"noopener\"> Instagram<\/a><\/strong><\/p>\n","protected":false},"excerpt":{"rendered":"<p>Prenda Anivers\u00e1rio Porto Ferreros<\/p>\n<p>Vinho Porto Tawny com R\u00f3tulo personalizado + Saquinho Namorados com 4 Ferrero Rocher<\/p>\n<p>Indique nas &#8220;Notas&#8221;, como deseja personalizar, depois de finalizar a encomenda.<\/p>\n<p>Ofere\u00e7a um presente super original e com utilidade.<\/p>\n<p>&nbsp;<\/p>\n<p>&nbsp;<\/p>\n<p>&nbsp;<\/p>\n<p>&nbsp;<\/p>\n<p>&nbsp;<\/p>\n<p>&nbsp;<\/p>\n<p>&nbsp;<\/p>\n","protected":false},"featured_media":76833,"template":"","meta":[],"product_brand":[],"product_cat":[1135],"product_tag":[],"class_list":{"0":"post-32655","1":"product","2":"type-product","3":"status-publish","4":"has-post-thumbnail","6":"product_cat-prendas-de-aniversario","8":"first","9":"instock","10":"taxable","11":"shipping-taxable","12":"purchasable","13":"product-type-simple"},"_links":{"self":[{"href":"https:\/\/miminhosritacatita.com\/pt\/wp-json\/wp\/v2\/product\/32655","targetHints":{"allow":["GET"]}}],"collection":[{"href":"https:\/\/miminhosritacatita.com\/pt\/wp-json\/wp\/v2\/product"}],"about":[{"href":"https:\/\/miminhosritacatita.com\/pt\/wp-json\/wp\/v2\/types\/product"}],"wp:featuredmedia":[{"embeddable":true,"href":"https:\/\/miminhosritacatita.com\/pt\/wp-json\/wp\/v2\/media\/76833"}],"wp:attachment":[{"href":"https:\/\/miminhosritacatita.com\/pt\/wp-json\/wp\/v2\/media?parent=32655"}],"wp:term":[{"taxonomy":"product_brand","embeddable":true,"href":"https:\/\/miminhosritacatita.com\/pt\/wp-json\/wp\/v2\/product_brand?post=32655"},{"taxonomy":"product_cat","embeddable":true,"href":"https:\/\/miminhosritacatita.com\/pt\/wp-json\/wp\/v2\/product_cat?post=32655"},{"taxonomy":"product_tag","embeddable":true,"href":"https:\/\/miminhosritacatita.com\/pt\/wp-json\/wp\/v2\/product_tag?post=32655"}],"curies":[{"name":"wp","href":"https:\/\/api.w.org\/{rel}","templated":true}]}}