{"id":21235,"date":"2021-08-09T12:07:54","date_gmt":"2021-08-09T12:07:54","guid":{"rendered":"https:\/\/miminhosritacatita.com\/?post_type=product&#038;p=21235"},"modified":"2024-12-23T18:03:03","modified_gmt":"2024-12-23T18:03:03","slug":"argola-guardanapo-elegante-acrilico","status":"publish","type":"product","link":"https:\/\/miminhosritacatita.com\/pt\/casamento\/argolas-de-guardanapo\/argola-guardanapo-elegante-acrilico\/","title":{"rendered":"Argola Guardanapo Elegante Acr\u00edlico"},"content":{"rendered":"<h1>Argola Guardanapo Elegante Acr\u00edlico<\/h1>\n<p>Argola Guardanapo Elegante Acr\u00edlico<\/p>\n<p>Dizem que o segredo est\u00e1 nos detalhes\u2026 E portanto, n\u00f3s acreditamos! Na nossa loja as Argolas s\u00e3o dos nossos detalhes favoritos.<\/p>\n<p>As\u00a0<strong>Argolas de Guardanapos <\/strong>s\u00e3o uma das nossas fraquezas. Ainda que pr\u00e1ticas levam em si uma do\u00e7ura que alegra o Casamento. Como imagina as suas?<\/p>\n<p>Por isso, feitos com amor, as Argola Guardanapo Elegante s\u00e3o feitas para cada cliente, ideia que resulta dos detalhes da sua hist\u00f3ria. Por isso, vamos j\u00e1 conta-la como ela \u00e9, pelas suas palavras.<\/p>\n<p>Temos, na nossa loja, v\u00e1rias Argolas de Guardanapo, para v\u00e1rios pre\u00e7os e gostos, mantendo sempre a promessa de qualidade.<\/p>\n<h2>Assim, a Argola Guardanapo Elegante Acr\u00edlico<\/h2>\n<p>Assim, temos tamb\u00e9m:<\/p>\n<ul>\n<li>Placards<\/li>\n<li>Caixas de Envelopes<\/li>\n<li>Marcadores de Mesa<\/li>\n<li>Ementas e Cestas.<\/li>\n<\/ul>\n<p>Portanto, encontre aqui a resposta para todos os detalhes que far\u00e3o o seu Casamento \u00fanico. Dos quais Argolas \/ e Porta Alian\u00e7as \/ e os Livros de Honra \/ e as Lembran\u00e7as. Mas tamb\u00e9m, as Cestas de Lembran\u00e7as \/ e Photo Booth \/ e Cabides. Assim como Flutes \/ e Talheres \/ e Bal\u00f5es \/ e Sparklers \/ e Placas \u201cL\u00e1 Vem a Noiva\u201d.<\/p>\n<p>Assim, tamb\u00e9m temos os Ramos de Noiva Artificiais \/ e Ramos de Solteiras \/ e as Caixas de Envelopes. E ainda, Ofertas a Pais e Padrinhos \/ e as Argolas de Guardanapos \/ e Ementas.<\/p>\n<p><strong>Veja Tb: <a href=\"https:\/\/miminhosritacatita.com\/produto\/agenda-da-noiva\/\">Agenda da Noiva<\/a><\/strong><\/p>\n<p>Siga-nos no <a href=\"https:\/\/www.instagram.com\/miminhos.rita.catita\/\" target=\"_blank\" rel=\"noopener\">Instagram<\/a><\/p>\n","protected":false},"excerpt":{"rendered":"<p>Material da imagem: Acr\u00edlico Bronze espelhado<\/p>\n<p>Espessura do Acr\u00edlico: 3mm<\/p>\n<p>Dimens\u00e3o: 6,5&#215;7,5cm<\/p>\n<p>Um detalhe incr\u00edvel em qualquer mesa<\/p>\n<p>&nbsp;<\/p>\n<p>&nbsp;<\/p>\n<p>&nbsp;<\/p>\n","protected":false},"featured_media":29066,"template":"","meta":[],"product_brand":[],"product_cat":[787],"product_tag":[],"class_list":{"0":"post-21235","1":"product","2":"type-product","3":"status-publish","4":"has-post-thumbnail","6":"product_cat-argolas-de-guardanapo","8":"first","9":"instock","10":"taxable","11":"shipping-taxable","12":"purchasable","13":"product-type-simple"},"_links":{"self":[{"href":"https:\/\/miminhosritacatita.com\/pt\/wp-json\/wp\/v2\/product\/21235","targetHints":{"allow":["GET"]}}],"collection":[{"href":"https:\/\/miminhosritacatita.com\/pt\/wp-json\/wp\/v2\/product"}],"about":[{"href":"https:\/\/miminhosritacatita.com\/pt\/wp-json\/wp\/v2\/types\/product"}],"wp:featuredmedia":[{"embeddable":true,"href":"https:\/\/miminhosritacatita.com\/pt\/wp-json\/wp\/v2\/media\/29066"}],"wp:attachment":[{"href":"https:\/\/miminhosritacatita.com\/pt\/wp-json\/wp\/v2\/media?parent=21235"}],"wp:term":[{"taxonomy":"product_brand","embeddable":true,"href":"https:\/\/miminhosritacatita.com\/pt\/wp-json\/wp\/v2\/product_brand?post=21235"},{"taxonomy":"product_cat","embeddable":true,"href":"https:\/\/miminhosritacatita.com\/pt\/wp-json\/wp\/v2\/product_cat?post=21235"},{"taxonomy":"product_tag","embeddable":true,"href":"https:\/\/miminhosritacatita.com\/pt\/wp-json\/wp\/v2\/product_tag?post=21235"}],"curies":[{"name":"wp","href":"https:\/\/api.w.org\/{rel}","templated":true}]}}