{"id":18617,"date":"2021-04-07T14:53:57","date_gmt":"2021-04-07T14:53:57","guid":{"rendered":"https:\/\/miminhosritacatita.com\/?post_type=product&#038;p=18617"},"modified":"2025-11-20T12:53:17","modified_gmt":"2025-11-20T12:53:17","slug":"acessorios-noiva-caixa-luxo","status":"publish","type":"product","link":"https:\/\/miminhosritacatita.com\/pt\/casamento\/acessorios-para-noiva\/caixas-de-acessorios-dos-noivos\/acessorios-noiva-caixa-luxo\/","title":{"rendered":"Acess\u00f3rios Noiva Caixa Luxo"},"content":{"rendered":"<h1>Acess\u00f3rios Noiva Caixa Luxo<\/h1>\n<p>Acess\u00f3rios Noiva Caixa Luxo<\/p>\n<p>Dizem que o segredo est\u00e1 nos detalhes\u2026 E n\u00f3s acreditamos! Na nossa loja os acess\u00f3rios para a noiva e os acess\u00f3rios para os noivos s\u00e3o dos nossos detalhes favoritos.<\/p>\n<p>Dos Acess\u00f3rios aos robes da noiva\u2026 Quais ser\u00e3o os seus <strong>Acess\u00f3rios de Noiva<\/strong>? Pense!, porque \u00e9 aqui que o estilo pessoal vai brilhar!<\/p>\n<p>Feitos com amor, os acess\u00f3rios de noiva \/ 0 s\u00e3o feitos para cada cliente, assim, ideia que resulta dos detalhes da sua hist\u00f3ria. Por isso, vamos j\u00e1 conta-la como ela \u00e9, pelas suas palavras.<\/p>\n<p>Temos, na nossa loja, v\u00e1rios Acess\u00f3rio para Noiva, para v\u00e1rios pre\u00e7os e gostos, mantendo sempre a promessa de qualidade.<\/p>\n<h2>Acess\u00f3rios Noiva Caixa Luxo<\/h2>\n<p>Entendemos que o m\u00e9rito pelo <b>Casamento<\/b> \u00e9 seu, mas que a miss\u00e3o \u00e9 nossa. E, por isso, criamos acess\u00f3rios de noiva ajustados ao gosto de cada cliente, cumprindo sempre com a qualidade e perfei\u00e7\u00e3o e bom gosto.<\/p>\n<p>Assim, encontre na Loja Online a resposta para todos os pormenores que far\u00e3o a sua festa \u00fanica.<\/p>\n<p>Tamb\u00e9m alugamos carros para o transporte dos noivos. Para saber o pre\u00e7o contacte-nos e informe a data do Evento \/ a morada de recolha \/ a da Igreja \/ e a do local da boda.<\/p>\n<h3>Kit Robe, Acess\u00f3rios da Noiva, Robe da Noiva, Robe de Noiva, Robe noiva Personalizado, Robe Cetim Noiva, Kit para Noiva, Kit Noiva robe e chinelo, Chinelos Noiva, Chinelos de Noiva Personalizados, Liga da Noiva, Liga de Noiva, Liga Noiva Azul.<\/h3>\n<p>Assim, temos ainda para alugar um insufl\u00e1vel e um escorrega. Portanto, pe\u00e7a o seu or\u00e7amento dizendo em que dia ser\u00e1 o evento e se o deseja levantar em loja ou se pretende que nos desloquemos ao local do evento para a montagem \/ e desmontagem.<\/p>\n<p>Portanto, encontre aqui a resposta para todos os detalhes que far\u00e3o o seu Casamento \u00fanico. Dos quais o Acess\u00f3rios Noiva Caixa Luxo \/ Convites \/ Porta Alian\u00e7as \/ Livros de Honra \/ Lembran\u00e7as. Mas tamb\u00e9m, Cestas de Lembran\u00e7as \/ e Photo Booth \/ e Cabides. Assim como Flutes \/ e Talheres \/ e Bal\u00f5es \/ e Sparklers \/ e Placas \u201cL\u00e1 Vem a Noiva\u201d.<\/p>\n<ul>\n<li>Placards<\/li>\n<li>Caixas de Envelopes<\/li>\n<li>Marcadores de Mesa<\/li>\n<li>Ementas e Cestas.<\/li>\n<\/ul>\n<p>Por isso, tamb\u00e9m temos Ramos de Noiva Artificiais \/ e Ramos de Solteiras \/ e Caixas de Envelopes. E ainda, Ofertas a Pais e Padrinhos \/ e Argolas de Guardanapos\/ e Ementas.<\/p>\n<p><strong>Veja Tamb\u00e9m: <a href=\"https:\/\/miminhosritacatita.com\/produto\/agenda-da-noiva\/\">Agenda da Noiva<\/a><\/strong><\/p>\n<p>Siga-nos no <a href=\"https:\/\/www.instagram.com\/miminhos.rita.catita\/\" target=\"_blank\" rel=\"noopener\">Instagram<\/a><\/p>\n<p>&nbsp;<\/p>\n<p>&nbsp;<\/p>\n","protected":false},"excerpt":{"rendered":"<p>Acess\u00f3rios Noiva Caixa Luxo:<br \/>\nRobe de Renda\u00a0 c\/ estampagem 67,50\u20ac<br \/>\nChinelos c\/ estampagem 20\u20ac<br \/>\nLiga da Noiva 12,50\u20ac<br \/>\nVenda c\/ Estampagem 15\u20ac<br \/>\nGancho do Cabelo 20\u20ac<br \/>\nHidratante Corpo 17,50\u20ac<\/p>\n<p>Cor do Robe e da Caixa &#8211; P\u00e9rola<\/p>\n<p>Dimens\u00e3o: <span style=\"color: #000000;\">40x30x8cm<\/span><\/p>\n<p>Assim, para altera\u00e7\u00f5es indicar nas &#8220;Notas&#8221;.<\/p>\n<p>&nbsp;<\/p>\n","protected":false},"featured_media":30238,"template":"","meta":[],"product_brand":[],"product_cat":[1149],"product_tag":[],"class_list":{"0":"post-18617","1":"product","2":"type-product","3":"status-publish","4":"has-post-thumbnail","6":"product_cat-caixas-de-acessorios-dos-noivos","8":"first","9":"instock","10":"featured","11":"taxable","12":"shipping-taxable","13":"purchasable","14":"product-type-variable","15":"has-default-attributes"},"_links":{"self":[{"href":"https:\/\/miminhosritacatita.com\/pt\/wp-json\/wp\/v2\/product\/18617","targetHints":{"allow":["GET"]}}],"collection":[{"href":"https:\/\/miminhosritacatita.com\/pt\/wp-json\/wp\/v2\/product"}],"about":[{"href":"https:\/\/miminhosritacatita.com\/pt\/wp-json\/wp\/v2\/types\/product"}],"wp:featuredmedia":[{"embeddable":true,"href":"https:\/\/miminhosritacatita.com\/pt\/wp-json\/wp\/v2\/media\/30238"}],"wp:attachment":[{"href":"https:\/\/miminhosritacatita.com\/pt\/wp-json\/wp\/v2\/media?parent=18617"}],"wp:term":[{"taxonomy":"product_brand","embeddable":true,"href":"https:\/\/miminhosritacatita.com\/pt\/wp-json\/wp\/v2\/product_brand?post=18617"},{"taxonomy":"product_cat","embeddable":true,"href":"https:\/\/miminhosritacatita.com\/pt\/wp-json\/wp\/v2\/product_cat?post=18617"},{"taxonomy":"product_tag","embeddable":true,"href":"https:\/\/miminhosritacatita.com\/pt\/wp-json\/wp\/v2\/product_tag?post=18617"}],"curies":[{"name":"wp","href":"https:\/\/api.w.org\/{rel}","templated":true}]}}