{"id":17588,"date":"2021-03-05T16:25:22","date_gmt":"2021-03-05T16:25:22","guid":{"rendered":"https:\/\/miminhosritacatita.com\/?post_type=product&#038;p=17588"},"modified":"2025-02-10T12:38:18","modified_gmt":"2025-02-10T12:38:18","slug":"prenda-pascoa-puzzle-padrinho","status":"publish","type":"product","link":"https:\/\/miminhosritacatita.com\/pt\/presentes-personalizados\/prendas-pascoa\/prenda-pascoa-puzzle-padrinho\/","title":{"rendered":"Prenda P\u00e1scoa Puzzle Padrinho"},"content":{"rendered":"<h1>Prenda P\u00e1scoa Puzzle Padrinho<\/h1>\n<p>Prenda P\u00e1scoa Puzzle Padrinho<\/p>\n<p>Dizem que o segredo est\u00e1 nos detalhes\u2026 E n\u00f3s acreditamos! Na nossa loja os Presentes para o Dia de Ramos s\u00e3o dos nossos detalhes favoritos.<\/p>\n<p>Assim, das Argola \u00e0s Molduras\u2026 Qual ser\u00e1 o presente escolhido? Pense!, porque \u00e9 aqui que o estilo pessoal vai brilhar!<\/p>\n<h2>A Prenda P\u00e1scoa Puzzle Padrinho<\/h2>\n<p>Portanto, feitos com amor, alguns produtos j\u00e1 s\u00e3o feitos para cada cliente, ideia que resulta dos detalhes da sua hist\u00f3ria. Por isso, vamos j\u00e1 conta-la como ela \u00e9, pelas suas palavras.<\/p>\n<p>No entanto, temos, na nossa loja, v\u00e1rios Presentes, para v\u00e1rios pre\u00e7os e gostos, mantendo sempre a promessa de qualidade, como a Prenda P\u00e1scoa Puzzle.<\/p>\n<p>O m\u00e9rito pelo Presente \u00e9 seu, mas que a miss\u00e3o \u00e9 nossa. E, por isso, criamos produtos feitos ao gosto de cada cliente, cumprindo sempre com a qualidade e perfei\u00e7\u00e3o e bom gosto.<\/p>\n<p>Assim, encontre na Loja Online a resposta para todos os detalhes que far\u00e3o a sua festa \u00fanica.<\/p>\n<p>Portanto, encontre j\u00e1 e aqui a resposta para todos os detalhes que far\u00e3o este dia \u00fanico, como a Prenda P\u00e1scoa Puzzle.<\/p>\n<ul>\n<li>Dos quais, as molduras com a vossa foto e uma mensagem especial \/ o Martelo com mensagem \/ ou os Chinelos de Quarto \/ ou a Argola Guardanapo Coelho \/ ou a moldura mealheiro para os sonhos do Pap\u00e1.<\/li>\n<\/ul>\n<p>E ainda, temos tamb\u00e9m para este dia especial mais presentes diferentes e originais para oferecer ao Melhor Padrinho, uma Caixa Chocolate ao seu gosto \/ ou uma caixa com chocolates e uma bebida \/ ou os Chocolates com uma mensagem.<\/p>\n<p>Encontre aqui o prenda ideal para os melhores Padrinhos do Mundo, encomende j\u00e1.<\/p>\n<p>Veja Tamb\u00e9m: <a href=\"https:\/\/miminhosritacatita.com\/produto\/agenda-da-noiva\/\">Agenda da Noiva<\/a><\/p>\n<p><strong>Siga-nos no<\/strong> <a href=\"https:\/\/www.instagram.com\/miminhos.rita.catita\/\" target=\"_blank\" rel=\"noopener\">Instagram<\/a><\/p>\n<p>&nbsp;<\/p>\n<p>&nbsp;<\/p>\n","protected":false},"excerpt":{"rendered":"<p>Prenda P\u00e1scoa Puzzle Padrinho<\/p>\n<p>Para altera\u00e7\u00f5es indique nas &#8220;notas&#8221; depois de finalizar a encomenda, a foto pedimos depois por email.<\/p>\n<p>O Dia de Ramos est\u00e1 a chegar, encomende j\u00e1 o presente ideal para a Melhor Madrinha do Mundo!<\/p>\n","protected":false},"featured_media":28852,"template":"","meta":[],"product_brand":[],"product_cat":[1073],"product_tag":[],"class_list":{"0":"post-17588","1":"product","2":"type-product","3":"status-publish","4":"has-post-thumbnail","6":"product_cat-prendas-pascoa","8":"first","9":"instock","10":"taxable","11":"shipping-taxable","12":"purchasable","13":"product-type-simple"},"_links":{"self":[{"href":"https:\/\/miminhosritacatita.com\/pt\/wp-json\/wp\/v2\/product\/17588","targetHints":{"allow":["GET"]}}],"collection":[{"href":"https:\/\/miminhosritacatita.com\/pt\/wp-json\/wp\/v2\/product"}],"about":[{"href":"https:\/\/miminhosritacatita.com\/pt\/wp-json\/wp\/v2\/types\/product"}],"wp:featuredmedia":[{"embeddable":true,"href":"https:\/\/miminhosritacatita.com\/pt\/wp-json\/wp\/v2\/media\/28852"}],"wp:attachment":[{"href":"https:\/\/miminhosritacatita.com\/pt\/wp-json\/wp\/v2\/media?parent=17588"}],"wp:term":[{"taxonomy":"product_brand","embeddable":true,"href":"https:\/\/miminhosritacatita.com\/pt\/wp-json\/wp\/v2\/product_brand?post=17588"},{"taxonomy":"product_cat","embeddable":true,"href":"https:\/\/miminhosritacatita.com\/pt\/wp-json\/wp\/v2\/product_cat?post=17588"},{"taxonomy":"product_tag","embeddable":true,"href":"https:\/\/miminhosritacatita.com\/pt\/wp-json\/wp\/v2\/product_tag?post=17588"}],"curies":[{"name":"wp","href":"https:\/\/api.w.org\/{rel}","templated":true}]}}