{"id":15253,"date":"2020-12-05T15:40:59","date_gmt":"2020-12-05T15:40:59","guid":{"rendered":"https:\/\/miminhosritacatita.com\/?post_type=product&#038;p=15253"},"modified":"2024-12-02T16:29:06","modified_gmt":"2024-12-02T16:29:06","slug":"prenda-natal-moldura-avos","status":"publish","type":"product","link":"https:\/\/miminhosritacatita.com\/pt\/presentes-personalizados\/natal\/prendas-de-natal\/prenda-natal-moldura-avos\/","title":{"rendered":"Prenda Natal Moldura Av\u00f3s"},"content":{"rendered":"<h1>Prenda Natal Moldura Av\u00f3s<\/h1>\n<p>O Natal \u00e9 uma festa de cora\u00e7\u00e3o aberto. E aos que seguem os nossos passos, devemos uma recorda\u00e7\u00e3o especial. A pensar nisso, criamos a Prenda Natal Moldura Av\u00f3s, al\u00e9m de presentes personalizados.<\/p>\n<p>Temos\u00a0<strong>Ofertas de encontro<\/strong>\u00a0ao seu gosto, porque esta festa \u00e9 \u00fanica e as ofertas devem ser tamb\u00e9m.<\/p>\n<p>Assim sendo, quais s\u00e3o as suas\u00a0<strong>Prendas de natal e bolas de natal<\/strong>, para al\u00e9m dos momentos que, n\u00e3o se v\u00e3o esquecer?<\/p>\n<h2>A Prenda Natal Moldura Av\u00f3s<\/h2>\n<p>Portanto, o m\u00e9rito pela escolha \u00e9 seu, mas o dever \u00e9 nosso. E, por isso, fazemos Prendas de Natal e presentes personalizados, ajustados ao desejo de cada cliente.<\/p>\n<p>Portanto, encontre aqui a resposta para todos os detalhes que far\u00e3o da sua festa, a melhor.<\/p>\n<p>Bolas da natal e Prendas de natal personalizadas para adultos e crian\u00e7as. E ainda, Chocolates com mensagens e as prendas mais originais.<\/p>\n<p>Est\u00e1 \u00e9 uma \u00e9poca de amor, de reacender o fogo da vida e de renovar os sonhos\u00a0 para o ano novo que j\u00e1 se anuncia.<\/p>\n<p>Assim, \u00e9 \u00e9poca de celebrar todas as conquistas alcan\u00e7adas. Esta \u00e9 a \u00e9poca de viragem e j\u00e1 \u00e9 tempo de planear um ano ainda melhor do que este que est\u00e1 a terminar.<\/p>\n<p>Portanto,<\/p>\n<ul>\n<li>Prendas personalizadas<\/li>\n<li>Presentes Personalizados<\/li>\n<li>Prenda para beb\u00e9s<\/li>\n<li>Presentes originais e criativos<\/li>\n<\/ul>\n<p>Para al\u00e9m disso, a Prenda Natal Moldura Av\u00f3s e bolas de natal personalizadas s\u00e3o feitas c\u00e1 j\u00e1 que \u00e9 o que nos d\u00e1 total controlo sobre os prazos de produ\u00e7\u00e3o.<\/p>\n<p>Seja como for, \u00e9 tempo de olhar para a frente com \u00e2nimo, levando todas as li\u00e7\u00f5es que aprendemos. Assim, desejamos j\u00e1 boas festas. Esperamos, por mais um ano, partilhar grandes momentos!<\/p>\n<p><strong>Veja Tamb\u00e9m:\u00a0<a href=\"https:\/\/miminhosritacatita.com\/categoria-produto\/natal\/bolas-de-natal\/\">Bolas de Natal<\/a><\/strong><\/p>\n<p><strong>Visite o nosso <a href=\"https:\/\/www.instagram.com\/miminhos.rita.catita\/\" target=\"_blank\" rel=\"noopener\">Instagram<\/a><\/strong><\/p>\n","protected":false},"excerpt":{"rendered":"<p>Prenda Natal Moldura Av\u00f3s, pode ser adaptado para qualquer efeito, se desejar com foto, enviar por favor por email.<\/p>\n<p>Para altera\u00e7\u00f5es indicar nas &#8220;Notas&#8221;<\/p>\n<p>&nbsp;<\/p>\n<p>&nbsp;<\/p>\n","protected":false},"featured_media":34149,"template":"","meta":[],"product_brand":[],"product_cat":[1018,1136],"product_tag":[],"class_list":{"0":"post-15253","1":"product","2":"type-product","3":"status-publish","4":"has-post-thumbnail","6":"product_cat-natal","7":"product_cat-prendas-de-natal","9":"first","10":"instock","11":"taxable","12":"shipping-taxable","13":"purchasable","14":"product-type-simple"},"_links":{"self":[{"href":"https:\/\/miminhosritacatita.com\/pt\/wp-json\/wp\/v2\/product\/15253","targetHints":{"allow":["GET"]}}],"collection":[{"href":"https:\/\/miminhosritacatita.com\/pt\/wp-json\/wp\/v2\/product"}],"about":[{"href":"https:\/\/miminhosritacatita.com\/pt\/wp-json\/wp\/v2\/types\/product"}],"wp:featuredmedia":[{"embeddable":true,"href":"https:\/\/miminhosritacatita.com\/pt\/wp-json\/wp\/v2\/media\/34149"}],"wp:attachment":[{"href":"https:\/\/miminhosritacatita.com\/pt\/wp-json\/wp\/v2\/media?parent=15253"}],"wp:term":[{"taxonomy":"product_brand","embeddable":true,"href":"https:\/\/miminhosritacatita.com\/pt\/wp-json\/wp\/v2\/product_brand?post=15253"},{"taxonomy":"product_cat","embeddable":true,"href":"https:\/\/miminhosritacatita.com\/pt\/wp-json\/wp\/v2\/product_cat?post=15253"},{"taxonomy":"product_tag","embeddable":true,"href":"https:\/\/miminhosritacatita.com\/pt\/wp-json\/wp\/v2\/product_tag?post=15253"}],"curies":[{"name":"wp","href":"https:\/\/api.w.org\/{rel}","templated":true}]}}