{"id":13620,"date":"2020-06-08T17:21:17","date_gmt":"2020-06-08T17:21:17","guid":{"rendered":"https:\/\/miminhosritacatita.com\/?post_type=product&#038;p=13620"},"modified":"2025-02-04T12:06:16","modified_gmt":"2025-02-04T12:06:16","slug":"raspadinha-original-revelacao-gravidez","status":"publish","type":"product","link":"https:\/\/miminhosritacatita.com\/pt\/presentes-personalizados\/prendas-para-bebe\/raspadinha-original-revelacao-gravidez\/","title":{"rendered":"Raspadinha Original Revela\u00e7\u00e3o Gravidez"},"content":{"rendered":"<h1>Raspadinha Original Revela\u00e7\u00e3o Gravidez<\/h1>\n<p>Raspadinha Original Revela\u00e7\u00e3o Gravidez<\/p>\n<p>A Miminhos Rita Catita est\u00e1 sempre presente nos momentos mais importantes da sua vida e como n\u00e3o podia deixar de ser, queremos tamb\u00e9m estar presentes para uma prenda especial!<\/p>\n<p>O que mais nos apaixona nas <strong>Prendas para Nascimento <\/strong>\u00e9 a possibilidade de incorporar elementos pessoais,<\/p>\n<p>\u00fanicos e impartilh\u00e1veis, exclusivos de cada hist\u00f3ria. Qual \u00e9 a sua?<\/p>\n<p>Na Miminhos Rita Catita entendemos que o m\u00e9rito pel<b>a prenda<\/b> \u00e9 seu, mas que o compromisso \u00e9 nosso.<\/p>\n<p>E, por isso, desenvolvemos produtos personalizados e ajustados \u00e0s necessidades de cada cliente, cumprindo sempre a promessa de qualidade, excel\u00eancia e profissionalismo.<\/p>\n<h2>Raspadinha Original Revela\u00e7\u00e3o Gravidez<\/h2>\n<p>Assim, as nossas <strong>Prendas<\/strong> s\u00e3o o resultado de uma combina\u00e7\u00e3o inspirada nos detalhes, pelo que trabalhamos para manter sempre a mudan\u00e7a e a inova\u00e7\u00e3o.<\/p>\n<p>Portanto, como sugest\u00f5es temos, Vela da Vida, Banco Mealheiro, Caixa com cart\u00f5es para fotografar o beb\u00e9<\/p>\n<ul>\n<li>Caixa de Nascimento (para guardar as recorda\u00e7\u00f5es, como o cabelo, o umbigo, a pulseira da maternidade e dentes)<\/li>\n<\/ul>\n<p>Assim, a Agenda da Gr\u00e1vida (desde a gravidez at\u00e9 ao primeiro aninho), Almofadas personalizadas e Quadros de Nascimento.<\/p>\n<p>Portanto, encontre na Loja Online da Miminhos Rita Catita a tudo o que procura para uma prenda fant\u00e1stica.<\/p>\n<p><strong>Veja Tamb\u00e9m:<\/strong><a href=\"https:\/\/miminhosritacatita.com\/categoria-produto\/batizados\/\"> Artigos para Batizado<\/a><\/p>\n<p><strong>Siga-nos no<a href=\"https:\/\/www.instagram.com\/miminhos.rita.catita\/\" target=\"_blank\" rel=\"noopener\"> Instagram<\/a><\/strong><\/p>\n","protected":false},"excerpt":{"rendered":"<p>Dimens\u00e3o: 10 x 15cm<\/p>\n<p>Material: 1 cart\u00e3o em Papel 250gr com 3 bolinhas para raspar<\/p>\n<p>Para altera\u00e7\u00e3o indicar nas &#8220;Notas&#8221;, depois de finalizar a encomenda<\/p>\n<p>&nbsp;<\/p>\n","protected":false},"featured_media":25354,"template":"","meta":[],"product_brand":[],"product_cat":[1001],"product_tag":[],"class_list":{"0":"post-13620","1":"product","2":"type-product","3":"status-publish","4":"has-post-thumbnail","6":"product_cat-prendas-para-bebe","8":"first","9":"instock","10":"taxable","11":"shipping-taxable","12":"purchasable","13":"product-type-simple"},"_links":{"self":[{"href":"https:\/\/miminhosritacatita.com\/pt\/wp-json\/wp\/v2\/product\/13620","targetHints":{"allow":["GET"]}}],"collection":[{"href":"https:\/\/miminhosritacatita.com\/pt\/wp-json\/wp\/v2\/product"}],"about":[{"href":"https:\/\/miminhosritacatita.com\/pt\/wp-json\/wp\/v2\/types\/product"}],"wp:featuredmedia":[{"embeddable":true,"href":"https:\/\/miminhosritacatita.com\/pt\/wp-json\/wp\/v2\/media\/25354"}],"wp:attachment":[{"href":"https:\/\/miminhosritacatita.com\/pt\/wp-json\/wp\/v2\/media?parent=13620"}],"wp:term":[{"taxonomy":"product_brand","embeddable":true,"href":"https:\/\/miminhosritacatita.com\/pt\/wp-json\/wp\/v2\/product_brand?post=13620"},{"taxonomy":"product_cat","embeddable":true,"href":"https:\/\/miminhosritacatita.com\/pt\/wp-json\/wp\/v2\/product_cat?post=13620"},{"taxonomy":"product_tag","embeddable":true,"href":"https:\/\/miminhosritacatita.com\/pt\/wp-json\/wp\/v2\/product_tag?post=13620"}],"curies":[{"name":"wp","href":"https:\/\/api.w.org\/{rel}","templated":true}]}}