{"id":10659,"date":"2020-02-28T16:52:36","date_gmt":"2020-02-28T16:52:36","guid":{"rendered":"https:\/\/miminhosritacatita.com\/?post_type=product&#038;p=10659"},"modified":"2026-03-16T18:01:46","modified_gmt":"2026-03-16T18:01:46","slug":"prenda-bodas-ouro-gold","status":"publish","type":"product","link":"https:\/\/miminhosritacatita.com\/pt\/bodas\/bodas-de-ouro\/prendas-para-bodas-de-ouro\/prenda-bodas-ouro-gold\/","title":{"rendered":"Prenda Bodas Ouro Gold"},"content":{"rendered":"<h1>Prenda Bodas Ouro Gold<\/h1>\n<p>Prenda Bodas Ouro Gold<\/p>\n<p>As Bodas de Prata s\u00e3o uma celebra\u00e7\u00e3o muito importante e est\u00e3o prestes a chegar. E estamos convencidos de que isso \u00e9 motivo para celebrar.<\/p>\n<p>Todos temos uma hist\u00f3ria. E, n\u00f3s suspeitamos de que a<strong> Prenda Bodas Ouro Gold <\/strong>s\u00e3o um bom pretexto para (nos) contar a sua!<\/p>\n<p>Todos os detalhes contam, desde o namoro, \u00e0 data do casamento, at\u00e9 \u00e0 lista de convidados!\u00a0 Porque vamos j\u00e1 come\u00e7ar a preparar as Bodas de Ouro mais doces de sempre.<\/p>\n<p>Entendemos que o m\u00e9rito pelas Bodas de Ouro \u00e9 seu, mas que a miss\u00e3o \u00e9 nossa. E, por isso, criamos produtos \u00fanicos e adaptados ao gosto de cada cliente, cumprindo sempre com a qualidade e perfei\u00e7\u00e3o e bom gosto.<\/p>\n<p>Feitos com amor, as nossas prendas de Bodas de Ouro s\u00e3o feitas para cada cliente.<\/p>\n<h2>A nossa Prenda Bodas Ouro Gold<\/h2>\n<p>Pela altura em que casam, todos os casais j\u00e1 tem uma hist\u00f3ria. E, na Miminhos, j\u00e1 sabemos que as lembran\u00e7as s\u00e3o um bom pretexto para contar a sua!<\/p>\n<p>Feitos com amor, os brindes s\u00e3o feitos para cada cliente, ideia que resulta dos detalhes da sua hist\u00f3ria. Por isso, vamos j\u00e1 conta-la como ela \u00e9, pelas suas palavras.<\/p>\n<p>Assim, temos lembran\u00e7as de todas as formas e cores e materiais e tamb\u00e9m a todos os pre\u00e7os. Al\u00e9m disso, as nossas prendas s\u00e3o feitas c\u00e1, j\u00e1 que \u00e9 o que nos d\u00e1 o controlo sobre o prazo de produ\u00e7\u00e3o.<\/p>\n<p>Seja como for, compre j\u00e1 na Loja Online da Miminhos os produtos que far\u00e3o da sua festa, a melhor. Dos quais, Convites de Bodas Ouro, Lembran\u00e7as para Bodas de Ouro, prendas para Bodas de Ouro, Porta Alian\u00e7as e Livros de Honra.<\/p>\n<ul>\n<li>E ainda, Placards e Caixas de Envelopes e Marcadores de Mesa e Ementas e Cestas.<\/li>\n<\/ul>\n<p class=\"font_3\">Portanto, inspire-se no nosso trabalho e tenha j\u00e1 mais ideias de Bodas de Ouro, desde as mais simples, \u00e0s mais elegantes e mais formais, at\u00e9 aos mais divertidos.<\/p>\n<p class=\"font_2\">Assim, combine j\u00e1 o design do seu presente de Bodas de Ouro com o ambiente que quer apresentar aos seus convidados no dia.<\/p>\n<p class=\"font_3\">Portanto, veja j\u00e1, em baixo alguns tipos de\u00a0<strong>Prenda Bodas Ouro Gold <\/strong>criadas na loja da Miminhos.\u200b<\/p>\n<p><strong>Veja Tamb\u00e9m: <a href=\"https:\/\/miminhosritacatita.com\/categoria-produto\/bodas-de-ouro\/convites-bodas-de-ouro\/\">Convite p\/ Bodas<\/a><\/strong><\/p>\n<p><strong>Visite o nosso <a href=\"https:\/\/www.instagram.com\/miminhos.rita.catita\/\" target=\"_blank\" rel=\"noopener\">Instagram<\/a><\/strong><\/p>\n","protected":false},"excerpt":{"rendered":"<p>Prenda Bodas Ouro Espumante<\/p>\n<p>Caixa com 2 Flutes (com grava\u00e7\u00e3o a laser)<br \/>\n+ Garrafa de Champanhe com Genu\u00ednos Flocos de Ouro de 23 Kilates<\/p>\n<p>Dimens\u00e3o da Caixa: 35 x 27 x 11 cm<br \/>\nGarrafa de Champanhe 0,75L<\/p>\n","protected":false},"featured_media":43781,"template":"","meta":[],"product_brand":[],"product_cat":[849],"product_tag":[],"class_list":{"0":"post-10659","1":"product","2":"type-product","3":"status-publish","4":"has-post-thumbnail","6":"product_cat-prendas-para-bodas-de-ouro","8":"first","9":"instock","10":"taxable","11":"shipping-taxable","12":"purchasable","13":"product-type-simple"},"_links":{"self":[{"href":"https:\/\/miminhosritacatita.com\/pt\/wp-json\/wp\/v2\/product\/10659","targetHints":{"allow":["GET"]}}],"collection":[{"href":"https:\/\/miminhosritacatita.com\/pt\/wp-json\/wp\/v2\/product"}],"about":[{"href":"https:\/\/miminhosritacatita.com\/pt\/wp-json\/wp\/v2\/types\/product"}],"wp:featuredmedia":[{"embeddable":true,"href":"https:\/\/miminhosritacatita.com\/pt\/wp-json\/wp\/v2\/media\/43781"}],"wp:attachment":[{"href":"https:\/\/miminhosritacatita.com\/pt\/wp-json\/wp\/v2\/media?parent=10659"}],"wp:term":[{"taxonomy":"product_brand","embeddable":true,"href":"https:\/\/miminhosritacatita.com\/pt\/wp-json\/wp\/v2\/product_brand?post=10659"},{"taxonomy":"product_cat","embeddable":true,"href":"https:\/\/miminhosritacatita.com\/pt\/wp-json\/wp\/v2\/product_cat?post=10659"},{"taxonomy":"product_tag","embeddable":true,"href":"https:\/\/miminhosritacatita.com\/pt\/wp-json\/wp\/v2\/product_tag?post=10659"}],"curies":[{"name":"wp","href":"https:\/\/api.w.org\/{rel}","templated":true}]}}