{"id":3798,"date":"2018-01-29T12:51:44","date_gmt":"2018-01-29T12:51:44","guid":{"rendered":"https:\/\/mrc.jopemina234.com\/loja\/"},"modified":"2025-10-31T10:13:28","modified_gmt":"2025-10-31T10:13:28","slug":"convites","status":"publish","type":"page","link":"https:\/\/miminhosritacatita.com\/pt\/convites\/","title":{"rendered":"Loja"},"content":{"rendered":"<div class=\"edgtf-row-grid-section\">\n<div class=\"vc_row wpb_row vc_row-fluid vc_custom_1652883255174\">\n<div class=\"wpb_column vc_column_container vc_col-sm-12\">\n<div class=\"vc_column-inner \">\n<div class=\"wpb_wrapper\">\n<div class=\"wpb_text_column wpb_content_element vc_custom_1649864812759\">\n<div class=\"wpb_wrapper\">\n<h1 style=\"text-align: center;\">Criamos <a href=\"https:\/\/miminhosritacatita.com\/categoria-produto\/casamento\/convites-de-casamento\/\"><strong>convites de casamento<\/strong><\/a>, <a href=\"https:\/\/miminhosritacatita.com\/casamento\/lembrancas-de-casamento\/\"><strong>lembran\u00e7as<\/strong><\/a> e todo o estacion\u00e1rio dedicado ao <a href=\"https:\/\/miminhosritacatita.com\/casamento\/\"><strong>casamento<\/strong><\/a>.<\/h1>\n<p style=\"text-align: center;\">Entregamos, no entanto, a mesma dedica\u00e7\u00e3o que aos <a href=\"https:\/\/miminhosritacatita.com\/casamento\/convites-de-casamento\/\"><strong>convites de casamento<\/strong><\/a>, ao <a href=\"https:\/\/miminhosritacatita.com\/batizado\/\"><strong>Batizado<\/strong><\/a>, <a href=\"https:\/\/miminhosritacatita.com\/comunhao\/\"><strong>Comunh\u00e3o<\/strong><\/a> e <a href=\"https:\/\/miminhosritacatita.com\/bodas\/\"><strong>Bodas<\/strong><\/a>.<\/p>\n<p style=\"text-align: center;\">Em primeiro lugar, a equipa de 8 pessoas, est\u00e1 pronta a captar as vossas necessidades, e tornar realidade os vossos sonhos.<\/p>\n<p style=\"text-align: center;\">Antes de mais, atrav\u00e9s do design, e logo ap\u00f3s, da produ\u00e7\u00e3o gr\u00e1fica interna.<\/p>\n<p style=\"text-align: center;\">Atualmente, a empresa conta com 17 anos de experi\u00eancia.<\/p>\n<p style=\"text-align: center;\">Aliando criatividade e bom gosto, a um trabalho de excel\u00eancia, por outras palavras, usando material de qualidade, a par das t\u00e9cnicas certas, e ao mesmo tempo, os melhores equipamentos. Garantimos a melhor qualidade poss\u00edvel nos <strong>convites<\/strong> e de maneira id\u00eantica, nas <strong>lembran\u00e7as e<\/strong> demais estacion\u00e1rio elaborado.<\/p>\n<p style=\"text-align: center;\">Portanto, os <strong>convites<\/strong>, <strong>lembran\u00e7as<\/strong>, e restante estacion\u00e1rio v\u00e3o descrever, o seu <strong>casamento<\/strong>, <strong>batizado<\/strong>, <strong>comunh\u00e3o<\/strong> ou <strong>bodas<\/strong>, de acordo com a sua personalidade, e estilo.<\/p>\n<p style=\"text-align: center;\">Fazem ainda parte do portf\u00f3lio: A principio, a <a href=\"https:\/\/miminhosritacatita.com\/casamento\/agenda-da-noiva\/\"><strong>agenda da noiva<\/strong><\/a> ou a <a href=\"https:\/\/miminhosritacatita.com\/agendas\/agenda-da-gravida\/\"><strong>agenda da gr\u00e1vida<\/strong><\/a>. Em seguida,\u00a0 <a href=\"https:\/\/miminhosritacatita.com\/casamento\/livros-de-honra-casamento\/\"><strong>livros de honra<\/strong><\/a>, <a href=\"https:\/\/miminhosritacatita.com\/casamento\/porta-aliancas\/\"><strong>porta alian\u00e7as<\/strong><\/a>, <a href=\"https:\/\/miminhosritacatita.com\/batizado\/acessorios-de-batizado\/velas-de-batizado\/\"><strong>velas batizado<\/strong><\/a>, <a href=\"https:\/\/miminhosritacatita.com\/batizado\/acessorios-de-batizado\/conchas-de-batizado\/\"><strong>concha batizado<\/strong><\/a>, <a href=\"https:\/\/miminhosritacatita.com\/batizado\/acessorios-de-batizado\/toalhas-de-batizado\/\"><strong>toalha batismo<\/strong><\/a>, <strong>convites<\/strong> e <strong>lembran\u00e7as<\/strong> especialmente dedicados a pais e padrinhos, <a href=\"https:\/\/miminhosritacatita.com\/batizado\/marcadores-mesa-batizado\/\"><strong>marcadores de mesa<\/strong><\/a>, <a href=\"https:\/\/miminhosritacatita.com\/casamento\/topo-de-bolo-casamento\/\"><strong>topos de bolo casamento<\/strong><\/a>, etc.<\/p>\n<p style=\"text-align: center;\">Por fim: Alugamos viaturas com as quais transportamos os noivos no dia do casamento.<\/p>\n<h2 style=\"text-align: center;\">Assim, o mundo do <strong>casamento<\/strong>, <strong>batizado<\/strong> ou <strong>comunh\u00e3o<\/strong> \u00e9 muito mais do que uma simples paix\u00e3o.<\/h2>\n<p style=\"text-align: center;\">\u00c9 um momento de realiza\u00e7\u00e3o; de sonhos, bem como pessoal e profissional. Momento esse, que abrange primeiramente os profissionais da Miminhos Rita Catita, e posteriormente os clientes, sejam de <strong>casamento<\/strong>, <strong>batizado<\/strong>, <strong>bodas<\/strong>, <strong>comunh\u00e3o<\/strong>, ou outro qualquer evento, que diariamente v\u00eam produzidos os <strong>convites<\/strong>, <strong>lembran\u00e7as<\/strong> e restante estacion\u00e1rio com que sempre sonharam.<\/p>\n<p style=\"text-align: center;\">Um dever e um pacto, que se destinam, acima de tudo, a oferecer verdadeiras obras de arte que s\u00e3o os <strong>convites<\/strong> que criamos, de qualidade e 100% personalizadas. Por isso, caracter\u00edsticas estas que conferem, o servi\u00e7o de excel\u00eancia a que temos vindo a habituar os clientes.<\/p>\n<p style=\"text-align: center;\">Da mesma forma que com os convites, fazemos presentes personalizados para: Dia da M\u00e3e, Dia do Pai, P\u00e1scoa, Natal, Dia dos Namorados, Baby Shower, Crisma, Anivers\u00e1rios, Presentes Para Educadoras, entre outros.<\/p>\n<p style=\"text-align: center;\">Todavia, um presente especial ou <strong>convites<\/strong> que n\u00e3o encontre aqui, poder\u00e3o ser poss\u00edveis de fazer, basta por isso, contactar-nos. Nesse sentido, teremos muito gosto em ajudar no que for poss\u00edvel.<\/p>\n<p style=\"text-align: center;\">Em conclus\u00e3o, podem visitar a loja f\u00edsica em S. Mamede Coronado, na Trofa, onde, por conseguinte, podem ver e experienciar <strong>convites<\/strong> e artigos personalizados. Igualmente, todas as plataformas digitais dispon\u00edveis, e ainda, o <a href=\"https:\/\/miminhosritacatita.blogspot.com\/\" target=\"_blank\" rel=\"noopener\">Blogue<\/a>\u00a0da nossa marca.<\/p>\n<p style=\"text-align: center;\">Sob o mesmo ponto de vista, esperamos por si. Enfim, venha conhecer-nos pessoalmente. Ver <strong>convites<\/strong>, <strong>lembran\u00e7as<\/strong> e demais estacion\u00e1rio personalizado.\u00a0 Sobretudo, gostar\u00edamos de o receber e conhecer.<\/p>\n<\/div>\n<\/div>\n<\/div>\n<\/div>\n<\/div>\n<\/div>\n<\/div>\n","protected":false},"excerpt":{"rendered":"<p>Criamos convites de casamento, lembran\u00e7as e todo o estacion\u00e1rio dedicado ao casamento. Entregamos, no entanto, a mesma dedica\u00e7\u00e3o que aos convites de casamento, ao Batizado, Comunh\u00e3o e Bodas. Em primeiro lugar, a equipa de 8 pessoas, est\u00e1 pronta a captar as vossas necessidades, e tornar realidade os vossos sonhos. Antes de mais, atrav\u00e9s do design, &#8230; <a title=\"Loja\" class=\"read-more\" href=\"https:\/\/miminhosritacatita.com\/pt\/convites\/\" aria-label=\"Leia mais sobre Loja\">Ler mais<\/a><\/p>\n","protected":false},"author":1,"featured_media":42383,"parent":0,"menu_order":0,"comment_status":"closed","ping_status":"closed","template":"","meta":{"footnotes":""},"class_list":["post-3798","page","type-page","status-publish","has-post-thumbnail"],"_links":{"self":[{"href":"https:\/\/miminhosritacatita.com\/pt\/wp-json\/wp\/v2\/pages\/3798","targetHints":{"allow":["GET"]}}],"collection":[{"href":"https:\/\/miminhosritacatita.com\/pt\/wp-json\/wp\/v2\/pages"}],"about":[{"href":"https:\/\/miminhosritacatita.com\/pt\/wp-json\/wp\/v2\/types\/page"}],"author":[{"embeddable":true,"href":"https:\/\/miminhosritacatita.com\/pt\/wp-json\/wp\/v2\/users\/1"}],"replies":[{"embeddable":true,"href":"https:\/\/miminhosritacatita.com\/pt\/wp-json\/wp\/v2\/comments?post=3798"}],"version-history":[{"count":0,"href":"https:\/\/miminhosritacatita.com\/pt\/wp-json\/wp\/v2\/pages\/3798\/revisions"}],"wp:featuredmedia":[{"embeddable":true,"href":"https:\/\/miminhosritacatita.com\/pt\/wp-json\/wp\/v2\/media\/42383"}],"wp:attachment":[{"href":"https:\/\/miminhosritacatita.com\/pt\/wp-json\/wp\/v2\/media?parent=3798"}],"curies":[{"name":"wp","href":"https:\/\/api.w.org\/{rel}","templated":true}]}}