{"id":22958,"date":"2021-11-30T15:09:29","date_gmt":"2021-11-30T15:09:29","guid":{"rendered":"https:\/\/miminhosritacatita.com\/?page_id=22958"},"modified":"2026-04-28T17:44:08","modified_gmt":"2026-04-28T17:44:08","slug":"miminhos-rita-catita","status":"publish","type":"page","link":"https:\/\/miminhosritacatita.com\/pt\/miminhos-rita-catita\/","title":{"rendered":"A Miminhos Rita Catita"},"content":{"rendered":"\n<h2 class=\"wp-block-heading\">Descubra a Magia da Miminhos Rita Catita: Especialistas em Convites e Estacion\u00e1rio para Eventos<\/h2>\n\n\n\n<p>Acima de tudo, na Miminhos Rita Catita, desbravamos diariamente os caminhos do design e produ\u00e7\u00e3o gr\u00e1fica de convites e estacion\u00e1rio para eventos, com a miss\u00e3o clara de sermos a loja favorita dos nossos clientes. Como tal, a qualidade \u00e9 o nosso ponto forte, e trabalhamos constantemente para superar as expectativas em cada projeto.<\/p>\n\n\n\n<h3 class=\"wp-block-heading\">Quem Somos e o que Representamos:<\/h3>\n\n\n\n<p>Sobretudo, a base da nossa identidade \u00e9 moldada pelos valores que abra\u00e7amos, guiando-nos em cada passo que damos. Portanto, somos mais do que uma empresa; somos artes\u00e3os apaixonados, dedicados a criar momentos inesquec\u00edveis para os nossos clientes.<\/p>\n\n\n\n<h3 class=\"wp-block-heading\">Compromisso com os Clientes:<\/h3>\n\n\n\n<p>Contudo, os nossos clientes s\u00e3o a raz\u00e3o da nossa exist\u00eancia. Por isso, estamos comprometidos a oferecer produtos de qualidade que refletem os seus gostos individuais, complementados por um servi\u00e7o excecional. Dessa forma, estamos empenhados em tornar cada intera\u00e7\u00e3o \u00fanica e significativa.<\/p>\n\n\n\n<h3 class=\"wp-block-heading\">Acessibilidade e Comodidade:<\/h3>\n\n\n\n<p>Assim, queremos estar onde os nossos clientes est\u00e3o. Logo, seja na nossa acolhedora loja ou na conveni\u00eancia da sua casa, a Miminhos Rita Catita est\u00e1 ao seu alcance. Igualmente, com uma presen\u00e7a digital robusta, pode explorar o nosso portf\u00f3lio, inspirar-se no nosso blog e conectar-se connosco nas redes sociais.<\/p>\n\n\n\n<h3 class=\"wp-block-heading\">Aprendizagem Cont\u00ednua e Antecipa\u00e7\u00e3o \u00e0s Mudan\u00e7as:<\/h3>\n\n\n\n<p>Ent\u00e3o, o nosso percurso de 15 anos \u00e9 de constante aprendizagem. Acima de tudo, estamos sempre atentos \u00e0s evolu\u00e7\u00f5es do mercado e \u00e0s necessidades dos nossos clientes, portanto, antecipando-nos \u00e0s mudan\u00e7as para oferecer solu\u00e7\u00f5es inovadoras e personalizadas.<\/p>\n\n\n\n<h3 class=\"wp-block-heading\">Explore a Diversidade dos Nossos Trabalhos:<\/h3>\n\n\n\n<p>No entanto, convidamos a conhecer o vasto leque de trabalhos que j\u00e1 realizamos, abrangendo desde convites de casamento a presentes personalizados. Assim, cada pe\u00e7a conta uma hist\u00f3ria \u00fanica, e mal podemos esperar para contar a sua.<\/p>\n\n\n\n<h3 class=\"wp-block-heading\">Por conseguinte, visite-nos Pessoalmente ou Online:<\/h3>\n\n\n\n<p>Para finalizar, esperamos por si! Dessa forma, visite as nossas instala\u00e7\u00f5es e deixe-se envolver pela atmosfera da nossa loja. No entanto, se a dist\u00e2ncia for um obst\u00e1culo, explore os nossos trabalhos e novidades online, onde a magia da Miminhos Rita Catita est\u00e1 apenas a um clique de dist\u00e2ncia.<\/p>\n\n\n\n<p><strong>Por fim, veja os nossos Produtos<\/strong><\/p>\n\n\n\n<p><strong>Em conclus\u00e3o, siga-nos:<\/strong><br><a href=\"https:\/\/www.instagram.com\/miminhosritacatita_casamento\" target=\"_blank\" rel=\"noreferrer noopener\">Instagram de Casamento<\/a><br><a href=\"https:\/\/www.instagram.com\/miminhosritacatita_batizado\" target=\"_blank\" rel=\"noreferrer noopener\">Instagram de Batizado<\/a><\/p>\n\n\n\n<hr class=\"wp-block-separator has-alpha-channel-opacity\"\/>\n\n\n\n<h2 class=\"wp-block-heading\">Parceiros<\/h2>\n\n\n\n<div class=\"wp-block-columns is-layout-flex wp-container-core-columns-is-layout-9d6595d7 wp-block-columns-is-layout-flex\">\n<div class=\"wp-block-column is-layout-flow wp-block-column-is-layout-flow\">\n<p>Ourivesaria Bibel\u00f4<br>Amour Glamour<br>Film Art Team<br>MinimalPhoto<br>Closeup Fotografia<br>Sandra Pinto Beauty<br>A Noiva Sou Eu<br>BomLar<br>Douro Charme<br>ByMafalda<br>Rui Mota Pinto &#8211; Wedding Planner<\/p>\n<\/div>\n\n\n\n<div class=\"wp-block-column is-layout-flow wp-block-column-is-layout-flow\">\n<p>Clap &#8211; Wedding Planner<br>Paula Carvalho Eventos &#8211; Wedding Planner<br>Rute Sousa &#8211; Wedding Planner &amp; Mentor<br>Martins Handmade Jewellery<br>Set Lounge &#8211; Casar na Praia<br>DJ Peter A<br>Love Music Best Events<br>Apisantos Comercial, Lda<br>Player &#8211; Jogos e Filmes<br>Romana Pereira &#8211; Wedding Planner<br>Viva Os Noivos &#8211; Wedding Planner<\/p>\n<\/div>\n<\/div>\n\n\n\n<hr class=\"wp-block-separator has-alpha-channel-opacity is-style-default\"\/>\n\n\n\n<h2 class=\"wp-block-heading\">Pr\u00e9mios<\/h2>\n\n\n\n<figure class=\"wp-block-image size-large\"><img decoding=\"async\" src=\"https:\/\/miminhosritacatita.com\/wp-content\/uploads\/2026\/01\/Premios-loja-online-1-1024x244.png\" alt=\"\" class=\"wp-image-76059\"\/><\/figure>\n\n\n\n<hr class=\"wp-block-separator has-alpha-channel-opacity\"\/>\n\n\n\n<h2 class=\"wp-block-heading\">Redes Sociais<\/h2>\n\n\n\n<ul class=\"wp-block-social-links has-large-icon-size is-style-logos-only is-content-justification-center is-layout-flex wp-container-core-social-links-is-layout-16018d1d wp-block-social-links-is-layout-flex\"><li class=\"wp-social-link wp-social-link-instagram  wp-block-social-link\"><a rel=\"noopener nofollow\" target=\"_blank\" href=\"https:\/\/www.instagram.com\/miminhos.rita.catita\/\" class=\"wp-block-social-link-anchor\"><svg width=\"24\" height=\"24\" viewBox=\"0 0 24 24\" version=\"1.1\" xmlns=\"http:\/\/www.w3.org\/2000\/svg\" aria-hidden=\"true\" focusable=\"false\"><path d=\"M12,4.622c2.403,0,2.688,0.009,3.637,0.052c0.877,0.04,1.354,0.187,1.671,0.31c0.42,0.163,0.72,0.358,1.035,0.673 c0.315,0.315,0.51,0.615,0.673,1.035c0.123,0.317,0.27,0.794,0.31,1.671c0.043,0.949,0.052,1.234,0.052,3.637 s-0.009,2.688-0.052,3.637c-0.04,0.877-0.187,1.354-0.31,1.671c-0.163,0.42-0.358,0.72-0.673,1.035 c-0.315,0.315-0.615,0.51-1.035,0.673c-0.317,0.123-0.794,0.27-1.671,0.31c-0.949,0.043-1.233,0.052-3.637,0.052 s-2.688-0.009-3.637-0.052c-0.877-0.04-1.354-0.187-1.671-0.31c-0.42-0.163-0.72-0.358-1.035-0.673 c-0.315-0.315-0.51-0.615-0.673-1.035c-0.123-0.317-0.27-0.794-0.31-1.671C4.631,14.688,4.622,14.403,4.622,12 s0.009-2.688,0.052-3.637c0.04-0.877,0.187-1.354,0.31-1.671c0.163-0.42,0.358-0.72,0.673-1.035 c0.315-0.315,0.615-0.51,1.035-0.673c0.317-0.123,0.794-0.27,1.671-0.31C9.312,4.631,9.597,4.622,12,4.622 M12,3 C9.556,3,9.249,3.01,8.289,3.054C7.331,3.098,6.677,3.25,6.105,3.472C5.513,3.702,5.011,4.01,4.511,4.511 c-0.5,0.5-0.808,1.002-1.038,1.594C3.25,6.677,3.098,7.331,3.054,8.289C3.01,9.249,3,9.556,3,12c0,2.444,0.01,2.751,0.054,3.711 c0.044,0.958,0.196,1.612,0.418,2.185c0.23,0.592,0.538,1.094,1.038,1.594c0.5,0.5,1.002,0.808,1.594,1.038 c0.572,0.222,1.227,0.375,2.185,0.418C9.249,20.99,9.556,21,12,21s2.751-0.01,3.711-0.054c0.958-0.044,1.612-0.196,2.185-0.418 c0.592-0.23,1.094-0.538,1.594-1.038c0.5-0.5,0.808-1.002,1.038-1.594c0.222-0.572,0.375-1.227,0.418-2.185 C20.99,14.751,21,14.444,21,12s-0.01-2.751-0.054-3.711c-0.044-0.958-0.196-1.612-0.418-2.185c-0.23-0.592-0.538-1.094-1.038-1.594 c-0.5-0.5-1.002-0.808-1.594-1.038c-0.572-0.222-1.227-0.375-2.185-0.418C14.751,3.01,14.444,3,12,3L12,3z M12,7.378 c-2.552,0-4.622,2.069-4.622,4.622S9.448,16.622,12,16.622s4.622-2.069,4.622-4.622S14.552,7.378,12,7.378z M12,15 c-1.657,0-3-1.343-3-3s1.343-3,3-3s3,1.343,3,3S13.657,15,12,15z M16.804,6.116c-0.596,0-1.08,0.484-1.08,1.08 s0.484,1.08,1.08,1.08c0.596,0,1.08-0.484,1.08-1.08S17.401,6.116,16.804,6.116z\"><\/path><\/svg><span class=\"wp-block-social-link-label screen-reader-text\">Instagram<\/span><\/a><\/li>\n\n<li class=\"wp-social-link wp-social-link-pinterest  wp-block-social-link\"><a rel=\"noopener nofollow\" target=\"_blank\" href=\"https:\/\/pt.pinterest.com\/miminhosritacat\/\" class=\"wp-block-social-link-anchor\"><svg width=\"24\" height=\"24\" viewBox=\"0 0 24 24\" version=\"1.1\" xmlns=\"http:\/\/www.w3.org\/2000\/svg\" aria-hidden=\"true\" focusable=\"false\"><path d=\"M12.289,2C6.617,2,3.606,5.648,3.606,9.622c0,1.846,1.025,4.146,2.666,4.878c0.25,0.111,0.381,0.063,0.439-0.169 c0.044-0.175,0.267-1.029,0.365-1.428c0.032-0.128,0.017-0.237-0.091-0.362C6.445,11.911,6.01,10.75,6.01,9.668 c0-2.777,2.194-5.464,5.933-5.464c3.23,0,5.49,2.108,5.49,5.122c0,3.407-1.794,5.768-4.13,5.768c-1.291,0-2.257-1.021-1.948-2.277 c0.372-1.495,1.089-3.112,1.089-4.191c0-0.967-0.542-1.775-1.663-1.775c-1.319,0-2.379,1.309-2.379,3.059 c0,1.115,0.394,1.869,0.394,1.869s-1.302,5.279-1.54,6.261c-0.405,1.666,0.053,4.368,0.094,4.604 c0.021,0.126,0.167,0.169,0.25,0.063c0.129-0.165,1.699-2.419,2.142-4.051c0.158-0.59,0.817-2.995,0.817-2.995 c0.43,0.784,1.681,1.446,3.013,1.446c3.963,0,6.822-3.494,6.822-7.833C20.394,5.112,16.849,2,12.289,2\"><\/path><\/svg><span class=\"wp-block-social-link-label screen-reader-text\">Pinterest<\/span><\/a><\/li>\n\n<li class=\"wp-social-link wp-social-link-youtube  wp-block-social-link\"><a rel=\"noopener nofollow\" target=\"_blank\" href=\"https:\/\/www.youtube.com\/@Miminhos.Rita.Catita\" class=\"wp-block-social-link-anchor\"><svg width=\"24\" height=\"24\" viewBox=\"0 0 24 24\" version=\"1.1\" xmlns=\"http:\/\/www.w3.org\/2000\/svg\" aria-hidden=\"true\" focusable=\"false\"><path d=\"M21.8,8.001c0,0-0.195-1.378-0.795-1.985c-0.76-0.797-1.613-0.801-2.004-0.847c-2.799-0.202-6.997-0.202-6.997-0.202 h-0.009c0,0-4.198,0-6.997,0.202C4.608,5.216,3.756,5.22,2.995,6.016C2.395,6.623,2.2,8.001,2.2,8.001S2,9.62,2,11.238v1.517 c0,1.618,0.2,3.237,0.2,3.237s0.195,1.378,0.795,1.985c0.761,0.797,1.76,0.771,2.205,0.855c1.6,0.153,6.8,0.201,6.8,0.201 s4.203-0.006,7.001-0.209c0.391-0.047,1.243-0.051,2.004-0.847c0.6-0.607,0.795-1.985,0.795-1.985s0.2-1.618,0.2-3.237v-1.517 C22,9.62,21.8,8.001,21.8,8.001z M9.935,14.594l-0.001-5.62l5.404,2.82L9.935,14.594z\"><\/path><\/svg><span class=\"wp-block-social-link-label screen-reader-text\">YouTube<\/span><\/a><\/li>\n\n<li class=\"wp-social-link wp-social-link-facebook  wp-block-social-link\"><a rel=\"noopener nofollow\" target=\"_blank\" href=\"https:\/\/www.facebook.com\/miminhos.ritacatita\" class=\"wp-block-social-link-anchor\"><svg width=\"24\" height=\"24\" viewBox=\"0 0 24 24\" version=\"1.1\" xmlns=\"http:\/\/www.w3.org\/2000\/svg\" aria-hidden=\"true\" focusable=\"false\"><path d=\"M12 2C6.5 2 2 6.5 2 12c0 5 3.7 9.1 8.4 9.9v-7H7.9V12h2.5V9.8c0-2.5 1.5-3.9 3.8-3.9 1.1 0 2.2.2 2.2.2v2.5h-1.3c-1.2 0-1.6.8-1.6 1.6V12h2.8l-.4 2.9h-2.3v7C18.3 21.1 22 17 22 12c0-5.5-4.5-10-10-10z\"><\/path><\/svg><span class=\"wp-block-social-link-label screen-reader-text\">Facebook<\/span><\/a><\/li>\n\n<li class=\"wp-social-link wp-social-link-tiktok  wp-block-social-link\"><a rel=\"noopener nofollow\" target=\"_blank\" href=\"https:\/\/www.tiktok.com\/@miminhos.rita.catita\" class=\"wp-block-social-link-anchor\"><svg width=\"24\" height=\"24\" viewBox=\"0 0 32 32\" version=\"1.1\" xmlns=\"http:\/\/www.w3.org\/2000\/svg\" aria-hidden=\"true\" focusable=\"false\"><path d=\"M16.708 0.027c1.745-0.027 3.48-0.011 5.213-0.027 0.105 2.041 0.839 4.12 2.333 5.563 1.491 1.479 3.6 2.156 5.652 2.385v5.369c-1.923-0.063-3.855-0.463-5.6-1.291-0.76-0.344-1.468-0.787-2.161-1.24-0.009 3.896 0.016 7.787-0.025 11.667-0.104 1.864-0.719 3.719-1.803 5.255-1.744 2.557-4.771 4.224-7.88 4.276-1.907 0.109-3.812-0.411-5.437-1.369-2.693-1.588-4.588-4.495-4.864-7.615-0.032-0.667-0.043-1.333-0.016-1.984 0.24-2.537 1.495-4.964 3.443-6.615 2.208-1.923 5.301-2.839 8.197-2.297 0.027 1.975-0.052 3.948-0.052 5.923-1.323-0.428-2.869-0.308-4.025 0.495-0.844 0.547-1.485 1.385-1.819 2.333-0.276 0.676-0.197 1.427-0.181 2.145 0.317 2.188 2.421 4.027 4.667 3.828 1.489-0.016 2.916-0.88 3.692-2.145 0.251-0.443 0.532-0.896 0.547-1.417 0.131-2.385 0.079-4.76 0.095-7.145 0.011-5.375-0.016-10.735 0.025-16.093z\" \/><\/svg><span class=\"wp-block-social-link-label screen-reader-text\">TikTok<\/span><\/a><\/li>\n\n<li class=\"wp-social-link wp-social-link-linkedin  wp-block-social-link\"><a rel=\"noopener nofollow\" target=\"_blank\" href=\"https:\/\/www.linkedin.com\/in\/miminhos-rita-catita-32571223\/\" class=\"wp-block-social-link-anchor\"><svg width=\"24\" height=\"24\" viewBox=\"0 0 24 24\" version=\"1.1\" xmlns=\"http:\/\/www.w3.org\/2000\/svg\" aria-hidden=\"true\" focusable=\"false\"><path d=\"M19.7,3H4.3C3.582,3,3,3.582,3,4.3v15.4C3,20.418,3.582,21,4.3,21h15.4c0.718,0,1.3-0.582,1.3-1.3V4.3 C21,3.582,20.418,3,19.7,3z M8.339,18.338H5.667v-8.59h2.672V18.338z M7.004,8.574c-0.857,0-1.549-0.694-1.549-1.548 c0-0.855,0.691-1.548,1.549-1.548c0.854,0,1.547,0.694,1.547,1.548C8.551,7.881,7.858,8.574,7.004,8.574z M18.339,18.338h-2.669 v-4.177c0-0.996-0.017-2.278-1.387-2.278c-1.389,0-1.601,1.086-1.601,2.206v4.249h-2.667v-8.59h2.559v1.174h0.037 c0.356-0.675,1.227-1.387,2.526-1.387c2.703,0,3.203,1.779,3.203,4.092V18.338z\"><\/path><\/svg><span class=\"wp-block-social-link-label screen-reader-text\">LinkedIn<\/span><\/a><\/li>\n\n<li class=\"wp-social-link wp-social-link-x  wp-block-social-link\"><a rel=\"noopener nofollow\" target=\"_blank\" href=\"https:\/\/x.com\/mritacatita\" class=\"wp-block-social-link-anchor\"><svg width=\"24\" height=\"24\" viewBox=\"0 0 24 24\" version=\"1.1\" xmlns=\"http:\/\/www.w3.org\/2000\/svg\" aria-hidden=\"true\" focusable=\"false\"><path d=\"M13.982 10.622 20.54 3h-1.554l-5.693 6.618L8.745 3H3.5l6.876 10.007L3.5 21h1.554l6.012-6.989L15.868 21h5.245l-7.131-10.378Zm-2.128 2.474-.697-.997-5.543-7.93H8l4.474 6.4.697.996 5.815 8.318h-2.387l-4.745-6.787Z\" \/><\/svg><span class=\"wp-block-social-link-label screen-reader-text\">X<\/span><\/a><\/li><\/ul>\n","protected":false},"excerpt":{"rendered":"<p>Descubra a Magia da Miminhos Rita Catita: Especialistas em Convites e Estacion\u00e1rio para Eventos Acima de tudo, na Miminhos Rita Catita, desbravamos diariamente os caminhos do design e produ\u00e7\u00e3o gr\u00e1fica de convites e estacion\u00e1rio para eventos, com a miss\u00e3o clara de sermos a loja favorita dos nossos clientes. Como tal, a qualidade \u00e9 o nosso &#8230; <a title=\"A Miminhos Rita Catita\" class=\"read-more\" href=\"https:\/\/miminhosritacatita.com\/pt\/miminhos-rita-catita\/\" aria-label=\"Leia mais sobre A Miminhos Rita Catita\">Ler mais<\/a><\/p>\n","protected":false},"author":1,"featured_media":76053,"parent":0,"menu_order":0,"comment_status":"closed","ping_status":"closed","template":"","meta":{"footnotes":""},"class_list":["post-22958","page","type-page","status-publish","has-post-thumbnail"],"_links":{"self":[{"href":"https:\/\/miminhosritacatita.com\/pt\/wp-json\/wp\/v2\/pages\/22958","targetHints":{"allow":["GET"]}}],"collection":[{"href":"https:\/\/miminhosritacatita.com\/pt\/wp-json\/wp\/v2\/pages"}],"about":[{"href":"https:\/\/miminhosritacatita.com\/pt\/wp-json\/wp\/v2\/types\/page"}],"author":[{"embeddable":true,"href":"https:\/\/miminhosritacatita.com\/pt\/wp-json\/wp\/v2\/users\/1"}],"replies":[{"embeddable":true,"href":"https:\/\/miminhosritacatita.com\/pt\/wp-json\/wp\/v2\/comments?post=22958"}],"version-history":[{"count":1,"href":"https:\/\/miminhosritacatita.com\/pt\/wp-json\/wp\/v2\/pages\/22958\/revisions"}],"predecessor-version":[{"id":78621,"href":"https:\/\/miminhosritacatita.com\/pt\/wp-json\/wp\/v2\/pages\/22958\/revisions\/78621"}],"wp:featuredmedia":[{"embeddable":true,"href":"https:\/\/miminhosritacatita.com\/pt\/wp-json\/wp\/v2\/media\/76053"}],"wp:attachment":[{"href":"https:\/\/miminhosritacatita.com\/pt\/wp-json\/wp\/v2\/media?parent=22958"}],"curies":[{"name":"wp","href":"https:\/\/api.w.org\/{rel}","templated":true}]}}