{"id":9759,"date":"2019-12-05T11:17:40","date_gmt":"2019-12-05T11:17:40","guid":{"rendered":"https:\/\/miminhosritacatita.com\/?post_type=product&#038;p=9759"},"modified":"2026-03-12T17:15:01","modified_gmt":"2026-03-12T17:15:01","slug":"caixa-envelopes-quadrada-original","status":"publish","type":"product","link":"https:\/\/miminhosritacatita.com\/it\/batizado\/caixas-para-envelopes-de-batizado\/caixa-envelopes-quadrada-original\/","title":{"rendered":"Caixa Envelopes Quadrada Original"},"content":{"rendered":"<h1>Caixa Envelopes Quadrada Original<\/h1>\n<p>Caixa Envelopes Quadrada Original<\/p>\n<p><b>O Batismo \u00e9<\/b> das mais importantes fases do crescimento do seu filho e est\u00e1 prestes a chegar. E estamos convencidos de que isso \u00e9 motivo para celebrar.<\/p>\n<p>Todos os detalhes contam, desde o nome do seu filho, \u00e0 data do nascimento, at\u00e9 \u00e0 lista de convidados!\u00a0 Porque vamos j\u00e1 come\u00e7ar a preparar o <b>Batismo<\/b> mais doce de sempre.<\/p>\n<p>Riteniamo che il merito per <b>Batismo<\/b> \u00e9 seu, mas que a miss\u00e3o \u00e9 nossa. E, por isso, criamos uma Caixa Envelopes Quadrada Original, \u00fanicas e adaptadas ao gosto de cada cliente, cumprindo sempre com a qualidade e perfei\u00e7\u00e3o e bom gosto.<\/p>\n<p>Feitas com amor, a nossa<strong>\u00a0<\/strong>Caixa Envelopes s\u00e3o feitas para cada cliente. Pois na altura em que nascem, todos os beb\u00e9s j\u00e1 tem a sua hist\u00f3ria.<\/p>\n<h2>Caixa Envelopes Quadrada Original<\/h2>\n<p>E, na Miminhos, j\u00e1 sabemos que as Caixas s\u00e3o um bom pretexto para contar a sua!<\/p>\n<p>Feitas com amor, as Caixas s\u00e3o feitas para cada cliente, ideia que resulta dos detalhes da sua hist\u00f3ria. Por isso, vamos j\u00e1 conta-la como ela \u00e9, pelas suas palavras.<\/p>\n<p>Temos caixas de todas as formas e cores e materiais e tamb\u00e9m a todos os pre\u00e7os. Al\u00e9m disso, as nossas Caixa Envelopes s\u00e3o feitas c\u00e1, j\u00e1 que \u00e9 o que nos d\u00e1 o controlo sobre o prazo de produ\u00e7\u00e3o.<\/p>\n<p>Compre j\u00e1 na Loja Online da Miminhos os produtos que far\u00e3o da sua festa<strong>, a melhor. Dos quais, Convites e Lembran\u00e7as e Conjuntos e Livros de Honra.<\/strong><\/p>\n<ul>\n<li>\n<h3><strong> E ainda, Placards e Caixas de Envelopes e Marcadores de Mesa e Ementas e Cestas. <\/strong><\/h3>\n<\/li>\n<\/ul>\n<p><strong>Mas ainda, Baby Shower e Vestidos e Fatos e Topos de Bolo. <\/strong><strong>Para al\u00e9m disso, temos tamb\u00e9m um in<\/strong>sufl\u00e1vel e um escorrega para alugar, para si.<\/p>\n<p class=\"font_3\">Inspire-se no nosso trabalho e tenha j\u00e1 mais ideias de <strong>batismo<\/strong>, desde as mais simples, \u00e0s mais elegantes e mais formais, at\u00e9 aos mais divertidos.<\/p>\n<p class=\"font_2\">Assim, combine j\u00e1 o design da sua Caixa com o ambiente que quer apresentar aos seus convidados no dia.<\/p>\n<p class=\"font_3\">Portanto, veja j\u00e1, em baixo alguns tipos de <strong>caixas<\/strong> criadas na loja da Miminhos.\u200b<\/p>\n<p><strong>Veja tb: <a href=\"https:\/\/miminhosritacatita.com\/it\/product-category\/batizados\/\">Artigos p Batismo<\/a><\/strong><\/p>\n<p><strong>Visite o nosso <a href=\"https:\/\/www.instagram.com\/miminhos.rita.catita\/\" target=\"_blank\" rel=\"noopener\">Instagram<\/a><\/strong><\/p>","protected":false},"excerpt":{"rendered":"<p>Caixa Envelopes Quadrada Original, personalizada e impressa ao seu gosto, entre em contacto connosco<\/p>\n<p>Dimens\u00e3o: 23x23cm x 15cm de altura<\/p>\n<p>Para mais altera\u00e7\u00f5es, indicar nas &#8220;notas&#8221;.<\/p>","protected":false},"featured_media":22384,"template":"","meta":[],"product_brand":[],"product_cat":[858,1033],"product_tag":[],"class_list":{"0":"post-9759","1":"product","2":"type-product","3":"status-publish","4":"has-post-thumbnail","6":"product_cat-batizado","7":"product_cat-caixas-para-envelopes-de-batizado","9":"first","10":"instock","11":"taxable","12":"shipping-taxable","13":"purchasable","14":"product-type-simple"},"_links":{"self":[{"href":"https:\/\/miminhosritacatita.com\/it\/wp-json\/wp\/v2\/product\/9759","targetHints":{"allow":["GET"]}}],"collection":[{"href":"https:\/\/miminhosritacatita.com\/it\/wp-json\/wp\/v2\/product"}],"about":[{"href":"https:\/\/miminhosritacatita.com\/it\/wp-json\/wp\/v2\/types\/product"}],"wp:featuredmedia":[{"embeddable":true,"href":"https:\/\/miminhosritacatita.com\/it\/wp-json\/wp\/v2\/media\/22384"}],"wp:attachment":[{"href":"https:\/\/miminhosritacatita.com\/it\/wp-json\/wp\/v2\/media?parent=9759"}],"wp:term":[{"taxonomy":"product_brand","embeddable":true,"href":"https:\/\/miminhosritacatita.com\/it\/wp-json\/wp\/v2\/product_brand?post=9759"},{"taxonomy":"product_cat","embeddable":true,"href":"https:\/\/miminhosritacatita.com\/it\/wp-json\/wp\/v2\/product_cat?post=9759"},{"taxonomy":"product_tag","embeddable":true,"href":"https:\/\/miminhosritacatita.com\/it\/wp-json\/wp\/v2\/product_tag?post=9759"}],"curies":[{"name":"wp","href":"https:\/\/api.w.org\/{rel}","templated":true}]}}