{"id":7213,"date":"2019-03-21T15:55:37","date_gmt":"2019-03-21T15:55:37","guid":{"rendered":"https:\/\/miminhosritacatita.com\/?post_type=product&#038;p=7213"},"modified":"2025-09-29T10:51:06","modified_gmt":"2025-09-29T10:51:06","slug":"livro-antigo-bodas-prata-11x17","status":"publish","type":"product","link":"https:\/\/miminhosritacatita.com\/it\/bodas\/bodas-de-prata\/prendas-para-bodas-de-prata\/livro-antigo-bodas-prata-11x17\/","title":{"rendered":"Livro Antigo Bodas Prata-11&#215;17"},"content":{"rendered":"<h1>Livro Antigo Bodas Prata-11&#215;17<\/h1>\n<p>Livro Antigo Bodas Prata-11&#215;17<\/p>\n<p>Estamos sempre presentes nos momentos mais importantes da sua vida com Livro Antigo Bodas Prata para os momentos especiais!<\/p>\n<p>O que mais gostamos nas <strong>Prendas <\/strong>\u00e9 de as ligar a elementos pessoais \/ \u00fanicos de cada hist\u00f3ria. Qual \u00e9 a sua?<\/p>\n<p>Sabemos que o m\u00e9rito pela Prenda \u00e9 seu, mas que a miss\u00e3o \u00e9 nossa. E, por isso, j\u00e1 criamos prendas \u00fanicas e ao seu gosto, cumprindo sempre com a qualidade e perfei\u00e7\u00e3o e bom gosto.<\/p>\n<h2>O Livro Antigo Bodas Prata-11&#215;17<\/h2>\n<p>As nossas <strong>Prendas<\/strong> j\u00e1 s\u00e3o o resultado de uma combina\u00e7\u00e3o, pelo que trabalhamos para manter a mudan\u00e7a.<\/p>\n<p>Fazemos <strong>Prendas para Bodas,<\/strong> de acordo com o seu gosto. Para al\u00e9m disso, algumas das nossas <strong>Prendas<\/strong> s\u00e3o produzidas c\u00e1, o que nos d\u00e1 controlo sobre o prazo de produ\u00e7\u00e3o.<\/p>\n<h4>Tem uma prenda para oferecer e n\u00e3o sabe o que escolher? Pois bem, aqui j\u00e1 temos a sua prenda ideal: Livro Antigo Bodas Prata-11&#215;17<\/h4>\n<p>Uma vez que as nossas prendas s\u00e3o feitas c\u00e1, saiba que al\u00e9m do que temos online, pode tamb\u00e9m dizer-nos qual a sua ideia, e n\u00f3s fazemos. Nestes artigos podemos criar a seu gosto, no entanto contacte-nos primeiro a confirmar se \u00e9 poss\u00edvel o seu pedido.<\/p>\n<p>Assim, como sugest\u00f5es temos:<\/p>\n<ul>\n<li>Flutes<\/li>\n<li>Jarras<\/li>\n<li>Solit\u00e1rios<\/li>\n<li>Molduras<\/li>\n<li>Livros Antigos<\/li>\n<li>Caixas personalizadas com o que desejar colocar dentro<\/li>\n<\/ul>\n<p>Encontre na Loja Online tudo o que procura para que a sua prenda seja mais \u00fanica.<\/p>\n<p>Inspire-se no nosso trabalho e tenha j\u00e1 mais ideias de <strong>ofertas<\/strong>, desde as mais simples, \u00e0s mais elegantes e mais formais, at\u00e9 aos mais divertidos.<\/p>\n<p>Portanto, veja j\u00e1, em baixo alguns tipos de <strong>Prendas<\/strong> criadas na loja da Miminhos.\u200b<\/p>\n<p>Encontre j\u00e1 na nossa loja a resposta para todos os detalhes que far\u00e3o a sua festa \u00fanica. Dos quais, Livro Antigo Bodas Prata-11&#215;17 \/ <strong>Convites \/<\/strong> Livros de Honra \/ e Topos de Bolo \/ e Lembran\u00e7as \/ e Porta-Alian\u00e7as. E ainda, placards \/ e marcadores de mesa \/ e Prendas para Noivos.<\/p>\n<p>Tamb\u00e9m temos Carros para alugar, para o transporte do casal. Para saber or\u00e7amento contacte-nos indicando a data do Evento, a morada de recolha, Igreja e Quinta.<\/p>\n<p><strong>Vedi anche: <a href=\"https:\/\/miminhosritacatita.com\/it\/product-category\/bodas-de-prata\/convites-bodas-de-prata\/\">Convite p\/ Bodas<\/a><\/strong><\/p>\n<p><strong>Visite o nosso <a href=\"https:\/\/www.instagram.com\/miminhos.rita.catita\/\" target=\"_blank\" rel=\"noopener\">Instagram<\/a><\/strong><\/p>\n<p>&nbsp;<\/p>","protected":false},"excerpt":{"rendered":"<p>Livro Antigo Bodas Prata-11&#215;17<\/p>\n<p>Material Cart\u00e3o e Madeira<\/p>\n<p>Uma excelente ideia para tornar o seu dia ainda mais memor\u00e1vel e \u00fanico!<\/p>\n<p>&nbsp;<\/p>","protected":false},"featured_media":41839,"template":"","meta":[],"product_brand":[],"product_cat":[843],"product_tag":[],"class_list":{"0":"post-7213","1":"product","2":"type-product","3":"status-publish","4":"has-post-thumbnail","6":"product_cat-prendas-para-bodas-de-prata","8":"first","9":"instock","10":"taxable","11":"shipping-taxable","12":"purchasable","13":"product-type-simple"},"_links":{"self":[{"href":"https:\/\/miminhosritacatita.com\/it\/wp-json\/wp\/v2\/product\/7213","targetHints":{"allow":["GET"]}}],"collection":[{"href":"https:\/\/miminhosritacatita.com\/it\/wp-json\/wp\/v2\/product"}],"about":[{"href":"https:\/\/miminhosritacatita.com\/it\/wp-json\/wp\/v2\/types\/product"}],"wp:featuredmedia":[{"embeddable":true,"href":"https:\/\/miminhosritacatita.com\/it\/wp-json\/wp\/v2\/media\/41839"}],"wp:attachment":[{"href":"https:\/\/miminhosritacatita.com\/it\/wp-json\/wp\/v2\/media?parent=7213"}],"wp:term":[{"taxonomy":"product_brand","embeddable":true,"href":"https:\/\/miminhosritacatita.com\/it\/wp-json\/wp\/v2\/product_brand?post=7213"},{"taxonomy":"product_cat","embeddable":true,"href":"https:\/\/miminhosritacatita.com\/it\/wp-json\/wp\/v2\/product_cat?post=7213"},{"taxonomy":"product_tag","embeddable":true,"href":"https:\/\/miminhosritacatita.com\/it\/wp-json\/wp\/v2\/product_tag?post=7213"}],"curies":[{"name":"wp","href":"https:\/\/api.w.org\/{rel}","templated":true}]}}