{"id":7133,"date":"2019-03-20T15:39:29","date_gmt":"2019-03-20T15:39:29","guid":{"rendered":"https:\/\/miminhosritacatita.com\/?post_type=product&#038;p=7133"},"modified":"2026-03-12T17:54:31","modified_gmt":"2026-03-12T17:54:31","slug":"lembranca-caixa-dezena-licor","status":"publish","type":"product","link":"https:\/\/miminhosritacatita.com\/it\/batizado\/lembrancas-para-padrinhos-de-batizado\/lembranca-caixa-dezena-licor\/","title":{"rendered":"Lembran\u00e7a Caixa Dezena Licor"},"content":{"rendered":"<h1>Lembran\u00e7a Caixa Dezena Licor<\/h1>\n<p>Lembran\u00e7a Caixa Dezena Licor<\/p>\n<p><b>O Batismo \u00e9<\/b> das mais importantes fases do crescimento do seu filho e est\u00e1 prestes a chegar. E estamos convencidos de que isso \u00e9 motivo para celebrar.<\/p>\n<p>Todos os detalhes contam, desde o nome do seu filho, \u00e0 data do nascimento, at\u00e9 \u00e0 lista de convidados!\u00a0 Porque vamos j\u00e1 come\u00e7ar a preparar o <b>Batismo<\/b> mais doce de sempre.<\/p>\n<p>Entendemos que o m\u00e9rito pelo <b>Batismo<\/b> \u00e9 seu, mas que a miss\u00e3o \u00e9 nossa. E, por isso, criamos uma Lembran\u00e7a \u00fanica e adaptada ao gosto de cada cliente, cumprindo sempre com a qualidade e perfei\u00e7\u00e3o e bom gosto.<\/p>\n<p>Feitas com amor, as nossas<strong> Lembran\u00e7as<\/strong> s\u00e3o feitos para cada cliente. Pois na altura em que nascem, todos os beb\u00e9s j\u00e1 tem a sua hist\u00f3ria.<\/p>\n<h2>Lembran\u00e7a Caixa Dezena Licor<\/h2>\n<p>E, na Miminhos, j\u00e1 sabemos que as Lembran\u00e7as s\u00e3o um bom pretexto para contar a sua!<\/p>\n<p>Feitos com amor, os brindes s\u00e3o feitos para cada cliente, ideia que resulta dos detalhes da sua hist\u00f3ria. Por isso, vamos j\u00e1 conta-la como ela \u00e9, pelas suas palavras.<\/p>\n<p>Temos brindes de todas as formas e cores e materiais e tamb\u00e9m a todos os pre\u00e7os. Al\u00e9m disso, a nossa Lembran\u00e7a Caixa Dezena Licor \u00e9 feito c\u00e1, j\u00e1 que \u00e9 o que nos d\u00e1 o controlo sobre o prazo de produ\u00e7\u00e3o.<\/p>\n<p>Compre j\u00e1 na Loja Online da Miminhos os produtos que far\u00e3o da sua festa<strong>, a melhor. Dos quais, Convites e Lembran\u00e7as e Conjuntos e Livros de Honra.<\/strong><\/p>\n<ul>\n<li><strong> E ainda, Placards e Caixas de Envelopes e Marcadores de Mesa e Ementas e Cestas. <\/strong><\/li>\n<\/ul>\n<p><strong>Mas ainda, Baby Shower e Vestidos e Fatos e Topos de Bolo e outras lembran\u00e7as. <\/strong><strong>Para al\u00e9m disso, <\/strong>temos tamb\u00e9m um insufl\u00e1vel e um escorrega para alugar, para si.<\/p>\n<p class=\"font_3\">Inspire-se no nosso trabalho e tenha j\u00e1 mais ideias de <strong>batismo<\/strong>, desde as mais simples, \u00e0s mais elegantes e mais formais, at\u00e9 aos mais divertidos.<\/p>\n<p class=\"font_2\">Assim, combine j\u00e1 o design da sua Lembran\u00e7a Caixa que quer apresentar aos seus convidados no dia.<\/p>\n<p class=\"font_3\">Portanto, veja j\u00e1, em baixo alguns tipos de <strong>lembran\u00e7as<\/strong> criadas na loja da Miminhos.\u200b<\/p>\n<p><strong>Veja tb: <a href=\"https:\/\/miminhosritacatita.com\/it\/product-category\/batizados\/\">Artigos p Batismo<\/a><\/strong><\/p>\n<p><strong>Siga-nos no <a href=\"https:\/\/www.instagram.com\/miminhos.rita.catita\/\" target=\"_blank\" rel=\"noopener\">Instagram<\/a><\/strong><\/p>\n<p>&nbsp;<\/p>","protected":false},"excerpt":{"rendered":"<p>Lembran\u00e7a Caixa Dezena Licor, caixa com grava\u00e7\u00e3o na tampa.<\/p>\n<p>Dimens\u00e3o da caixa: 13x13cm<\/p>\n<p>Cor da Caixa da Imagem: Branca<\/p>\n<p>Cor da Fita da Imagem: Rosa Beb\u00e9<\/p>","protected":false},"featured_media":43613,"template":"","meta":[],"product_brand":[],"product_cat":[858,966],"product_tag":[],"class_list":{"0":"post-7133","1":"product","2":"type-product","3":"status-publish","4":"has-post-thumbnail","6":"product_cat-batizado","7":"product_cat-lembrancas-para-padrinhos-de-batizado","9":"first","10":"instock","11":"taxable","12":"shipping-taxable","13":"purchasable","14":"product-type-simple"},"_links":{"self":[{"href":"https:\/\/miminhosritacatita.com\/it\/wp-json\/wp\/v2\/product\/7133","targetHints":{"allow":["GET"]}}],"collection":[{"href":"https:\/\/miminhosritacatita.com\/it\/wp-json\/wp\/v2\/product"}],"about":[{"href":"https:\/\/miminhosritacatita.com\/it\/wp-json\/wp\/v2\/types\/product"}],"wp:featuredmedia":[{"embeddable":true,"href":"https:\/\/miminhosritacatita.com\/it\/wp-json\/wp\/v2\/media\/43613"}],"wp:attachment":[{"href":"https:\/\/miminhosritacatita.com\/it\/wp-json\/wp\/v2\/media?parent=7133"}],"wp:term":[{"taxonomy":"product_brand","embeddable":true,"href":"https:\/\/miminhosritacatita.com\/it\/wp-json\/wp\/v2\/product_brand?post=7133"},{"taxonomy":"product_cat","embeddable":true,"href":"https:\/\/miminhosritacatita.com\/it\/wp-json\/wp\/v2\/product_cat?post=7133"},{"taxonomy":"product_tag","embeddable":true,"href":"https:\/\/miminhosritacatita.com\/it\/wp-json\/wp\/v2\/product_tag?post=7133"}],"curies":[{"name":"wp","href":"https:\/\/api.w.org\/{rel}","templated":true}]}}