{"id":6621,"date":"2019-03-08T17:51:50","date_gmt":"2019-03-08T17:51:50","guid":{"rendered":"https:\/\/miminhosritacatita.com\/?post_type=product&#038;p=6621"},"modified":"2025-10-09T11:58:52","modified_gmt":"2025-10-09T11:58:52","slug":"convite-batizado-pomba-elegante","status":"publish","type":"product","link":"https:\/\/miminhosritacatita.com\/it\/batizado\/convites-de-batizado\/convite-batizado-pomba-elegante\/","title":{"rendered":"Convite Batizado Pomba Elegante"},"content":{"rendered":"<h1>Convite Batizado Pomba Elegante<\/h1>\n<p>Convite Batizado Pomba Elegante<\/p>\n<p><b>O Batismo \u00e9<\/b> das mais importantes fases do crescimento do seu filho e est\u00e1 prestes a chegar. E estamos convencidos de que isso \u00e9 motivo para celebrar.<\/p>\n<p>Todos os detalhes contam, desde o nome do seu filho, \u00e0 data do nascimento, at\u00e9 \u00e0 lista de convidados! Porque vamos j\u00e1 come\u00e7ar a preparar o <b>Battesimo<\/b> mais doce de sempre.<\/p>\n<p>Assim, entendemos que o m\u00e9rito pelo <b>Batismo<\/b> \u00e9 seu, mas que a miss\u00e3o \u00e9 nossa. E, por isso, criamos um convite de batizado \u00fanico e adaptado ao gosto de cada cliente, cumprindo sempre com a qualidade e perfei\u00e7\u00e3o e bom gosto.<\/p>\n<p>Portanto, feitos com amor, os nossos<strong> Inviti al battesimo<\/strong> s\u00e3o feitos para cada cliente. Pois na altura em que nascem, todos os beb\u00e9s j\u00e1 tem a sua hist\u00f3ria.<\/p>\n<h2>O nosso Convite Batizado Pomba Elegante<\/h2>\n<p>E, na Miminhos, j\u00e1 sabemos que os Convites de Batizado s\u00e3o um bom pretexto para contar a sua!<\/p>\n<p>Feitos com amor, os Convites de Batizado s\u00e3o feitos para cada cliente, ideia que resulta dos detalhes da sua hist\u00f3ria. Por isso, vamos j\u00e1 conta-la como ela \u00e9, pelas suas palavras.<\/p>\n<p>Temos convites de batizado de todas as formas e cores e materiais e tamb\u00e9m a todos os pre\u00e7os. Al\u00e9m disso, o nosso Convite Batizado Pomba Elegante, \u00e9 feito c\u00e1, j\u00e1 que \u00e9 o que nos d\u00e1 o controlo sobre o prazo de produ\u00e7\u00e3o.<\/p>\n<p>Compre j\u00e1 na Loja Online da Miminhos os produtos que far\u00e3o da sua festa, a melhor. Dos quais, Convite de batizado, Lembran\u00e7as de batizado, Conjuntos e Livros de Honra.<\/p>\n<p>E ainda,<\/p>\n<ul>\n<li>Cartelli<\/li>\n<li>Caixas de Envelopes<\/li>\n<li>Marcatori da tavolo<\/li>\n<li>Ementas e Cestas.<\/li>\n<\/ul>\n<p>Mas ainda, Baby Shower e Vestidos e Fatos e Topos de Bolo. Para al\u00e9m disso, temos tamb\u00e9m um insufl\u00e1vel e um escorrega para alugar, para si.<\/p>\n<p class=\"font_3\">Portanto, inspire-se no nosso trabalho e tenha j\u00e1 mais ideias de <strong>convites de<\/strong> <strong>batismo<\/strong>, desde as mais simples, \u00e0s mais elegantes e mais formais, at\u00e9 aos mais divertidos.<\/p>\n<p class=\"font_2\">Assim, combine j\u00e1 o design do seu Convite Batizado com o ambiente que quer apresentar aos seus convidados no dia.<\/p>\n<p class=\"font_3\">Portanto, veja j\u00e1, em baixo alguns tipos de <strong>convites de batismo <\/strong>criados na loja da Miminhos.\u200b<\/p>\n<p><strong>Veja tb: <a href=\"https:\/\/miminhosritacatita.com\/it\/product-category\/batizados\/\">Artigos p Batismo<\/a><\/strong><\/p>\n<p><strong>Seguiteci su <a href=\"https:\/\/www.instagram.com\/miminhos.rita.catita\/\" target=\"_blank\" rel=\"noopener\">Instagram<\/a><\/strong><\/p>","protected":false},"excerpt":{"rendered":"<p>Convite Batizado Pomba Elegante<\/p>\n<p>SE desejar mudar as cores, por favor indique nas notas, depois de finalizar a encomenda.<\/p>\n<p>Dimens\u00e3o: 14 x 14cm<\/p>","protected":false},"featured_media":27370,"template":"","meta":[],"product_brand":[],"product_cat":[858,859],"product_tag":[],"class_list":{"0":"post-6621","1":"product","2":"type-product","3":"status-publish","4":"has-post-thumbnail","6":"product_cat-batizado","7":"product_cat-convites-de-batizado","9":"first","10":"instock","11":"taxable","12":"shipping-taxable","13":"purchasable","14":"product-type-simple"},"_links":{"self":[{"href":"https:\/\/miminhosritacatita.com\/it\/wp-json\/wp\/v2\/product\/6621","targetHints":{"allow":["GET"]}}],"collection":[{"href":"https:\/\/miminhosritacatita.com\/it\/wp-json\/wp\/v2\/product"}],"about":[{"href":"https:\/\/miminhosritacatita.com\/it\/wp-json\/wp\/v2\/types\/product"}],"wp:featuredmedia":[{"embeddable":true,"href":"https:\/\/miminhosritacatita.com\/it\/wp-json\/wp\/v2\/media\/27370"}],"wp:attachment":[{"href":"https:\/\/miminhosritacatita.com\/it\/wp-json\/wp\/v2\/media?parent=6621"}],"wp:term":[{"taxonomy":"product_brand","embeddable":true,"href":"https:\/\/miminhosritacatita.com\/it\/wp-json\/wp\/v2\/product_brand?post=6621"},{"taxonomy":"product_cat","embeddable":true,"href":"https:\/\/miminhosritacatita.com\/it\/wp-json\/wp\/v2\/product_cat?post=6621"},{"taxonomy":"product_tag","embeddable":true,"href":"https:\/\/miminhosritacatita.com\/it\/wp-json\/wp\/v2\/product_tag?post=6621"}],"curies":[{"name":"wp","href":"https:\/\/api.w.org\/{rel}","templated":true}]}}