{"id":61158,"date":"2024-12-03T17:51:00","date_gmt":"2024-12-03T17:51:00","guid":{"rendered":"https:\/\/miminhosritacatita.com\/?post_type=product&#038;p=61158"},"modified":"2026-04-28T17:27:56","modified_gmt":"2026-04-28T17:27:56","slug":"jornal-de-casamento-wedding-newspaper","status":"publish","type":"product","link":"https:\/\/miminhosritacatita.com\/it\/casamento\/lembrancas-de-casamento\/jornal-de-casamento-wedding-newspaper\/","title":{"rendered":"Jornal de Casamento Wedding Newspaper"},"content":{"rendered":"<h2>Jornal de Casamento Wedding Newspaper<\/h2>\n<p>Jornal de Casamento Wedding Newspaper<\/p>\n<p>Si dice che il segreto sia nei dettagli... E noi ci crediamo! Nel nostro negozio, i souvenir di nozze sono uno dei nostri dettagli preferiti.<\/p>\n<p>Dos robes \u00e0s ligas\u2026 Como ser\u00e3o as vossas Lembran\u00e7as de Casamento? Pense!, porque \u00e9 aqui que o estilo pessoal vai brilhar! A Lembran\u00e7a Casamento Charuto Caixa \u00e9 a solu\u00e7\u00e3o ideal!<\/p>\n<p>Realizzati con amore, i nostri Wedding Souvenir sono fatti per ogni cliente, un'idea che nasce dai dettagli della sua storia. Raccontiamola cos\u00ec, con le vostre parole.<\/p>\n<p>Nel nostro negozio, abbiamo una vasta gamma di regali di nozze per prezzi e gusti diversi, mantenendo sempre la promessa di qualit\u00e0.<\/p>\n<h2>Jornal de Casamento Wedding Newspaper<\/h2>\n<p>Riteniamo che il merito per <b>Matrimonio<\/b> \u00e8 vostra, ma la missione \u00e8 nostra. Per questo creiamo regali di nozze su misura per ogni cliente, sempre all'insegna della qualit\u00e0, della perfezione e del buon gusto.<\/p>\n<p>Nel negozio online troverete la risposta a tutti i dettagli che renderanno unica la vostra festa, come questo souvenir di nozze.<\/p>\n<p>Noleggiamo anche auto per il trasporto degli sposi. Per conoscere il prezzo, contattateci e comunicateci la data dell'evento, l'indirizzo del ritiro, l'indirizzo della chiesa e il luogo del matrimonio.<\/p>\n<h3><strong>Souvenir di matrimonio, Souvenir di matrimonio per gli invitati, Souvenir di matrimonio semplici, Souvenir di matrimonio originali, Souvenir di matrimonio per uomini.<\/strong><\/h3>\n<p>Seja como for, encontre aqui a resposta para todos os detalhes que far\u00e3o o seu Casamento \u00fanico com os nossos brindes de casamento. Portanto dos quais Lembran\u00e7a Casamento Charuto Caixa \/ Convites \/ Porta Alian\u00e7as \/ Livros de Honra \/ Lembran\u00e7as Abre C\u00e1psulas \u00e2ncora.<\/p>\n<ul>\n<li>Mas tamb\u00e9m, as Cestas de Lembran\u00e7as \/ e os Photo Booth \/ e os Cabides. Assim como Flutes \/ e Talheres \/ e os Bal\u00f5es \/ e os Sparklers \/ e Placas de Boas Vindas.<\/li>\n<\/ul>\n<p>Abbiamo anche bouquet da sposa artificiali \/ e bouquet da addio al nubilato \/ e scatole a busta. Abbiamo anche regali per padri e padrini, anelli per tovaglioli e menu.<\/p>\n<p>Vedi anche: <a href=\"https:\/\/miminhosritacatita.com\/it\/product\/agenda-da-noiva\/\">Diario della sposa<\/a><\/p>\n<p>Seguiteci su <a href=\"https:\/\/www.instagram.com\/miminhos.rita.catita\/\" target=\"_blank\" rel=\"noopener\">Instagram<\/a><\/p>","protected":false},"excerpt":{"rendered":"<p>Jornal de Casamento Wedding Newspaper<\/p>\n<p>Dimens\u00e3o: A4<\/p>\n<p>4 p\u00e1ginas inclu\u00eddas<\/p>\n<p>Para altera\u00e7\u00f5es indicar nas notas, depois de finalizar a encomenda.<\/p>\n<p>Un souvenir utile e originale che render\u00e0 unico il vostro matrimonio!<\/p>\n<p>&nbsp;<\/p>\n<p>&nbsp;<\/p>","protected":false},"featured_media":61160,"template":"","meta":[],"product_brand":[],"product_cat":[479],"product_tag":[],"class_list":{"0":"post-61158","1":"product","2":"type-product","3":"status-publish","4":"has-post-thumbnail","6":"product_cat-lembrancas-de-casamento","8":"first","9":"instock","10":"taxable","11":"shipping-taxable","12":"purchasable","13":"product-type-simple"},"_links":{"self":[{"href":"https:\/\/miminhosritacatita.com\/it\/wp-json\/wp\/v2\/product\/61158","targetHints":{"allow":["GET"]}}],"collection":[{"href":"https:\/\/miminhosritacatita.com\/it\/wp-json\/wp\/v2\/product"}],"about":[{"href":"https:\/\/miminhosritacatita.com\/it\/wp-json\/wp\/v2\/types\/product"}],"wp:featuredmedia":[{"embeddable":true,"href":"https:\/\/miminhosritacatita.com\/it\/wp-json\/wp\/v2\/media\/61160"}],"wp:attachment":[{"href":"https:\/\/miminhosritacatita.com\/it\/wp-json\/wp\/v2\/media?parent=61158"}],"wp:term":[{"taxonomy":"product_brand","embeddable":true,"href":"https:\/\/miminhosritacatita.com\/it\/wp-json\/wp\/v2\/product_brand?post=61158"},{"taxonomy":"product_cat","embeddable":true,"href":"https:\/\/miminhosritacatita.com\/it\/wp-json\/wp\/v2\/product_cat?post=61158"},{"taxonomy":"product_tag","embeddable":true,"href":"https:\/\/miminhosritacatita.com\/it\/wp-json\/wp\/v2\/product_tag?post=61158"}],"curies":[{"name":"wp","href":"https:\/\/api.w.org\/{rel}","templated":true}]}}