{"id":5868,"date":"2019-02-20T15:36:08","date_gmt":"2019-02-20T15:36:08","guid":{"rendered":"https:\/\/miminhosritacatita.com\/?post_type=product&#038;p=5868"},"modified":"2026-01-05T18:07:45","modified_gmt":"2026-01-05T18:07:45","slug":"lembranca-casamento-saco-tecido","status":"publish","type":"product","link":"https:\/\/miminhosritacatita.com\/it\/casamento\/lembrancas-de-casamento\/lembranca-casamento-saco-tecido\/","title":{"rendered":"Lembran\u00e7a Casamento Saco Tecido"},"content":{"rendered":"<h1>Lembran\u00e7a Casamento Saco Tecido<\/h1>\n<p>Lembran\u00e7a Casamento Saco Tecido<\/p>\n<p>Si dice che il segreto sia nei dettagli... E noi ci crediamo! Nel nostro negozio, i souvenir di nozze sono uno dei nostri dettagli preferiti.<\/p>\n<p>Dos robes \u00e0s ligas\u2026 Como ser\u00e3o as vossas Lembran\u00e7as de Casamento? Pense!, porque \u00e9 aqui que o estilo pessoal vai brilhar! A Lembran\u00e7a Casamento Abre Garrafas \u00e9 a solu\u00e7\u00e3o ideal!<\/p>\n<p>Realizzati con amore, i nostri Wedding Souvenir sono fatti per ogni cliente, un'idea che nasce dai dettagli della sua storia. Raccontiamola cos\u00ec, con le vostre parole.<\/p>\n<p>Nel nostro negozio, abbiamo una vasta gamma di regali di nozze per prezzi e gusti diversi, mantenendo sempre la promessa di qualit\u00e0.<\/p>\n<h2>Lembran\u00e7a Casamento Saco Tecido<\/h2>\n<p>Riteniamo che il merito per <b>Matrimonio<\/b> \u00e8 vostra, ma la missione \u00e8 nostra. Per questo creiamo regali di nozze su misura per ogni cliente, sempre all'insegna della qualit\u00e0, della perfezione e del buon gusto.<\/p>\n<p>Nel negozio online troverete la risposta a tutti i dettagli che renderanno unica la vostra festa, come questo souvenir di nozze.<\/p>\n<p>Noleggiamo anche auto per il trasporto degli sposi. Per conoscere il prezzo, contattateci e comunicateci la data dell'evento, l'indirizzo del ritiro, l'indirizzo della chiesa e il luogo del matrimonio.<\/p>\n<h3><strong>Souvenir di matrimonio, Souvenir di matrimonio per gli invitati, Souvenir di matrimonio semplici, Souvenir di matrimonio originali, Souvenir di matrimonio per uomini.<\/strong><\/h3>\n<p>Seja como for, encontre aqui a resposta para todos os detalhes que far\u00e3o o seu Casamento \u00fanico com os nossos brindes de casamento. Portanto dos quais Lembran\u00e7a Casamento Abre Garrafas \/ Convites \/ Porta Alian\u00e7as \/ Livros de Honra \/ Lembran\u00e7as Abre C\u00e1psulas \u00e2ncora.<\/p>\n<ul>\n<li>Mas tamb\u00e9m, as Lembran\u00e7a Casamento Saco Tecidos \/ e os Photo Booth \/ e os Cabides. Assim como Flutes \/ e Talheres \/ e os Bal\u00f5es \/ e os Sparklers \/ e Placas \u201cL\u00e1 Vem a Noiva\u201d.<\/li>\n<\/ul>\n<p>Abbiamo anche bouquet da sposa artificiali \/ e bouquet da addio al nubilato \/ e scatole a busta. Abbiamo anche regali per padri e padrini, anelli per tovaglioli e menu.<\/p>\n<p>Vedi anche: <a href=\"https:\/\/miminhosritacatita.com\/it\/product\/agenda-da-noiva\/\">Diario della sposa<\/a><\/p>\n<p>Seguiteci su <a href=\"https:\/\/www.instagram.com\/miminhos.rita.catita\/\" target=\"_blank\" rel=\"noopener\">Instagram<\/a><\/p>","protected":false},"excerpt":{"rendered":"<p>Lembran\u00e7a Casamento Saco Tecido com estampagem, fita e etiqueta<\/p>\n<p>Dimens\u00e3o m\u00e1xima da estampagem 13,5&#215;13,5cm<\/p>\n<p>Material: 100% Algod\u00e3o Org\u00e2nico 120 g\/ m2<\/p>\n<p>Dimens\u00e3o: 38 x 42 x cm | 60 gr.<\/p>\n<p>Un souvenir utile e originale che render\u00e0 unico il vostro matrimonio!<\/p>","protected":false},"featured_media":33183,"template":"","meta":[],"product_brand":[],"product_cat":[479],"product_tag":[],"class_list":{"0":"post-5868","1":"product","2":"type-product","3":"status-publish","4":"has-post-thumbnail","6":"product_cat-lembrancas-de-casamento","8":"first","9":"instock","10":"taxable","11":"shipping-taxable","12":"purchasable","13":"product-type-simple"},"_links":{"self":[{"href":"https:\/\/miminhosritacatita.com\/it\/wp-json\/wp\/v2\/product\/5868","targetHints":{"allow":["GET"]}}],"collection":[{"href":"https:\/\/miminhosritacatita.com\/it\/wp-json\/wp\/v2\/product"}],"about":[{"href":"https:\/\/miminhosritacatita.com\/it\/wp-json\/wp\/v2\/types\/product"}],"wp:featuredmedia":[{"embeddable":true,"href":"https:\/\/miminhosritacatita.com\/it\/wp-json\/wp\/v2\/media\/33183"}],"wp:attachment":[{"href":"https:\/\/miminhosritacatita.com\/it\/wp-json\/wp\/v2\/media?parent=5868"}],"wp:term":[{"taxonomy":"product_brand","embeddable":true,"href":"https:\/\/miminhosritacatita.com\/it\/wp-json\/wp\/v2\/product_brand?post=5868"},{"taxonomy":"product_cat","embeddable":true,"href":"https:\/\/miminhosritacatita.com\/it\/wp-json\/wp\/v2\/product_cat?post=5868"},{"taxonomy":"product_tag","embeddable":true,"href":"https:\/\/miminhosritacatita.com\/it\/wp-json\/wp\/v2\/product_tag?post=5868"}],"curies":[{"name":"wp","href":"https:\/\/api.w.org\/{rel}","templated":true}]}}