{"id":5512,"date":"2019-02-06T14:30:02","date_gmt":"2019-02-06T14:30:02","guid":{"rendered":"https:\/\/miminhosritacatita.com\/?post_type=product&#038;p=5512"},"modified":"2025-09-30T17:37:55","modified_gmt":"2025-09-30T17:37:55","slug":"convite-casamento-e-batizado-elegante","status":"publish","type":"product","link":"https:\/\/miminhosritacatita.com\/it\/casamento\/convites-casamento-e-batizado\/convite-casamento-e-batizado-elegante\/","title":{"rendered":"Convite Casamento e Batizado Elegante"},"content":{"rendered":"<h1>Convite Casamento e Batizado Elegante<\/h1>\n<p>Convite Casamento e Batizado Elegante<\/p>\n<p>\u00c9 oficial, a data est\u00e1 marcada! E na Miminhos Rita Catita queremos saber: qual \u00e9 o dia do seu casamento? Porque os Convites de Casamento dos seus sonhos pode agora ser real.<\/p>\n<p>Dizem que o segredo est\u00e1 nos detalhes\u2026 E n\u00f3s acreditamos! Na nossa loja os Convites de Casamento de Batizado s\u00e3o dos nossos detalhes favoritos.<\/p>\n<p>Dos robes \u00e0s ligas\u2026 Como ser\u00e1 os vossos Convites de Casamento de Batizado? Pense, porque \u00e9 aqui que o estilo pessoal vai brilhar!<\/p>\n<p>Feitos com amor, o nosso Convite Casamento Batizado Cora\u00e7\u00e3o s\u00e3o feitos para cada cliente, ideia que resulta dos detalhes da sua hist\u00f3ria. Por isso, vamos j\u00e1 conta-la como ela \u00e9, pelas suas palavras.<\/p>\n<p>Temos, na nossa loja, v\u00e1rios Convites de Casamento e Batizado, para v\u00e1rios pre\u00e7os e gostos, mantendo sempre a promessa de qualidade.<\/p>\n<h2>Convite Casamento e Batizado Elegante<\/h2>\n<p>Riteniamo che il merito per <b>Matrimonio<\/b> \u00e9 seu, mas que a miss\u00e3o \u00e9 nossa. E, por isso, criamos produtos ajustados ao gosto de cada cliente, cumprindo sempre com a qualidade e perfei\u00e7\u00e3o e bom gosto.<\/p>\n<p>Assim, encontre na Loja Online a resposta para todos os pormenores que far\u00e3o a sua festa \u00fanica, como o convite de casamento.<\/p>\n<p>Tamb\u00e9m alugamos carros para o transporte dos noivos. Portanto, para saber o pre\u00e7o contacte-nos e informe a data do Evento \/ a morada de recolha \/ a da Igreja \/ e a do local da boda.<\/p>\n<h3>Convites de casamento, Convite de Casamento, Convite casamento, Convites Casamento, Convites de casamento originais, Convites de casamento r\u00fastico<\/h3>\n<p>Assim, temos ainda para alugar um insufl\u00e1vel e um escorrega. Portanto, pe\u00e7a o seu or\u00e7amento dizendo em que dia ser\u00e1 o evento e se o deseja levantar em loja ou se pretende que nos desloquemos ao local do evento para a montagem \/ e desmontagem.<\/p>\n<p>Portanto, encontre aqui a resposta para todos os detalhes que far\u00e3o o seu Casamento e Batizado \u00fanico. Dos quais Convite Casamento e Batizado Elegante \/ Porta Alian\u00e7as \/ Livros de Honra \/ Lembran\u00e7as.<\/p>\n<ul>\n<li>Mas tamb\u00e9m, Cestas de Lembran\u00e7as \/ e Photo Booth \/ e Cabides. Assim como Flutes \/ e Talheres \/ e os Bal\u00f5es \/ e os Sparklers \/ e Placas \u201cL\u00e1 Vem a Noiva\u201d.<\/li>\n<\/ul>\n<p>Tamb\u00e9m temos Ramos de Noiva Artificiais \/ e os Ramos de Solteiras \/ e Caixas de Envelopes. E ainda, as Ofertas a Pais e Padrinhos \/ e as Argolas de Guardanapos\/ e as Ementas. Seja como for, encomenda j\u00e1 o Convite Casamento Batizado Cora\u00e7\u00e3o!<\/p>\n<p><strong>Vedi anche: <a href=\"https:\/\/miminhosritacatita.com\/it\/product\/agenda-da-noiva\/\">Diario della sposa<\/a><\/strong><\/p>\n<p><strong>Seguiteci su<a href=\"https:\/\/www.instagram.com\/miminhos.rita.catita\/\" target=\"_blank\" rel=\"noopener\"> Instagram<\/a><\/strong><\/p>\n<p>&nbsp;<\/p>","protected":false},"excerpt":{"rendered":"<p>Convite Casamento e Batizado Elegante<\/p>\n<p>Dimens\u00e3o: 14x14cm<\/p>\n<p>Pode personalizar ao seu gosto para o casamento e o batizado, para ser algo que v\u00e1 de encontro \u00e0s vossas expectativas.<\/p>","protected":false},"featured_media":36185,"template":"","meta":[],"product_brand":[],"product_cat":[379,1132],"product_tag":[],"class_list":{"0":"post-5512","1":"product","2":"type-product","3":"status-publish","4":"has-post-thumbnail","6":"product_cat-convites-de-casamento","7":"product_cat-convites-casamento-e-batizado","9":"first","10":"instock","11":"taxable","12":"shipping-taxable","13":"purchasable","14":"product-type-simple"},"_links":{"self":[{"href":"https:\/\/miminhosritacatita.com\/it\/wp-json\/wp\/v2\/product\/5512","targetHints":{"allow":["GET"]}}],"collection":[{"href":"https:\/\/miminhosritacatita.com\/it\/wp-json\/wp\/v2\/product"}],"about":[{"href":"https:\/\/miminhosritacatita.com\/it\/wp-json\/wp\/v2\/types\/product"}],"wp:featuredmedia":[{"embeddable":true,"href":"https:\/\/miminhosritacatita.com\/it\/wp-json\/wp\/v2\/media\/36185"}],"wp:attachment":[{"href":"https:\/\/miminhosritacatita.com\/it\/wp-json\/wp\/v2\/media?parent=5512"}],"wp:term":[{"taxonomy":"product_brand","embeddable":true,"href":"https:\/\/miminhosritacatita.com\/it\/wp-json\/wp\/v2\/product_brand?post=5512"},{"taxonomy":"product_cat","embeddable":true,"href":"https:\/\/miminhosritacatita.com\/it\/wp-json\/wp\/v2\/product_cat?post=5512"},{"taxonomy":"product_tag","embeddable":true,"href":"https:\/\/miminhosritacatita.com\/it\/wp-json\/wp\/v2\/product_tag?post=5512"}],"curies":[{"name":"wp","href":"https:\/\/api.w.org\/{rel}","templated":true}]}}