{"id":5251,"date":"2019-01-14T16:14:44","date_gmt":"2019-01-14T16:14:44","guid":{"rendered":"https:\/\/miminhosritacatita.com\/?post_type=product&#038;p=5251"},"modified":"2025-01-14T18:40:29","modified_gmt":"2025-01-14T18:40:29","slug":"quadro-dedicatorias-mensagens-casamento","status":"publish","type":"product","link":"https:\/\/miminhosritacatita.com\/it\/casamento\/livros-de-honra-casamento\/quadro-dedicatorias-mensagens-casamento\/","title":{"rendered":"Quadro Dedicat\u00f3rias Mensagens Casamento"},"content":{"rendered":"<h1>Quadro Dedicat\u00f3rias Mensagens Casamento<\/h1>\n<p>Quadro Dedicat\u00f3rias Mensagens Casamento<\/p>\n<p>Dizem que o segredo est\u00e1 nos detalhes\u2026 E n\u00f3s acreditamos! Na nossa loja os Livros de Honra s\u00e3o dos nossos detalhes favoritos.<\/p>\n<p>Dos robes \u00e0s ligas\u2026 Como ser\u00e1 o seu Livro de Honra de Casamento? Pense!, porque \u00e9 aqui que o estilo pessoal vai brilhar!<\/p>\n<p>Feitos com amor, os nossos Livro de Honra de Casamento s\u00e3o feitos para cada cliente, ideia que resulta dos detalhes da sua hist\u00f3ria. Por isso, vamos j\u00e1 conta-la como ela \u00e9, pelas suas palavras.<\/p>\n<p>Temos, na nossa loja, v\u00e1rios Livros de Honra de Casamento para v\u00e1rios pre\u00e7os e gostos, mantendo sempre a promessa de qualidade.<\/p>\n<h2>O Quadro Dedicat\u00f3rias Mensagens Casamento<\/h2>\n<p>Riteniamo che il merito per <b>Matrimonio<\/b> \u00e9 seu, mas que a miss\u00e3o \u00e9 nossa.<\/p>\n<p>Assim, encontre na Loja Online a resposta para todos os pormenores que far\u00e3o a sua festa \u00fanica, como o Quadro Dedicat\u00f3rias Mensagens Casamento.<\/p>\n<p>Tamb\u00e9m alugamos carros para o transporte dos noivos. Para saber o pre\u00e7o contacte-nos e informe a data do Evento \/ a morada de recolha \/ a da Igreja \/ e a do local da boda.<\/p>\n<p>Assim, temos ainda para alugar um insufl\u00e1vel e um escorrega. Portanto, pe\u00e7a o seu or\u00e7amento dizendo em que dia ser\u00e1 o evento e se o deseja levantar em loja ou se pretende que nos desloquemos ao local do evento para a montagem \/ e desmontagem.<\/p>\n<p>Assim, encontre aqui a resposta para todos os detalhes que far\u00e3o o seu Casamento \u00fanico. Portanto dos quais Quadro Dedicat\u00f3rias Mensagens \/ Convites de Casamento \/ Porta Alian\u00e7as \/ Lembran\u00e7as de Casamento.<\/p>\n<ul>\n<li>Mas tamb\u00e9m, as Cestas de Lembran\u00e7as \/ e os Photo Booth \/ e os Cabides. Assim como Flutes \/ e Talheres \/ e os Bal\u00f5es \/ e os Sparklers \/ e Placas para casamento. Caixa Cart\u00f5es Honra<\/li>\n<\/ul>\n<p>Abbiamo anche bouquet da sposa artificiali \/ e bouquet da addio al nubilato \/ e scatole a busta. Abbiamo anche regali per padri e padrini, anelli per tovaglioli e menu.<\/p>\n<p><strong>Vedi anche: <a href=\"https:\/\/miminhosritacatita.com\/it\/product\/agenda-da-noiva\/\">Diario della sposa<\/a><\/strong><\/p>\n<p>Seguiteci su <a href=\"https:\/\/www.instagram.com\/miminhos.rita.catita\/\" target=\"_blank\" rel=\"noopener\">Instagram<\/a><\/p>\n<p>&nbsp;<\/p>","protected":false},"excerpt":{"rendered":"<p>Quadro Dedicat\u00f3rias Mensagens Casamento para Mensagens aos Noivos com cora\u00e7\u00f5es inclu\u00eddos:<\/p>\n<p>Dimens\u00e3o: 60x80cm<\/p>\n<p>Indique qual a quantidade de cora\u00e7\u00f5es necess\u00e1ria<\/p>\n<p>Pode personalizar ao seu gosto!<\/p>\n<p>&nbsp;<\/p>","protected":false},"featured_media":12243,"template":"","meta":[],"product_brand":[],"product_cat":[627],"product_tag":[],"class_list":{"0":"post-5251","1":"product","2":"type-product","3":"status-publish","4":"has-post-thumbnail","6":"product_cat-livros-de-honra-casamento","8":"first","9":"instock","10":"taxable","11":"shipping-taxable","12":"purchasable","13":"product-type-simple"},"_links":{"self":[{"href":"https:\/\/miminhosritacatita.com\/it\/wp-json\/wp\/v2\/product\/5251","targetHints":{"allow":["GET"]}}],"collection":[{"href":"https:\/\/miminhosritacatita.com\/it\/wp-json\/wp\/v2\/product"}],"about":[{"href":"https:\/\/miminhosritacatita.com\/it\/wp-json\/wp\/v2\/types\/product"}],"wp:featuredmedia":[{"embeddable":true,"href":"https:\/\/miminhosritacatita.com\/it\/wp-json\/wp\/v2\/media\/12243"}],"wp:attachment":[{"href":"https:\/\/miminhosritacatita.com\/it\/wp-json\/wp\/v2\/media?parent=5251"}],"wp:term":[{"taxonomy":"product_brand","embeddable":true,"href":"https:\/\/miminhosritacatita.com\/it\/wp-json\/wp\/v2\/product_brand?post=5251"},{"taxonomy":"product_cat","embeddable":true,"href":"https:\/\/miminhosritacatita.com\/it\/wp-json\/wp\/v2\/product_cat?post=5251"},{"taxonomy":"product_tag","embeddable":true,"href":"https:\/\/miminhosritacatita.com\/it\/wp-json\/wp\/v2\/product_tag?post=5251"}],"curies":[{"name":"wp","href":"https:\/\/api.w.org\/{rel}","templated":true}]}}