{"id":49321,"date":"2024-04-09T10:46:08","date_gmt":"2024-04-09T10:46:08","guid":{"rendered":"https:\/\/miminhosritacatita.com\/?post_type=product&#038;p=49321"},"modified":"2026-01-05T17:42:54","modified_gmt":"2026-01-05T17:42:54","slug":"lembranca-casamento-lapis-sementes","status":"publish","type":"product","link":"https:\/\/miminhosritacatita.com\/it\/casamento\/lembrancas-de-casamento\/lembranca-casamento-lapis-sementes\/","title":{"rendered":"Lembran\u00e7a Casamento L\u00e1pis Sementes"},"content":{"rendered":"<h1>Lembran\u00e7a Casamento L\u00e1pis Sementes<\/h1>\n<p>Lembran\u00e7a Casamento L\u00e1pis Sementes<\/p>\n<p>Si dice che il segreto sia nei dettagli... E noi ci crediamo! Nel nostro negozio, i souvenir di nozze sono uno dei nostri dettagli preferiti.<\/p>\n<p>Dos robes \u00e0s ligas\u2026 Como ser\u00e3o as vossas Lembran\u00e7as de Casamento? Pense!, porque \u00e9 aqui que o estilo pessoal vai brilhar! A Lembran\u00e7a Casamento Charuto Caixa \u00e9 a solu\u00e7\u00e3o ideal!<\/p>\n<p>Realizzati con amore, i nostri Wedding Souvenir sono fatti per ogni cliente, un'idea che nasce dai dettagli della sua storia. Raccontiamola cos\u00ec, con le vostre parole.<\/p>\n<p>Nel nostro negozio, abbiamo una vasta gamma di regali di nozze per prezzi e gusti diversi, mantenendo sempre la promessa di qualit\u00e0.<\/p>\n<h2>Lembran\u00e7a Casamento L\u00e1pis Sementes<\/h2>\n<p>Riteniamo che il merito per <b>Matrimonio<\/b> \u00e8 vostra, ma la missione \u00e8 nostra. Per questo creiamo regali di nozze su misura per ogni cliente, sempre all'insegna della qualit\u00e0, della perfezione e del buon gusto.<\/p>\n<p>Nel negozio online troverete la risposta a tutti i dettagli che renderanno unica la vostra festa, come questo souvenir di nozze.<\/p>\n<p>Noleggiamo anche auto per il trasporto degli sposi. Per conoscere il prezzo, contattateci e comunicateci la data dell'evento, l'indirizzo del ritiro, l'indirizzo della chiesa e il luogo del matrimonio.<\/p>\n<h3><strong>Souvenir di matrimonio, Souvenir di matrimonio per gli invitati, Souvenir di matrimonio semplici, Souvenir di matrimonio originali, Souvenir di matrimonio per uomini.<\/strong><\/h3>\n<p>Seja como for, encontre aqui a resposta para todos os detalhes que far\u00e3o o seu Casamento \u00fanico com os nossos brindes de casamento. Portanto dos quais Lembran\u00e7a Casamento Charuto Caixa \/ Convites \/ Porta Alian\u00e7as \/ Livros de Honra \/ Lembran\u00e7as Abre C\u00e1psulas \u00e2ncora.<\/p>\n<ul>\n<li>Ma anche cesti di souvenir \/ e cabine fotografiche \/ e appendini. Cos\u00ec come Flauti \/ e posate \/ e palloncini \/ e spumanti \/ e piatti \u201cHere Comes the Bride\u201d.<\/li>\n<\/ul>\n<p>Abbiamo anche bouquet da sposa artificiali \/ e bouquet da addio al nubilato \/ e scatole a busta. Abbiamo anche regali per padri e padrini, anelli per tovaglioli e menu.<\/p>\n<p>Vedi anche: <a href=\"https:\/\/miminhosritacatita.com\/it\/product\/agenda-da-noiva\/\">Diario della sposa<\/a><\/p>\n<p>Seguiteci su <a href=\"https:\/\/www.instagram.com\/miminhos.rita.catita\/\" target=\"_blank\" rel=\"noopener\">Instagram<\/a><\/p>","protected":false},"excerpt":{"rendered":"<p>Lembran\u00e7a Casamento L\u00e1pis Sementes com cart\u00e3o personalizado<\/p>\n<p>Na ponta do l\u00e1pis existem sementes para serem plantadas e da\u00ed nascer uma planta.<\/p>\n<p>Un souvenir utile e originale che render\u00e0 unico il vostro matrimonio!<\/p>","protected":false},"featured_media":49326,"template":"","meta":[],"product_brand":[],"product_cat":[479],"product_tag":[],"class_list":{"0":"post-49321","1":"product","2":"type-product","3":"status-publish","4":"has-post-thumbnail","6":"product_cat-lembrancas-de-casamento","8":"first","9":"instock","10":"taxable","11":"shipping-taxable","12":"purchasable","13":"product-type-simple"},"_links":{"self":[{"href":"https:\/\/miminhosritacatita.com\/it\/wp-json\/wp\/v2\/product\/49321","targetHints":{"allow":["GET"]}}],"collection":[{"href":"https:\/\/miminhosritacatita.com\/it\/wp-json\/wp\/v2\/product"}],"about":[{"href":"https:\/\/miminhosritacatita.com\/it\/wp-json\/wp\/v2\/types\/product"}],"wp:featuredmedia":[{"embeddable":true,"href":"https:\/\/miminhosritacatita.com\/it\/wp-json\/wp\/v2\/media\/49326"}],"wp:attachment":[{"href":"https:\/\/miminhosritacatita.com\/it\/wp-json\/wp\/v2\/media?parent=49321"}],"wp:term":[{"taxonomy":"product_brand","embeddable":true,"href":"https:\/\/miminhosritacatita.com\/it\/wp-json\/wp\/v2\/product_brand?post=49321"},{"taxonomy":"product_cat","embeddable":true,"href":"https:\/\/miminhosritacatita.com\/it\/wp-json\/wp\/v2\/product_cat?post=49321"},{"taxonomy":"product_tag","embeddable":true,"href":"https:\/\/miminhosritacatita.com\/it\/wp-json\/wp\/v2\/product_tag?post=49321"}],"curies":[{"name":"wp","href":"https:\/\/api.w.org\/{rel}","templated":true}]}}