{"id":42800,"date":"2023-12-29T11:16:14","date_gmt":"2023-12-29T11:16:14","guid":{"rendered":"https:\/\/miminhosritacatita.com\/?post_type=product&#038;p=42800"},"modified":"2026-04-28T08:40:03","modified_gmt":"2026-04-28T08:40:03","slug":"velas-cerimonia-de-luz-casamento","status":"publish","type":"product","link":"https:\/\/miminhosritacatita.com\/it\/casamento\/acessorios-para-noiva\/cerimonias-simbolicas\/velas-cerimonia-de-luz-casamento\/","title":{"rendered":"Velas Cerim\u00f3nia de Luz Casamento"},"content":{"rendered":"<h1>Velas Cerim\u00f3nia de Luz Casamento<\/h1>\n<p>Velas Cerim\u00f3nia de Luz Casamento<\/p>\n<p>Dizem que o segredo est\u00e1 nos detalhes\u2026 E n\u00f3s acreditamos! Na nossa loja os acess\u00f3rios s\u00e3o dos nossos detalhes favoritos.<\/p>\n<p>Das Luzes para Celebra\u00e7\u00e3o \u00e0s Caixa Acess\u00f3rios\u2026 Quais ser\u00e3o os seus <strong>preferidos<\/strong>? Pense!, porque \u00e9 aqui que o estilo pessoal vai brilhar!<\/p>\n<p>Feitos com amor, os acess\u00f3rios s\u00e3o feita para cada cliente, ideia que resulta dos detalhes da sua hist\u00f3ria. Por isso, vamos j\u00e1 conta-la como ela \u00e9, pelas suas palavras.<\/p>\n<h2>A Velas Cerim\u00f3nia de Luz Casamento<\/h2>\n<p>Temos, na nossa loja, v\u00e1rias Caixas, para v\u00e1rios pre\u00e7os e gostos, mantendo sempre a promessa de qualidade.<\/p>\n<p>Riteniamo che il merito per <b>Matrimonio<\/b> \u00e9 seu, mas que a miss\u00e3o \u00e9 nossa. E, por isso, criamos produtos ajustados ao gosto de cada cliente, cumprindo sempre com a qualidade e perfei\u00e7\u00e3o e bom gosto.<\/p>\n<p>Assim, encontre na Loja Online a resposta para todos os pormenores que far\u00e3o a sua festa \u00fanica.<\/p>\n<p>Portanto, tamb\u00e9m alugamos carros para o transporte dos noivos. Para saber o pre\u00e7o contacte-nos e informe a data do Evento \/ a morada de recolha \/ a da Igreja \/ e a do local da boda.<\/p>\n<p>Portanto, temos tamb\u00e9m:<\/p>\n<ul>\n<li>Cartelli<\/li>\n<li>Caixas de Envelopes<\/li>\n<li>Marcatori da tavolo<\/li>\n<li>Velas para Ritual Luminoso de Uni\u00e3o Matrimonial<\/li>\n<\/ul>\n<p>Assim, temos ainda para alugar um insufl\u00e1vel e um escorrega. Portanto, pe\u00e7a as Velas para Ritual de Luz Nupcial e indique em que dia ser\u00e1 o evento e se o deseja levantar em loja ou se pretende que seja expedido.<\/p>\n<p>Por isso, temos tamb\u00e9m Ramos de Noiva Artificiais \/ e Ramos de Solteiras \/ e Caixas de Envelopes. Assim como, Ofertas a Pais e Padrinhos \/ e Argolas de Guardanapos\/ e Ementas.<\/p>\n<p><strong>Vedi anche: <a href=\"https:\/\/miminhosritacatita.com\/it\/product\/agenda-da-noiva\/\">Diario della sposa<\/a><\/strong><\/p>\n<p>Seguiteci su <a href=\"https:\/\/www.instagram.com\/miminhos.rita.catita\/\" target=\"_blank\" rel=\"noopener\">Instagram<\/a><\/p>\n<p>&nbsp;<\/p>","protected":false},"excerpt":{"rendered":"<p>Velas Cerim\u00f3nia de Luz Casamento<\/p>\n<p>Conjunto de 3 velas com impress\u00e3o personalizada<\/p>\n<p>Vela maior: 7 x 15cm<\/p>\n<p>Vela mais pequena: 5,8 x 8cm<\/p>\n<p>Indique nas &#8220;notas&#8221; a informa\u00e7\u00e3o pretendida. Uma cerim\u00f3nia que ficar\u00e1 marcada nos vossos cora\u00e7\u00f5es.<\/p>\n<p>&nbsp;<\/p>\n<p>&nbsp;<\/p>\n<p>&nbsp;<\/p>\n<p>&nbsp;<\/p>","protected":false},"featured_media":42801,"template":"","meta":[],"product_brand":[],"product_cat":[1181],"product_tag":[],"class_list":{"0":"post-42800","1":"product","2":"type-product","3":"status-publish","4":"has-post-thumbnail","6":"product_cat-cerimonias-simbolicas","8":"first","9":"instock","10":"taxable","11":"shipping-taxable","12":"purchasable","13":"product-type-simple"},"_links":{"self":[{"href":"https:\/\/miminhosritacatita.com\/it\/wp-json\/wp\/v2\/product\/42800","targetHints":{"allow":["GET"]}}],"collection":[{"href":"https:\/\/miminhosritacatita.com\/it\/wp-json\/wp\/v2\/product"}],"about":[{"href":"https:\/\/miminhosritacatita.com\/it\/wp-json\/wp\/v2\/types\/product"}],"wp:featuredmedia":[{"embeddable":true,"href":"https:\/\/miminhosritacatita.com\/it\/wp-json\/wp\/v2\/media\/42801"}],"wp:attachment":[{"href":"https:\/\/miminhosritacatita.com\/it\/wp-json\/wp\/v2\/media?parent=42800"}],"wp:term":[{"taxonomy":"product_brand","embeddable":true,"href":"https:\/\/miminhosritacatita.com\/it\/wp-json\/wp\/v2\/product_brand?post=42800"},{"taxonomy":"product_cat","embeddable":true,"href":"https:\/\/miminhosritacatita.com\/it\/wp-json\/wp\/v2\/product_cat?post=42800"},{"taxonomy":"product_tag","embeddable":true,"href":"https:\/\/miminhosritacatita.com\/it\/wp-json\/wp\/v2\/product_tag?post=42800"}],"curies":[{"name":"wp","href":"https:\/\/api.w.org\/{rel}","templated":true}]}}