{"id":41260,"date":"2023-08-02T10:03:44","date_gmt":"2023-08-02T10:03:44","guid":{"rendered":"https:\/\/miminhosritacatita.com\/?post_type=product&#038;p=41260"},"modified":"2025-01-17T15:09:41","modified_gmt":"2025-01-17T15:09:41","slug":"missal-casamento-personalizado-elegante","status":"publish","type":"product","link":"https:\/\/miminhosritacatita.com\/it\/casamento\/missais-para-casamento\/missal-casamento-personalizado-elegante\/","title":{"rendered":"Missal Casamento Personalizado Elegante"},"content":{"rendered":"<h1>Missal Casamento Personalizado Elegante<\/h1>\n<p>Missal Casamento Personalizado Elegante<\/p>\n<p>Dizem que o segredo est\u00e1 nos detalhes\u2026 E n\u00f3s acreditamos! Na nossa loja os missais\u00a0 para casamento s\u00e3o dos nossos detalhes favoritos.<\/p>\n<p>Das ligas aos robes\u2026 Quais ser\u00e3o os seus <strong>missais de casamento<\/strong>? Pense!, porque \u00e9 aqui que o estilo pessoal vai brilhar!<\/p>\n<p>Feitos com amor, o Missal Casamento Personalizado Elegante s\u00e3o feitos para cada cliente, ideia que resulta dos detalhes da sua hist\u00f3ria. Por isso, vamos j\u00e1 conta-la como ela \u00e9, pelas suas palavras.<\/p>\n<p>Temos, na nossa loja, v\u00e1rios livros de votos para casamento, para v\u00e1rios pre\u00e7os e gostos, mantendo sempre a promessa de qualidade.<\/p>\n<h2>O Missal Casamento Personalizado Elegante<\/h2>\n<p>Entendemos que o m\u00e9rito pelo <b>Matrimonio<\/b> \u00e9 seu, mas que a miss\u00e3o \u00e9 nossa. E, por isso, criamos produtos ajustados ao gosto de cada cliente, cumprindo sempre com a qualidade e perfei\u00e7\u00e3o e bom gosto. Os Missais s\u00e3o personalizados ao gosto do cliente.<\/p>\n<p>Assim, encontre na Loja Online a resposta para todos os pormenores que far\u00e3o a sua festa \u00fanica.<\/p>\n<p>Assim, tamb\u00e9m alugamos carros para o transporte dos noivos. Portanto, para saber o pre\u00e7o contacte-nos e informe a data do Evento \/ a morada de recolha \/ a da Igreja \/ e a do local da boda.<\/p>\n<p>Assim, temos ainda para alugar um insufl\u00e1vel e um escorrega. Portanto, pe\u00e7a o seu or\u00e7amento dizendo em que dia ser\u00e1 o evento e se o deseja levantar em loja ou se pretende que nos desloquemos ao local do evento para a montagem \/ e desmontagem.<\/p>\n<p>Portanto, encontre aqui a resposta para todos os detalhes que far\u00e3o o seu Casamento \u00fanico como o Missal Personalizado para casamento. Dos quais:<\/p>\n<ul>\n<li>Liga da Noiva<\/li>\n<li>Convites de casamento<\/li>\n<li>Livros de Honra<\/li>\n<li>Lembran\u00e7as de casamento<\/li>\n<\/ul>\n<p>Tamb\u00e9m temos Ramos de Noiva Artificiais \/ e Ramos de Solteiras \/ e Caixas de Envelopes. E ainda, Ofertas a Pais e Padrinhos \/ e Argolas de Guardanapos\/ e Ementas. Seja como for, encomende j\u00e1 o seu Missal Casamento Personalizado.<\/p>\n<p><strong>Vedi anche: <a href=\"https:\/\/miminhosritacatita.com\/it\/product\/agenda-da-noiva\/\">Diario della sposa<\/a><\/strong><\/p>\n<p>Siga-nos no <a href=\"https:\/\/www.instagram.com\/miminhos.rita.catita\/\" target=\"_blank\" rel=\"noopener\">Instagram<\/a><\/p>","protected":false},"excerpt":{"rendered":"<p>Missal Casamento Personalizado Elegante<\/p>\n<p>Tamanho A6<\/p>\n<p>24 p\u00e1ginas inclu\u00eddas, se quiser menos informa\u00e7\u00e3o, por favor pe\u00e7a or\u00e7amento.<\/p>\n<p>Indique nas \u201cnotas\u201d quais os detalhes pretendidos, depois de finalizar a encomenda.<\/p>\n<p>Encontre aqui a resposta para todos os detalhes que far\u00e3o o seu Casamento \u00fanico<\/p>","protected":false},"featured_media":41261,"template":"","meta":[],"product_brand":[],"product_cat":[1176],"product_tag":[1064,1117],"class_list":{"0":"post-41260","1":"product","2":"type-product","3":"status-publish","4":"has-post-thumbnail","6":"product_cat-missais-para-casamento","7":"product_tag-naofeed","8":"product_tag-naofeedgoogle","10":"first","11":"instock","12":"taxable","13":"shipping-taxable","14":"purchasable","15":"product-type-simple"},"_links":{"self":[{"href":"https:\/\/miminhosritacatita.com\/it\/wp-json\/wp\/v2\/product\/41260","targetHints":{"allow":["GET"]}}],"collection":[{"href":"https:\/\/miminhosritacatita.com\/it\/wp-json\/wp\/v2\/product"}],"about":[{"href":"https:\/\/miminhosritacatita.com\/it\/wp-json\/wp\/v2\/types\/product"}],"wp:featuredmedia":[{"embeddable":true,"href":"https:\/\/miminhosritacatita.com\/it\/wp-json\/wp\/v2\/media\/41261"}],"wp:attachment":[{"href":"https:\/\/miminhosritacatita.com\/it\/wp-json\/wp\/v2\/media?parent=41260"}],"wp:term":[{"taxonomy":"product_brand","embeddable":true,"href":"https:\/\/miminhosritacatita.com\/it\/wp-json\/wp\/v2\/product_brand?post=41260"},{"taxonomy":"product_cat","embeddable":true,"href":"https:\/\/miminhosritacatita.com\/it\/wp-json\/wp\/v2\/product_cat?post=41260"},{"taxonomy":"product_tag","embeddable":true,"href":"https:\/\/miminhosritacatita.com\/it\/wp-json\/wp\/v2\/product_tag?post=41260"}],"curies":[{"name":"wp","href":"https:\/\/api.w.org\/{rel}","templated":true}]}}