{"id":31459,"date":"2022-07-15T16:55:01","date_gmt":"2022-07-15T16:55:01","guid":{"rendered":"https:\/\/miminhosritacatita.com\/?post_type=product&#038;p=31459"},"modified":"2024-12-23T12:14:47","modified_gmt":"2024-12-23T12:14:47","slug":"tesla-desportivo-casamento-noivos","status":"publish","type":"product","link":"https:\/\/miminhosritacatita.com\/it\/casamento\/aluguer-de-carro-para-casamento\/tesla-desportivo-casamento-noivos\/","title":{"rendered":"Tesla Desportivo Casamento Noivos"},"content":{"rendered":"<h1>Tesla Desportivo Casamento Noivos<\/h1>\n<p>Por que espera para proceder ao aluguer do Tesla Desportivo Casamento Noivos para o vosso casamento? Alugue j\u00e1 o Tesla que se encontra \u00e0 sua disposi\u00e7\u00e3o.<\/p>\n<p>A viatura \u00e9 acompanhada de motorista e o servi\u00e7o inclui o transporte da noiva \u00e0 igreja e dos noivos ao copo-de-\u00e1gua, bem como tempo para sess\u00e3o fotogr\u00e1fica.<\/p>\n<p>Para, al\u00e9m disso, o aluguer de carros para casamento pode incluir decora\u00e7\u00e3o personalizada e a combinar com a decora\u00e7\u00e3o usada pelos noivos.<\/p>\n<p>Para isso, deve pagar o servi\u00e7o de aluguer de carro para casamento na totalidade, no ato da reserva. Seja como for, em caso de cancelamento do aluguer n\u00e3o h\u00e1 direito a reembolso.<\/p>\n<h2>Assim, informe os seguintes dados para solicitar o Tesla Desportivo Casamento Noivos para casamento:<\/h2>\n<ul>\n<li>Morada de recolha<\/li>\n<li>Modelo de carro<\/li>\n<li>Igreja<\/li>\n<li>Quinta<\/li>\n<li>Data do evento<\/li>\n<\/ul>\n<p>Assim, ao viajarem connosco em algum dos nossos ve\u00edculos de Tesla Desportivo Casamento Noivos, ter\u00e3o uma experi\u00eancia \u00fanica, cheia de emo\u00e7\u00e3o e inesquec\u00edvel, acompanhados por profissionais experientes, simp\u00e1ticos e atentos ao detalhe, que tudo far\u00e3o para garantir que o vosso dia seja ainda mais especial.<\/p>\n<p>Seja como for, se pretender alguma altera\u00e7\u00e3o \u00e1 decora\u00e7\u00e3o da imagem envie-nos e-mail para: geral@miminhosritacatita.com a explicar o que pretende e assim n\u00f3s responderemos a confirmar a possibilidade ou n\u00e3o da altera\u00e7\u00e3o pretendida e se ter\u00e1 ou n\u00e3o custos adicionais.<\/p>\n<p>Assim, dizem que o segredo est\u00e1 nos detalhes\u2026 E n\u00f3s acreditamos! Assim, na nossa loja o carro ideal para o vosso casamento \u00e9 um dos nossos detalhes favoritos. Seja como for, vamos j\u00e1 preparar os carros para casamento mais doces de sempre.<\/p>","protected":false},"excerpt":{"rendered":"<p>A viatura \u00e9 acompanhada de motorista com dura\u00e7\u00e3o m\u00e1xima do servi\u00e7o inclu\u00edda de 3 Horas.<\/p>\n<p>Distritos abrangentes: Porto, Braga, Coimbra, Aveiro, Viana do Castelo, Vila Real e Viseu.<\/p>\n<p>Contacte-nos a informar a data do evento, morada de recolha, morada igreja (se houver) e morada da quinta.<\/p>\n<p>geral@miminhosritacatita.com<\/p>\n<p>&nbsp;<\/p>","protected":false},"featured_media":31464,"template":"","meta":[],"product_brand":[],"product_cat":[376,1118],"product_tag":[1111,1064,1117],"class_list":{"0":"post-31459","1":"product","2":"type-product","3":"status-publish","4":"has-post-thumbnail","6":"product_cat-casamento","7":"product_cat-aluguer-de-carro-para-casamento","8":"product_tag-nao-feed","9":"product_tag-naofeed","10":"product_tag-naofeedgoogle","12":"first","13":"instock","14":"taxable","15":"shipping-taxable","16":"product-type-simple"},"_links":{"self":[{"href":"https:\/\/miminhosritacatita.com\/it\/wp-json\/wp\/v2\/product\/31459","targetHints":{"allow":["GET"]}}],"collection":[{"href":"https:\/\/miminhosritacatita.com\/it\/wp-json\/wp\/v2\/product"}],"about":[{"href":"https:\/\/miminhosritacatita.com\/it\/wp-json\/wp\/v2\/types\/product"}],"wp:featuredmedia":[{"embeddable":true,"href":"https:\/\/miminhosritacatita.com\/it\/wp-json\/wp\/v2\/media\/31464"}],"wp:attachment":[{"href":"https:\/\/miminhosritacatita.com\/it\/wp-json\/wp\/v2\/media?parent=31459"}],"wp:term":[{"taxonomy":"product_brand","embeddable":true,"href":"https:\/\/miminhosritacatita.com\/it\/wp-json\/wp\/v2\/product_brand?post=31459"},{"taxonomy":"product_cat","embeddable":true,"href":"https:\/\/miminhosritacatita.com\/it\/wp-json\/wp\/v2\/product_cat?post=31459"},{"taxonomy":"product_tag","embeddable":true,"href":"https:\/\/miminhosritacatita.com\/it\/wp-json\/wp\/v2\/product_tag?post=31459"}],"curies":[{"name":"wp","href":"https:\/\/api.w.org\/{rel}","templated":true}]}}