{"id":27229,"date":"2022-02-23T17:21:14","date_gmt":"2022-02-23T17:21:14","guid":{"rendered":"https:\/\/miminhosritacatita.com\/?post_type=product&#038;p=27229"},"modified":"2024-11-04T18:41:21","modified_gmt":"2024-11-04T18:41:21","slug":"letra-madeira-nome-crianca","status":"publish","type":"product","link":"https:\/\/miminhosritacatita.com\/it\/batizado\/letras-personalizadas\/letra-madeira-nome-crianca\/","title":{"rendered":"Letra Madeira Nome Crian\u00e7a"},"content":{"rendered":"<h1>Letra Madeira Nome Crian\u00e7a<\/h1>\n<p>Letra Madeira Nome Crian\u00e7a<\/p>\n<p>Dizem que o segredo est\u00e1 nos detalhes\u2026 E n\u00f3s acreditamos! Na nossa loja as Letras Personalizadas s\u00e3o dos nossos detalhes favoritos.<\/p>\n<p>Dos convites \u00e0s lembran\u00e7as\u2026 Como ser\u00e3o os seus? Pense!, porque \u00e9 aqui que o estilo pessoal vai brilhar!<\/p>\n<p>Portanto, feitos com amor, a nossa Letra Personalizada Batizado Madeira s\u00e3o feitos para cada cliente, ideia que resulta dos detalhes da sua hist\u00f3ria. Por isso, vamos j\u00e1 conta-la como ela \u00e9, pelas suas palavras.<\/p>\n<p>Fazemos, na nossa loja, nome em madeira para v\u00e1rios pre\u00e7os e gostos, mantendo sempre a promessa de qualidade.<\/p>\n<h2>A Letra Madeira Nome Crian\u00e7a<\/h2>\n<p>Riteniamo che il merito per <b>Battesimo<\/b> \u00e9 seu, mas que a miss\u00e3o \u00e9 nossa. E, por isso, criamos produtos ajustados ao gosto de cada cliente, cumprindo sempre com a qualidade e perfei\u00e7\u00e3o e bom gosto.<\/p>\n<p>Assim, encontre na Loja Online a resposta para todos os pormenores que far\u00e3o a sua festa \u00fanica.<\/p>\n<p>Tamb\u00e9m alugamos carros para o transporte dos noivos. Para saber o pre\u00e7o contacte-nos e informe a data do Evento \/ a morada de recolha \/ a da Igreja \/ e a do local da boda.<\/p>\n<p>Assim, temos ainda para alugar um insufl\u00e1vel e um escorrega. Portanto, pe\u00e7a o seu or\u00e7amento dizendo em que dia ser\u00e1 o evento e se o deseja levantar em loja ou se pretende que nos desloquemos ao local do evento para a montagem \/ e a desmontagem.<\/p>\n<p>Portanto, encontre aqui a resposta para todos os detalhes que far\u00e3o o seu Batizado \u00fanico. Dos quais Letra Madeira Nome Crian\u00e7a \/ Convites \/ Placas \/ Livros de Honra \/ Lembran\u00e7as.<\/p>\n<ul>\n<li>Mas tamb\u00e9m, as Cestas de Lembran\u00e7as \/ e os Photo Booth \/ e os Cabides. Assim como Flutes \/ e Talheres \/ e os Sparklers \/ Marcadores de mesa \/ e Placas e muito mais.<\/li>\n<\/ul>\n<p>Tamb\u00e9m temos Lembran\u00e7as especiais para padrinhos \/ e os Livros Honra Alternativos \/ e Caixas de Envelopes. E ainda, as Ofertas para Padrinhos \/ e as Argolas de Guardanapos\/ e as Ementas.<\/p>\n<p><strong>Vedi anche: <a href=\"https:\/\/miminhosritacatita.com\/it\/product-category\/batizados\/inviti-di-battesimo\/\">Inviti al battesimo<\/a><\/strong><\/p>\n<p><strong>Seguiteci su <a href=\"https:\/\/www.instagram.com\/miminhos.rita.catita\/\" target=\"_blank\" rel=\"noopener\">Instagram<\/a><\/strong><\/p>","protected":false},"excerpt":{"rendered":"<p>Letra Madeira Nome Crian\u00e7a<\/p>\n<p>Dimens\u00e3o: 14,8cm altura x 12cm largura<\/p>\n<p>Para altera\u00e7\u00f5es indicar nas notas, depois de finalizar a encomenda<\/p>","protected":false},"featured_media":30378,"template":"","meta":[],"product_brand":[],"product_cat":[1098],"product_tag":[],"class_list":{"0":"post-27229","1":"product","2":"type-product","3":"status-publish","4":"has-post-thumbnail","6":"product_cat-letras-personalizadas","8":"first","9":"instock","10":"taxable","11":"shipping-taxable","12":"purchasable","13":"product-type-simple"},"_links":{"self":[{"href":"https:\/\/miminhosritacatita.com\/it\/wp-json\/wp\/v2\/product\/27229","targetHints":{"allow":["GET"]}}],"collection":[{"href":"https:\/\/miminhosritacatita.com\/it\/wp-json\/wp\/v2\/product"}],"about":[{"href":"https:\/\/miminhosritacatita.com\/it\/wp-json\/wp\/v2\/types\/product"}],"wp:featuredmedia":[{"embeddable":true,"href":"https:\/\/miminhosritacatita.com\/it\/wp-json\/wp\/v2\/media\/30378"}],"wp:attachment":[{"href":"https:\/\/miminhosritacatita.com\/it\/wp-json\/wp\/v2\/media?parent=27229"}],"wp:term":[{"taxonomy":"product_brand","embeddable":true,"href":"https:\/\/miminhosritacatita.com\/it\/wp-json\/wp\/v2\/product_brand?post=27229"},{"taxonomy":"product_cat","embeddable":true,"href":"https:\/\/miminhosritacatita.com\/it\/wp-json\/wp\/v2\/product_cat?post=27229"},{"taxonomy":"product_tag","embeddable":true,"href":"https:\/\/miminhosritacatita.com\/it\/wp-json\/wp\/v2\/product_tag?post=27229"}],"curies":[{"name":"wp","href":"https:\/\/api.w.org\/{rel}","templated":true}]}}