{"id":21534,"date":"2021-09-02T18:41:07","date_gmt":"2021-09-02T18:41:07","guid":{"rendered":"https:\/\/miminhosritacatita.com\/?post_type=product&#038;p=21534"},"modified":"2026-03-13T16:27:01","modified_gmt":"2026-03-13T16:27:01","slug":"caixa-para-educadora","status":"publish","type":"product","link":"https:\/\/miminhosritacatita.com\/it\/presentes-personalizados\/prendas-para-educadora\/caixa-para-educadora\/","title":{"rendered":"Caixa Para Educadora"},"content":{"rendered":"<h1>Caixa Para Educadora<\/h1>\n<p>Caixa Para Educadora<\/p>\n<p>Dizem que o segredo est\u00e1 nos detalhes\u2026 E n\u00f3s acreditamos! Na nossa loja a Caixa Para Educadora \u00e9 dos nossos detalhes favoritos.<\/p>\n<p>Dos colares \u00e0s pulseiras\u2026 Como ser\u00e1 a sua? Pense!, porque \u00e9 aqui que aquela prenda especial vai brilhar!<\/p>\n<p>Assim, feitos com amor, os nossos presentes os s\u00e3o feitos para cada cliente, ideia que resulta dos detalhes de cada hist\u00f3ria. Por isso, vamos j\u00e1 conta-la como ela \u00e9, pelas suas palavras.<\/p>\n<p>Temos, na nossa loja, v\u00e1rias Caixa Para Educadora os para v\u00e1rios pre\u00e7os e gostos, mantendo sempre a promessa de qualidade.<\/p>\n<h2>Caixa Para Educadora<\/h2>\n<p>Portanto, entendemos que o m\u00e9rito pelo <b>Matrimonio<\/b> \u00e9 seu, mas que a miss\u00e3o \u00e9 nossa. E, por isso, criamos produtos ajustados ao gosto de cada cliente, cumprindo sempre com a qualidade e perfei\u00e7\u00e3o e bom gosto.<\/p>\n<p>Assim, encontre na Loja Online a resposta para todos os pormenores que far\u00e3o o seu presente \u00fanico.<\/p>\n<p>Tamb\u00e9m alugamos carros para o transporte dos noivos. Para saber o pre\u00e7o contacte-nos e informe a data do Evento \/ a morada de recolha \/ a da Igreja \/ e a do local da boda.<\/p>\n<p>Assim, temos ainda para alugar um insufl\u00e1vel e um escorrega. Portanto, pe\u00e7a o seu or\u00e7amento dizendo em que dia ser\u00e1 o evento e se o deseja levantar em loja ou se pretende que nos desloquemos ao local do evento para a montagem \/ e a desmontagem.<\/p>\n<ul>\n<li>Como tal, encontre aqui a resposta para todos os detalhes que far\u00e3o o seu Presente \u00fanico. Dos quais Caixa Para Educadora \/ Mealheiro com colar \/ Colares Personalizados \/ Kit da Educadora e muito mais!<\/li>\n<\/ul>\n<p>E ainda, temos tamb\u00e9m para este dia especial mais presentes diferentes e originais para oferecer a professoras e educadoras, uma Caixa Chocolate ao seu gosto \/ uma esferogr\u00e1fica personalizada \/ ou os Chocolates com uma mensagem.<\/p>\n<p>Portanto, encontre aqui o prenda ideal para a melhor auxiliar \/educadora \/ professora, encomende j\u00e1.<\/p>\n<p><strong>Vedi anche: <a href=\"https:\/\/miminhosritacatita.com\/it\/product\/agenda-da-noiva\/\">Diario della sposa<\/a><\/strong><\/p>\n<p><strong>Siga-nos no<a href=\"https:\/\/www.instagram.com\/miminhos.rita.catita\/\" target=\"_blank\" rel=\"noopener\"> Instagram<\/a><\/strong><\/p>","protected":false},"excerpt":{"rendered":"<p>Caixa Para Educadora<\/p>\n<p>Dimens\u00e3o da caixa: 10x10x4,5cm<\/p>\n<p>Para altera\u00e7\u00e3o \u00e0s decora\u00e7\u00f5es indicar nas &#8220;Notas&#8221;, depois de finalizar a encomenda<\/p>\n<p>Podemos fazer para educadora, professora, auxiliar ou outro.<\/p>","protected":false},"featured_media":40570,"template":"","meta":[],"product_brand":[],"product_cat":[1053],"product_tag":[],"class_list":{"0":"post-21534","1":"product","2":"type-product","3":"status-publish","4":"has-post-thumbnail","6":"product_cat-prendas-para-educadora","8":"first","9":"instock","10":"taxable","11":"shipping-taxable","12":"purchasable","13":"product-type-simple"},"_links":{"self":[{"href":"https:\/\/miminhosritacatita.com\/it\/wp-json\/wp\/v2\/product\/21534","targetHints":{"allow":["GET"]}}],"collection":[{"href":"https:\/\/miminhosritacatita.com\/it\/wp-json\/wp\/v2\/product"}],"about":[{"href":"https:\/\/miminhosritacatita.com\/it\/wp-json\/wp\/v2\/types\/product"}],"wp:featuredmedia":[{"embeddable":true,"href":"https:\/\/miminhosritacatita.com\/it\/wp-json\/wp\/v2\/media\/40570"}],"wp:attachment":[{"href":"https:\/\/miminhosritacatita.com\/it\/wp-json\/wp\/v2\/media?parent=21534"}],"wp:term":[{"taxonomy":"product_brand","embeddable":true,"href":"https:\/\/miminhosritacatita.com\/it\/wp-json\/wp\/v2\/product_brand?post=21534"},{"taxonomy":"product_cat","embeddable":true,"href":"https:\/\/miminhosritacatita.com\/it\/wp-json\/wp\/v2\/product_cat?post=21534"},{"taxonomy":"product_tag","embeddable":true,"href":"https:\/\/miminhosritacatita.com\/it\/wp-json\/wp\/v2\/product_tag?post=21534"}],"curies":[{"name":"wp","href":"https:\/\/api.w.org\/{rel}","templated":true}]}}