{"id":19022,"date":"2021-04-12T16:22:51","date_gmt":"2021-04-12T16:22:51","guid":{"rendered":"https:\/\/miminhosritacatita.com\/?post_type=product&#038;p=19022"},"modified":"2025-01-31T16:24:17","modified_gmt":"2025-01-31T16:24:17","slug":"coracao-presente-ma-avo","status":"publish","type":"product","link":"https:\/\/miminhosritacatita.com\/it\/presentes-personalizados\/prendas-dia-da-mae\/coracao-presente-ma-avo\/","title":{"rendered":"Cora\u00e7\u00e3o Presente M\u00e3e Av\u00f3"},"content":{"rendered":"<h1>Cora\u00e7\u00e3o Presente M\u00e3e Av\u00f3<\/h1>\n<p>Cora\u00e7\u00e3o Presente M\u00e3e Av\u00f3<\/p>\n<p>Dizem que o segredo est\u00e1 nos detalhes\u2026 E n\u00f3s acreditamos! Na nossa loja os Presentes para o Dia da M\u00e3e s\u00e3o dos nossos detalhes favoritos.<\/p>\n<p>Assim, para o Dia da M\u00e3e\u2026 Qual ser\u00e1 o presente escolhido? Pense!, porque \u00e9 aqui que o estilo pessoal vai brilhar!<\/p>\n<h2>O Cora\u00e7\u00e3o Presente M\u00e3e Av\u00f3<\/h2>\n<p>Portanto, feitos com amor, nossos produtos s\u00e3o feitos para cada cliente, ideia que resulta dos detalhes da sua hist\u00f3ria. Por isso, vamos j\u00e1 conta-la como ela \u00e9, pelas suas palavras.<\/p>\n<p>No entanto, temos, na nossa loja, como presente m\u00e3e e av\u00f3,\u00a0 prendas para v\u00e1rios pre\u00e7os e gostos, mantendo sempre a promessa de qualidade.<\/p>\n<p>O m\u00e9rito pelo Presente \u00e9 seu, mas que a miss\u00e3o \u00e9 nossa. E, por isso, criamos produtos feitos ao gosto de cada cliente, cumprindo sempre com a qualidade e perfei\u00e7\u00e3o e bom gosto.<\/p>\n<p>Portanto, encontre j\u00e1 e aqui a resposta para todos os detalhes que far\u00e3o este dia \u00fanico.<\/p>\n<ul>\n<li>Dos quais, as molduras com a vossa foto e uma mensagem especial \/ o Martelo com mensagem \/ ou os Chinelos de Quarto \/ ou a Prenda Original Mam\u00e3 \/ ou a moldura mealheiro para os sonhos da Mam\u00e3.<\/li>\n<\/ul>\n<p>Assim, encontre na Loja Online a resposta para todos os detalhes que far\u00e3o a sua festa \u00fanica.<\/p>\n<p>E ainda, temos tamb\u00e9m para este dia especial mais presentes diferentes e originais para oferecer \u00e0 Melhor M\u00e3e, uma Caixa Chocolate ao seu gosto \/ ou uma caixa com chocolates e uma bebida \/ ou os Chocolates com uma mensagem.<\/p>\n<p>Encontre aqui o prenda ideal para a melhor m\u00e3e do mundo, encomende j\u00e1 o Cora\u00e7\u00e3o Presente M\u00e3e Av\u00f3.<\/p>\n<p>Veja Tamb\u00e9m: <a href=\"https:\/\/miminhosritacatita.com\/it\/product\/agenda-da-noiva\/\">Agenda da Noiva<\/a><\/p>\n<p><strong>Siga-nos no<a href=\"https:\/\/www.instagram.com\/miminhos.rita.catita\/\" target=\"_blank\" rel=\"noopener\"> Instagram<\/a><\/strong><\/p>","protected":false},"excerpt":{"rendered":"<p>Cora\u00e7\u00e3o Presente M\u00e3e Av\u00f3<\/p>\n<p>Para altera\u00e7\u00f5es, indique nas notas depois de finalizar a sua encomenda.<\/p>\n<p>O Dia da M\u00e3e est\u00e1 a chegar, encomende j\u00e1 o presente ideal para a Melhor M\u00e3e do Mundo!<\/p>","protected":false},"featured_media":38371,"template":"","meta":[],"product_brand":[],"product_cat":[1076],"product_tag":[],"class_list":{"0":"post-19022","1":"product","2":"type-product","3":"status-publish","4":"has-post-thumbnail","6":"product_cat-prendas-dia-da-mae","8":"first","9":"instock","10":"taxable","11":"shipping-taxable","12":"purchasable","13":"product-type-simple"},"_links":{"self":[{"href":"https:\/\/miminhosritacatita.com\/it\/wp-json\/wp\/v2\/product\/19022","targetHints":{"allow":["GET"]}}],"collection":[{"href":"https:\/\/miminhosritacatita.com\/it\/wp-json\/wp\/v2\/product"}],"about":[{"href":"https:\/\/miminhosritacatita.com\/it\/wp-json\/wp\/v2\/types\/product"}],"wp:featuredmedia":[{"embeddable":true,"href":"https:\/\/miminhosritacatita.com\/it\/wp-json\/wp\/v2\/media\/38371"}],"wp:attachment":[{"href":"https:\/\/miminhosritacatita.com\/it\/wp-json\/wp\/v2\/media?parent=19022"}],"wp:term":[{"taxonomy":"product_brand","embeddable":true,"href":"https:\/\/miminhosritacatita.com\/it\/wp-json\/wp\/v2\/product_brand?post=19022"},{"taxonomy":"product_cat","embeddable":true,"href":"https:\/\/miminhosritacatita.com\/it\/wp-json\/wp\/v2\/product_cat?post=19022"},{"taxonomy":"product_tag","embeddable":true,"href":"https:\/\/miminhosritacatita.com\/it\/wp-json\/wp\/v2\/product_tag?post=19022"}],"curies":[{"name":"wp","href":"https:\/\/api.w.org\/{rel}","templated":true}]}}