{"id":17534,"date":"2021-03-05T10:35:58","date_gmt":"2021-03-05T10:35:58","guid":{"rendered":"https:\/\/miminhosritacatita.com\/?post_type=product&#038;p=17534"},"modified":"2025-02-10T12:14:02","modified_gmt":"2025-02-10T12:14:02","slug":"cesto-erdinger-amendoas-pascoa","status":"publish","type":"product","link":"https:\/\/miminhosritacatita.com\/it\/presentes-personalizados\/prendas-pascoa\/cesto-erdinger-amendoas-pascoa\/","title":{"rendered":"Cesto Erdinger Am\u00eandoas P\u00e1scoa"},"content":{"rendered":"<h1>Cesto Erdinger Am\u00eandoas P\u00e1scoa<\/h1>\n<p>Cesto Erdinger Am\u00eandoas P\u00e1scoa<\/p>\n<p>Dizem que o segredo est\u00e1 nos detalhes\u2026 E n\u00f3s acreditamos! Na nossa loja os Presentes para o Dia de Ramos s\u00e3o dos nossos detalhes favoritos.<\/p>\n<p>Assim, das Argola \u00e0s Molduras\u2026 Qual ser\u00e1 o presente escolhido? Pense!, porque \u00e9 aqui que o estilo pessoal vai brilhar!<\/p>\n<h2>O Cesto Erdinger Am\u00eandoas P\u00e1scoa<\/h2>\n<p>Portanto, feitos com amor, alguns produtos j\u00e1 s\u00e3o feitos para cada cliente, ideia que resulta dos detalhes da sua hist\u00f3ria. Por isso, vamos j\u00e1 conta-la como ela \u00e9, pelas suas palavras.<\/p>\n<p>No entanto, temos, na nossa loja, v\u00e1rios Presentes, para v\u00e1rios pre\u00e7os e gostos, mantendo sempre a promessa de qualidade, como o Cesto Erdinger Am\u00eandoas.<\/p>\n<p>O m\u00e9rito pelo Presente \u00e9 seu, mas que a miss\u00e3o \u00e9 nossa. E, por isso, criamos produtos feitos ao gosto de cada cliente, cumprindo sempre com a qualidade e perfei\u00e7\u00e3o e bom gosto.<\/p>\n<p>Assim, encontre na Loja Online a resposta para todos os detalhes que far\u00e3o a sua festa \u00fanica.<\/p>\n<p>Portanto, encontre j\u00e1 e aqui a resposta para todos os detalhes que far\u00e3o este dia \u00fanico, como o Cesto Erdinger Am\u00eandoas.<\/p>\n<ul>\n<li>Dos quais, as molduras com a vossa foto e uma mensagem especial \/ o Martelo com mensagem \/ ou os Chinelos de Quarto \/ ou a Argola Guardanapo Coelho \/ ou a moldura mealheiro para os sonhos do Pap\u00e1.<\/li>\n<\/ul>\n<p>E ainda, temos tamb\u00e9m para este dia especial mais presentes diferentes e originais para oferecer ao Melhor Padrinho, uma Caixa Chocolate ao seu gosto \/ ou uma caixa com chocolates e uma bebida \/ ou os Chocolates com uma mensagem.<\/p>\n<p>Encontre aqui o prenda ideal para os melhores Padrinhos do Mundo, encomende j\u00e1.<\/p>\n<p>Vedi anche: <a href=\"https:\/\/miminhosritacatita.com\/it\/product\/agenda-da-noiva\/\">Diario della sposa<\/a><\/p>\n<p><strong>Siga-nos no<a href=\"https:\/\/www.instagram.com\/miminhos.rita.catita\/\" target=\"_blank\" rel=\"noopener\"> Instagram<\/a><\/strong><\/p>","protected":false},"excerpt":{"rendered":"<p>Cesto Erdinger Am\u00eandoas P\u00e1scoa (restantes artigos fazem parte do cen\u00e1rio)<\/p>\n<p>Para altera\u00e7\u00f5es indicar nas &#8220;Notas&#8221; depois de finalizar a encomenda.<\/p>\n<p>O Dia de Ramos est\u00e1 a chegar, \u00e9 j\u00e1 dia 10 de Abril, encomende j\u00e1 o presente ideal para a Melhor Madrinha do Mundo!<\/p>","protected":false},"featured_media":28791,"template":"","meta":[],"product_brand":[],"product_cat":[1073],"product_tag":[],"class_list":{"0":"post-17534","1":"product","2":"type-product","3":"status-publish","4":"has-post-thumbnail","6":"product_cat-prendas-pascoa","8":"first","9":"instock","10":"taxable","11":"shipping-taxable","12":"purchasable","13":"product-type-simple"},"_links":{"self":[{"href":"https:\/\/miminhosritacatita.com\/it\/wp-json\/wp\/v2\/product\/17534","targetHints":{"allow":["GET"]}}],"collection":[{"href":"https:\/\/miminhosritacatita.com\/it\/wp-json\/wp\/v2\/product"}],"about":[{"href":"https:\/\/miminhosritacatita.com\/it\/wp-json\/wp\/v2\/types\/product"}],"wp:featuredmedia":[{"embeddable":true,"href":"https:\/\/miminhosritacatita.com\/it\/wp-json\/wp\/v2\/media\/28791"}],"wp:attachment":[{"href":"https:\/\/miminhosritacatita.com\/it\/wp-json\/wp\/v2\/media?parent=17534"}],"wp:term":[{"taxonomy":"product_brand","embeddable":true,"href":"https:\/\/miminhosritacatita.com\/it\/wp-json\/wp\/v2\/product_brand?post=17534"},{"taxonomy":"product_cat","embeddable":true,"href":"https:\/\/miminhosritacatita.com\/it\/wp-json\/wp\/v2\/product_cat?post=17534"},{"taxonomy":"product_tag","embeddable":true,"href":"https:\/\/miminhosritacatita.com\/it\/wp-json\/wp\/v2\/product_tag?post=17534"}],"curies":[{"name":"wp","href":"https:\/\/api.w.org\/{rel}","templated":true}]}}