{"id":13832,"date":"2020-07-09T11:35:38","date_gmt":"2020-07-09T11:35:38","guid":{"rendered":"https:\/\/miminhosritacatita.com\/?post_type=product&#038;p=13832"},"modified":"2025-02-04T12:35:22","modified_gmt":"2025-02-04T12:35:22","slug":"bloco-notas-professora-bambu","status":"publish","type":"product","link":"https:\/\/miminhosritacatita.com\/it\/presentes-personalizados\/prendas-para-educadora\/bloco-notas-professora-bambu\/","title":{"rendered":"Bloco Notas Professora Bambu"},"content":{"rendered":"<h1>Bloco Notas Professora Bambu<\/h1>\n<p>Bloco Notas Professora Bambu<\/p>\n<p>Estamos sempre presentes nos momentos mais importantes da sua vida com <strong>presentes<\/strong> para os momentos especiais!<\/p>\n<p>O que mais gostamos nas <strong>Prendas <\/strong>\u00e9 de as ligar a elementos pessoais \/ \u00fanicos de cada hist\u00f3ria. Qual \u00e9 a sua?<\/p>\n<p>Sabemos que o m\u00e9rito pela Prenda \u00e9 seu, mas que a miss\u00e3o \u00e9 nossa. E, por isso, criamos prendas \u00fanicas e ao seu gosto, cumprindo sempre com a qualidade e perfei\u00e7\u00e3o e bom gosto.<\/p>\n<h2>Bloco Notas Professora Bambu<\/h2>\n<p>As nossas <strong>Prendas<\/strong> j\u00e1 s\u00e3o o resultado de uma combina\u00e7\u00e3o, pelo que trabalhamos para manter a mudan\u00e7a.<\/p>\n<p>Fazemos <strong>Prendas para Educadoras \/ Professoras,<\/strong> de acordo com o seu gosto.<\/p>\n<p>Para al\u00e9m disso, as <strong>Prendas de Professoras<\/strong> s\u00e3o produzidas c\u00e1, o que nos d\u00e1 controlo sobre o prazo de produ\u00e7\u00e3o.<\/p>\n<p>Tem uma prenda para oferecer e n\u00e3o sabe o que escolher? Pois bem, aqui temos a sua prenda ideal.<\/p>\n<p>Uma vez que as nossas prendas s\u00e3o feitas c\u00e1, saiba que al\u00e9m do que temos online, pode tamb\u00e9m dizer-nos qual a sua ideia, e n\u00f3s fazemos. Nestes artigos podemos criar a seu gosto, no entanto contacte-nos primeiro a confirmar se \u00e9 poss\u00edvel o seu pedido.<\/p>\n<ul>\n<li>Assim, como sugest\u00f5es temos Molduras com foto \/ Caixa de chocolates \/ Canetas \/ Blocos de notas. E ainda, Pins \/ Kit de Bloco de notas com espelho \/ Kit de Baton com Espelho \/ Pulseiras \/ colares.<\/li>\n<\/ul>\n<p>Encontre na Loja Online tudo o que procura para que a sua prenda seja \u00fanica.<\/p>\n<p>Inspire-se no nosso trabalho e tenha j\u00e1 mais ideias de <strong>ofertas<\/strong>, desde as mais simples, \u00e0s mais elegantes e mais formais, at\u00e9 aos mais divertidos.<\/p>\n<p>Portanto, veja j\u00e1, em baixo alguns tipos de <strong>Prendas<\/strong> criadas na loja da Miminhos.\u200b<\/p>\n<p><strong>Siga-nos no<a href=\"https:\/\/www.instagram.com\/miminhos.rita.catita\/\" target=\"_blank\" rel=\"noopener\"> Instagram<\/a><\/strong><\/p>","protected":false},"excerpt":{"rendered":"<p>amanho aproximado A6, 70 folhas pautadas de papel reciclado 70gsm. Bloco de argolas. Inclu\u00ed uma esferogr\u00e1fica em bamboo. Escrita azul, sistema pulsar.<\/p>\n<p>Para altera\u00e7\u00e3o \u00e0s decora\u00e7\u00f5es indicar nas &#8220;Notas&#8221;<\/p>","protected":false},"featured_media":30262,"template":"","meta":[],"product_brand":[],"product_cat":[1053],"product_tag":[],"class_list":{"0":"post-13832","1":"product","2":"type-product","3":"status-publish","4":"has-post-thumbnail","6":"product_cat-prendas-para-educadora","8":"first","9":"instock","10":"taxable","11":"shipping-taxable","12":"purchasable","13":"product-type-simple"},"_links":{"self":[{"href":"https:\/\/miminhosritacatita.com\/it\/wp-json\/wp\/v2\/product\/13832","targetHints":{"allow":["GET"]}}],"collection":[{"href":"https:\/\/miminhosritacatita.com\/it\/wp-json\/wp\/v2\/product"}],"about":[{"href":"https:\/\/miminhosritacatita.com\/it\/wp-json\/wp\/v2\/types\/product"}],"wp:featuredmedia":[{"embeddable":true,"href":"https:\/\/miminhosritacatita.com\/it\/wp-json\/wp\/v2\/media\/30262"}],"wp:attachment":[{"href":"https:\/\/miminhosritacatita.com\/it\/wp-json\/wp\/v2\/media?parent=13832"}],"wp:term":[{"taxonomy":"product_brand","embeddable":true,"href":"https:\/\/miminhosritacatita.com\/it\/wp-json\/wp\/v2\/product_brand?post=13832"},{"taxonomy":"product_cat","embeddable":true,"href":"https:\/\/miminhosritacatita.com\/it\/wp-json\/wp\/v2\/product_cat?post=13832"},{"taxonomy":"product_tag","embeddable":true,"href":"https:\/\/miminhosritacatita.com\/it\/wp-json\/wp\/v2\/product_tag?post=13832"}],"curies":[{"name":"wp","href":"https:\/\/api.w.org\/{rel}","templated":true}]}}