{"id":10436,"date":"2020-01-28T12:48:09","date_gmt":"2020-01-28T12:48:09","guid":{"rendered":"https:\/\/miminhosritacatita.com\/?post_type=product&#038;p=10436"},"modified":"2026-02-25T12:33:45","modified_gmt":"2026-02-25T12:33:45","slug":"pulseira-dama-honra-casamento","status":"publish","type":"product","link":"https:\/\/miminhosritacatita.com\/it\/casamento\/acessorios-para-noiva\/pulseira-dama-de-honra\/pulseira-dama-honra-casamento\/","title":{"rendered":"Pulseira Dama Honra Casamento"},"content":{"rendered":"<h1>Pulseira Dama Honra Casamento<\/h1>\n<p>Pulseira Dama Honra Casamento<\/p>\n<p>Dizem que o segredo est\u00e1 nos detalhes\u2026 E n\u00f3s acreditamos! Na nossa loja as ligas\u00a0s\u00e3o dos nossos detalhes favoritos.<\/p>\n<p>Das ligas aos robes\u2026 Quais ser\u00e3o os seus <strong>Acess\u00f3rios de Noiva<\/strong>? Pense!, porque \u00e9 aqui que o estilo pessoal vai brilhar!<\/p>\n<p>Feitos com amor, os acess\u00f3rios de noiva \/ 0 s\u00e3o feitos para cada cliente, ideia que resulta dos detalhes da sua hist\u00f3ria. Por isso, vamos j\u00e1 conta-la como ela \u00e9, pelas suas palavras.<\/p>\n<h2>Pulseira Dama Honra Casamento<\/h2>\n<p>Temos, na nossa loja, v\u00e1rias ligas para v\u00e1rios pre\u00e7os e gostos, mantendo sempre a promessa de qualidade.<\/p>\n<p>Riteniamo che il merito per <b>Matrimonio<\/b> \u00e9 seu, mas que a miss\u00e3o \u00e9 nossa. E, por isso, criamos produtos ajustados ao gosto de cada cliente, cumprindo sempre com a qualidade e perfei\u00e7\u00e3o e bom gosto.<\/p>\n<p>Assim, encontre na Loja Online a resposta para todos os pormenores que far\u00e3o a sua festa \u00fanica.<\/p>\n<p>Tamb\u00e9m alugamos carros para o transporte dos noivos. Para saber o pre\u00e7o contacte-nos e informe a data do Evento \/ a morada de recolha \/ a da Igreja \/ e a do local da boda.<\/p>\n<p>Portanto, encontre aqui a resposta para todos os detalhes que far\u00e3o o seu Casamento \u00fanico. Assim como Pulseira Dama Honra Casamento \/ Convites \/ Porta Alian\u00e7as \/ Livros de Honra \/ Lembran\u00e7as. Mas tamb\u00e9m, Cestas de Lembran\u00e7as \/ e Photo Booth \/ e Cabides. Assim como Flutes \/ e Talheres \/ e Bal\u00f5es \/ e Sparklers \/ e Placas para a entrada da noiva.<\/p>\n<ul>\n<li>Cartelli<\/li>\n<li>Caixas de Envelopes<\/li>\n<li>Marcatori da tavolo<\/li>\n<li>Ementas e Cestas.<\/li>\n<\/ul>\n<p>Assim, tamb\u00e9m temos Ramos de Noiva Artificiais \/ e Ramos de Solteiras \/ e Caixas de Envelopes. E ainda, Ofertas a Pais e Padrinhos \/ e Argolas de Guardanapos\/ e Ementas. Seja como for, estamos aqui para ajudar.<\/p>\n<p><strong>Vedi anche: <a href=\"https:\/\/miminhosritacatita.com\/it\/product\/agenda-da-noiva\/\">Diario della sposa<\/a><\/strong><\/p>\n<p>Seguiteci su <a href=\"https:\/\/www.instagram.com\/miminhos.rita.catita\/\" target=\"_blank\" rel=\"noopener\">Instagram<\/a><\/p>\n<p>&nbsp;<\/p>","protected":false},"excerpt":{"rendered":"<p>Pulseira Dama Honra Casamento de p\u00e9rolas.<\/p>\n<p>Inclui saco como imagem<\/p>\n<p>Para altera\u00e7\u00f5es finalize a sua encomenda e indique nas &#8220;Notas&#8221; quais as altera\u00e7\u00f5es necess\u00e1rias.<\/p>\n<p>&nbsp;<\/p>\n<p>&nbsp;<\/p>\n<p>&nbsp;<\/p>\n<p>&nbsp;<\/p>\n<p>&nbsp;<\/p>\n<p>&nbsp;<\/p>\n<p>&nbsp;<\/p>","protected":false},"featured_media":77068,"template":"","meta":[],"product_brand":[],"product_cat":[1146],"product_tag":[],"class_list":{"0":"post-10436","1":"product","2":"type-product","3":"status-publish","4":"has-post-thumbnail","6":"product_cat-pulseira-dama-de-honra","8":"first","9":"instock","10":"taxable","11":"shipping-taxable","12":"purchasable","13":"product-type-simple"},"_links":{"self":[{"href":"https:\/\/miminhosritacatita.com\/it\/wp-json\/wp\/v2\/product\/10436","targetHints":{"allow":["GET"]}}],"collection":[{"href":"https:\/\/miminhosritacatita.com\/it\/wp-json\/wp\/v2\/product"}],"about":[{"href":"https:\/\/miminhosritacatita.com\/it\/wp-json\/wp\/v2\/types\/product"}],"wp:featuredmedia":[{"embeddable":true,"href":"https:\/\/miminhosritacatita.com\/it\/wp-json\/wp\/v2\/media\/77068"}],"wp:attachment":[{"href":"https:\/\/miminhosritacatita.com\/it\/wp-json\/wp\/v2\/media?parent=10436"}],"wp:term":[{"taxonomy":"product_brand","embeddable":true,"href":"https:\/\/miminhosritacatita.com\/it\/wp-json\/wp\/v2\/product_brand?post=10436"},{"taxonomy":"product_cat","embeddable":true,"href":"https:\/\/miminhosritacatita.com\/it\/wp-json\/wp\/v2\/product_cat?post=10436"},{"taxonomy":"product_tag","embeddable":true,"href":"https:\/\/miminhosritacatita.com\/it\/wp-json\/wp\/v2\/product_tag?post=10436"}],"curies":[{"name":"wp","href":"https:\/\/api.w.org\/{rel}","templated":true}]}}