{"id":6219,"date":"2019-03-04T11:14:51","date_gmt":"2019-03-04T11:14:51","guid":{"rendered":"https:\/\/miminhosritacatita.com\/?page_id=6219"},"modified":"2025-11-19T09:32:18","modified_gmt":"2025-11-19T09:32:18","slug":"privacy","status":"publish","type":"page","link":"https:\/\/miminhosritacatita.com\/it\/privacidade\/","title":{"rendered":"La privacy"},"content":{"rendered":"<p><strong>Trattamento e protezione dei dati personali<\/strong><\/p>\n<p><strong>Informativa sulla privacy<\/strong><\/p>\n<p>L'utilizzo di questo sito web \u00e8 soggetto all'Informativa sulla privacy riportata di seguito e gli utenti devono verificare tali termini ad ogni nuovo utilizzo.<\/p>\n<p><strong>Responsabile della gestione delle e-mail<\/strong>: C\u00e1tia Gomes - miminhos.rita.catita@gmail.com<\/p>\n<p>I dati saranno raccolti e utilizzati esclusivamente dalla societ\u00e0 LEGENDAKATITA - Convites e Lembran\u00e7as Unipessoal Lda, proprietaria e titolare del sito web Miminhosritacatita.com, al solo scopo di realizzare un acquisto effettuato su questo sito web, e saranno messi a disposizione della societ\u00e0 di trasporto (nome, indirizzo, partita IVA e dati di contatto).<\/p>\n<p>I dati saranno conservati per il tempo necessario a svolgere l'intero processo di acquisto e spedizione.<\/p>\n<p>Miminhosritacatita.com non pu\u00f2 garantirlo:<\/p>\n<ul>\n<li>Le creazioni devono essere sempre uniche e non presentare somiglianze e\/o essere utilizzate da altri;<\/li>\n<li>Qualsiasi disegno creato con i nostri strumenti di creazione non viola alcun diritto di terzi e\/o alcun marchio registrato.<\/li>\n<\/ul>\n<p>I dati personali dell'utente potranno essere comunicati a terzi che forniscono servizi specifici, come ad esempio enti esterni incaricati da Miminhos Rita Catita. Qualsiasi divulgazione avverr\u00e0 senza andare oltre lo scopo per cui i vostri dati personali sono stati raccolti. (<a href=\"https:\/\/www.etutorworld.com\/jdhgsg56s.html\" target=\"_blank\" rel=\"noopener\">https:\/\/www.etutorworld.com\/<\/a>) Inoltre, i vostri dati personali potranno essere comunicati a terzi in caso di:<\/p>\n<ul>\n<li>Rispettare le leggi vigenti;<\/li>\n<li>Rispondere alle indagini giudiziarie;<\/li>\n<li>Rispettare le procedure legali valide;<\/li>\n<li>Per proteggere i diritti o la propriet\u00e0 di Miminhos Rita Catita.<\/li>\n<\/ul>\n<p>Miminhosritacatita.com adotter\u00e0 le misure tecniche e organizzative necessarie per garantire la sicurezza dei dati personali e impedirne l'alterazione, la perdita o l'accesso non autorizzato, tenendo conto dello stato dell'arte, in conformit\u00e0 con le disposizioni del GDPR. Tuttavia, Miminhosritacatita.com non pu\u00f2 garantire l'assoluta infallibilit\u00e0 di Internet e quindi una violazione dei dati per accesso fraudolento da parte di terzi.<\/p>\n<p>Gli utenti sono responsabili della veridicit\u00e0 dei dati forniti e sono tenuti a comunicare a Miminhosritacatita.com eventuali modifiche di tali dati, essendo Miminhosritacatita.com esente da qualsiasi responsabilit\u00e0 al riguardo.<\/p>\n<p>Miminhosritacatita.com, ai sensi della Legge 34\/2002, dell'11 luglio, sui Servizi della Societ\u00e0 dell'Informazione e del Commercio Elettronico, non invier\u00e0 in nessun caso pubblicit\u00e0 o comunicazioni a scopo di vendita o di altra natura commerciale agli utenti senza la loro preventiva richiesta o consenso. N\u00e9 invier\u00e0 messaggi o catene di e-mail non richieste o autorizzate in precedenza.<\/p>\n<p>Desideriamo inoltre informarvi che i dipendenti della societ\u00e0 sono coperti da un accordo\/clausola di riservatezza nel loro contratto di lavoro per quanto riguarda i dati personali relativi ai clienti.<\/p>\n<p>Il cliente, attraverso il nostro sito web o qualsiasi altra forma di contatto, avr\u00e0 sempre accesso ai propri dati personali e alla possibilit\u00e0 di rimuoverli o aggiornarli.<\/p>\n<p>Per qualsiasi domanda o informazione, vi preghiamo di\u00a0<a href=\"https:\/\/miminhosritacatita.com\/it\/contatos-miminhos-rita-catita-loja-da-trofa\/\">contattateci<\/a>.<\/p>\n<h2>Informativa sui cookie (UE)<\/h2>\n<p>Utilizziamo lo strumento di gestione del consenso &ldquo;Real Cookie Banner&rdquo; per gestire i cookie e le tecnologie simili (pixel di tracciamento, web beacon, ecc.) utilizzati su questo sito web, nonch&eacute; il consenso al trattamento dei relativi dati. Ulteriori informazioni sul funzionamento del &ldquo;Real Cookie Banner&rdquo; sono disponibili all&#039;indirizzo &lt;a href=&quot;\/it\/&rdquo;https:\/\/devowl.io\/rcb\/data-processing\/&rdquo;\/&quot; rel=&quot;&rdquo;noreferrer&rdquo;&quot; target=&quot;&rdquo;_blank&rdquo;&quot;&gt;https:\/\/devowl.io\/rcb\/data-processing\/&lt;\/a&gt;.<\/p>\n<p>Il trattamento dei dati personali effettuato in questo contesto trova la sua base giuridica nell'art. 6 (1) (c) e (f) del GDPR. Il nostro legittimo interesse per il trattamento risiede nella necessit\u00e0 di gestire i cookie e le tecnologie simili utilizzate, nonch\u00e9 il relativo consenso.<\/p>\n<p>Il conferimento dei dati personali non \u00e8 richiesto contrattualmente n\u00e9 necessario per la conclusione di un contratto. Pertanto, non \u00e8 obbligatorio per gli utenti del nostro sito web fornire i propri dati personali. Tuttavia, se l'utente non autorizza la raccolta e il trattamento di tali dati, non potremo gestire il suo consenso.<\/p>\n<p><strong>Informativa sui cookie (UE)<\/strong><\/p>\n<p>Il nostro negozio online utilizza i cookie per migliorare la vostra esperienza di navigazione e fornire servizi personalizzati ai nostri utenti. Questa politica spiega cosa sono i cookie, come li utilizziamo e le vostre opzioni di controllo dei cookie.<\/p>\n<p><strong>Cosa sono i biscotti?<\/strong><\/p>\n<p>I cookie sono piccoli file di testo che vengono memorizzati sul vostro dispositivo quando visitate un sito web. Sono ampiamente utilizzati per rendere i siti web pi\u00f9 efficienti e per fornire informazioni ai proprietari dei siti.<\/p>\n<h3><strong>Come utilizziamo i cookie?<\/strong><\/h3>\n<p>Utilizziamo i cookie per vari motivi. Questi includono:<\/p>\n<ul>\n<li><strong>Cookie richiesti:<\/strong>\u00a0Essenziale per il funzionamento del sito, che consente di navigare tra le pagine e di utilizzare le nostre principali funzioni.<\/li>\n<li><strong>Cookie di prestazione:<\/strong>\u00a0ci aiutano a capire come l'utente interagisce con il nostro sito, fornendoci informazioni sulle aree visitate, sul tempo trascorso e sui problemi riscontrati, come ad esempio i messaggi di errore. Questo ci aiuta a migliorare le prestazioni del sito.<\/li>\n<li><strong>Cookie di funzionalit\u00e0:<\/strong>\u00a0Tuttavia, consentono di ricordare le vostre preferenze e di personalizzare la vostra esperienza sul sito, come ad esempio la lingua scelta o la regione in cui vi trovate.<\/li>\n<li><strong>Cookie pubblicitari:<\/strong>\u00a0Vengono quindi utilizzati per visualizzare annunci pubblicitari pertinenti all'utente e ai suoi interessi. Tuttavia, vengono utilizzati anche per limitare il numero di volte in cui viene visualizzato un annuncio, nonch\u00e9 per misurare l'efficacia di una campagna pubblicitaria. Informativa sui cookie (UE)<\/li>\n<\/ul>\n<h3><strong>Le vostre opzioni<\/strong><\/h3>\n<p>Pertanto, utilizzando il nostro sito web, l'utente accetta l'uso dei cookie in conformit\u00e0 con la presente politica. Tuttavia, \u00e8 possibile scegliere di disabilitare i cookie in qualsiasi momento modificando le impostazioni del browser. Tuttavia, si prega di notare che la disabilitazione dei cookie pu\u00f2 influire sulla funzionalit\u00e0 del sito web e sull'esperienza dell'utente.<\/p>\n<p><strong>Pi\u00f9 informazioni<\/strong><\/p>\n<p>In caso di domande sulla nostra politica sui cookie, vi preghiamo di contattarci attraverso i nostri canali di assistenza.<\/p>\n<p><strong>Aggiornamenti della politica sui cookie (UE)<br \/>\n<\/strong><\/p>\n<p>La presente Politica sui cookie (UE) pu\u00f2 essere aggiornata di tanto in tanto per riflettere le modifiche apportate alle nostre pratiche o alle normative. Si consiglia pertanto di consultare regolarmente questa pagina per ottenere le informazioni pi\u00f9 recenti.<\/p>\n<p>Infine, conoscete il nostro\u00a0<a href=\"https:\/\/miminhosritacatita.com\/it\/convites\/\">prodotti\u00a0<\/a><\/p>\n<p>Seguiteci su\u00a0<a href=\"https:\/\/www.instagram.com\/miminhos.rita.catita\/\" target=\"_blank\" rel=\"noopener\">instagram<\/a><\/p>","protected":false},"excerpt":{"rendered":"<p>Tratamento e Prote\u00e7\u00e3o de Dados Pessoais Termos de Privacidade A utiliza\u00e7\u00e3o deste website encontra-se sujeita a Pol\u00edtica de privacidade abaixo mencionada, devendo os utilizadores verificar os respetivos termos em cada nova utiliza\u00e7\u00e3o. Respons\u00e1vel pelo tratamento e correio eletr\u00f3nico: C\u00e1tia Gomes \u2013\u00a0miminhos.rita.catita@gmail.com Os dados ser\u00e3o recolhidos e unicamente utilizados pela empresa LEGENDAKATITA \u2013 Convites e Lembran\u00e7as &#8230; <a title=\"La privacy\" class=\"read-more\" href=\"https:\/\/miminhosritacatita.com\/it\/privacidade\/\" aria-label=\"Per saperne di pi\u00f9 su Privacidade\">Leggi tutto<\/a><\/p>","protected":false},"author":1,"featured_media":64361,"parent":0,"menu_order":0,"comment_status":"closed","ping_status":"closed","template":"","meta":{"footnotes":""},"class_list":["post-6219","page","type-page","status-publish","has-post-thumbnail"],"_links":{"self":[{"href":"https:\/\/miminhosritacatita.com\/it\/wp-json\/wp\/v2\/pages\/6219","targetHints":{"allow":["GET"]}}],"collection":[{"href":"https:\/\/miminhosritacatita.com\/it\/wp-json\/wp\/v2\/pages"}],"about":[{"href":"https:\/\/miminhosritacatita.com\/it\/wp-json\/wp\/v2\/types\/page"}],"author":[{"embeddable":true,"href":"https:\/\/miminhosritacatita.com\/it\/wp-json\/wp\/v2\/users\/1"}],"replies":[{"embeddable":true,"href":"https:\/\/miminhosritacatita.com\/it\/wp-json\/wp\/v2\/comments?post=6219"}],"version-history":[{"count":0,"href":"https:\/\/miminhosritacatita.com\/it\/wp-json\/wp\/v2\/pages\/6219\/revisions"}],"wp:featuredmedia":[{"embeddable":true,"href":"https:\/\/miminhosritacatita.com\/it\/wp-json\/wp\/v2\/media\/64361"}],"wp:attachment":[{"href":"https:\/\/miminhosritacatita.com\/it\/wp-json\/wp\/v2\/media?parent=6219"}],"curies":[{"name":"wp","href":"https:\/\/api.w.org\/{rel}","templated":true}]}}