{"id":9638,"date":"2019-11-26T12:26:44","date_gmt":"2019-11-26T12:26:44","guid":{"rendered":"https:\/\/miminhosritacatita.com\/?post_type=product&#038;p=9638"},"modified":"2024-01-17T17:48:42","modified_gmt":"2024-01-17T17:48:42","slug":"chucha-personalizada-batismo-bebe","status":"publish","type":"product","link":"https:\/\/miminhosritacatita.com\/fr\/batizado\/acessorios-de-batizado\/chupetas-personalizadas\/chucha-personalizada-batismo-bebe\/","title":{"rendered":"Chucha Personalizada Batismo Beb\u00e9"},"content":{"rendered":"<h2>Chucha Personalizada Batismo Beb\u00e9<\/h2>\n<p>Chucha Personalizada Batismo Beb\u00e9<\/p>\n<p>Le Bapt\u00eame est l'une des \u00e9tapes les plus importantes de la croissance de votre enfant et elle approche. Et nous sommes convaincus que c'est une raison de c\u00e9l\u00e9brer.<\/p>\n<p>Todos os detalhes contam, desde o nome do seu filho, \u00e0 data do nascimento, at\u00e9 \u00e0 lista de convidados!\u00a0 Porque vamos j\u00e1 come\u00e7ar a preparar o Batismo mais doce de sempre.<\/p>\n<p>Nous comprenons que le m\u00e9rite du <strong>Batismo <\/strong>\u00e9 seu, mas que a miss\u00e3o \u00e9 nossa. E, por isso, criamos uma Chupeta Personalizada, \u00fanica e adaptada ao gosto de cada cliente, cumprindo sempre com a qualidade e perfei\u00e7\u00e3o e bom gosto.<\/p>\n<p>Feitos com amor, os nossos Conjuntos s\u00e3o feitos para cada cliente. Pois na altura em que nascem, todos os beb\u00e9s j\u00e1 tem a sua hist\u00f3ria.<\/p>\n<h4>A Chucha Personalizada Batismo Beb\u00e9 \u00e9 top!<\/h4>\n<p>Et chez Miminhos, nous savons d\u00e9j\u00e0 que les bougies sont un bon pr\u00e9texte pour raconter votre histoire !<\/p>\n<p>Feitos com amor, os Conjuntos s\u00e3o feitos para cada cliente, ideia que resulta dos detalhes da sua hist\u00f3ria. Por isso, vamos j\u00e1 conta-la como ela \u00e9, pelas suas palavras.<\/p>\n<p>Temos conjuntos de todas as formas e cores e materiais e tamb\u00e9m a todos os pre\u00e7os. Al\u00e9m disso, a nossa Chucha Personalizada Batismo Beb\u00e9 \u00e9 feita c\u00e1, j\u00e1 que \u00e9 o que nos d\u00e1 o controlo sobre o prazo de produ\u00e7\u00e3o.<\/p>\n<p>Compre j\u00e1 na Loja Online da Miminhos os produtos que far\u00e3o da sua festa<strong>, <\/strong>a melhor. Dos quais, Convites e Lembran\u00e7as e Conjuntos e Livros de Honra.<\/p>\n<ul>\n<li>Et aussi des pancartes, des bo\u00eetes \u00e0 enveloppes, des marqueurs de table, des menus et des paniers.<\/li>\n<\/ul>\n<p>Mais aussi Baby Shower, Robes, Costumes et Cake Toppers. Nous avons \u00e9galement une structure gonflable et un toboggan \u00e0 louer.<\/p>\n<p class=\"font_3\">Inspire-se no nosso trabalho e tenha j\u00e1 mais ideias de <strong>bapt\u00eame<\/strong>, des plus simples aux plus \u00e9l\u00e9gantes et formelles, en passant par les plus amusantes.<\/p>\n<p class=\"font_2\">Assim, combine j\u00e1 o design da sua Chucha Personalizada Batismo Beb\u00e9 com o ambiente que quer apresentar aos seus convidados no dia.<\/p>\n<p class=\"font_3\">Voici donc un aper\u00e7u de quelques-uns des types de <strong>conjuntos<\/strong> criados na loja da Miminhos.\u200b<\/p>\n<p><strong>Voir aussi <a href=\"https:\/\/miminhosritacatita.com\/fr\/categorie-produit\/batizados\/\">Articles sur le bapt\u00eame<\/a><\/strong><\/p>\n<p><strong>Visite o n\/ Facebook:<\/strong> <a href=\"https:\/\/www.facebook.com\/pg\/miminhos.ritacatita\/photos\/?tab=albums\" target=\"_blank\" rel=\"noopener\">C\u00e2lins Rita Catita<\/a><\/p>\n<p>&nbsp;<\/p>","protected":false},"excerpt":{"rendered":"<p>Chucha Personalizada Batismo Beb\u00e9, produzida, personalizada e impressa ao seu gosto.<\/p>\n<p>Para altera\u00e7\u00f5es \u00e0s cores e idade do beb\u00e9, indicar nas &#8220;notas&#8221;.<\/p>","protected":false},"featured_media":10832,"template":"","meta":[],"product_brand":[],"product_cat":[1169],"product_tag":[],"class_list":{"0":"post-9638","1":"product","2":"type-product","3":"status-publish","4":"has-post-thumbnail","6":"product_cat-chupetas-personalizadas","8":"first","9":"instock","10":"taxable","11":"shipping-taxable","12":"purchasable","13":"product-type-simple"},"_links":{"self":[{"href":"https:\/\/miminhosritacatita.com\/fr\/wp-json\/wp\/v2\/product\/9638","targetHints":{"allow":["GET"]}}],"collection":[{"href":"https:\/\/miminhosritacatita.com\/fr\/wp-json\/wp\/v2\/product"}],"about":[{"href":"https:\/\/miminhosritacatita.com\/fr\/wp-json\/wp\/v2\/types\/product"}],"wp:featuredmedia":[{"embeddable":true,"href":"https:\/\/miminhosritacatita.com\/fr\/wp-json\/wp\/v2\/media\/10832"}],"wp:attachment":[{"href":"https:\/\/miminhosritacatita.com\/fr\/wp-json\/wp\/v2\/media?parent=9638"}],"wp:term":[{"taxonomy":"product_brand","embeddable":true,"href":"https:\/\/miminhosritacatita.com\/fr\/wp-json\/wp\/v2\/product_brand?post=9638"},{"taxonomy":"product_cat","embeddable":true,"href":"https:\/\/miminhosritacatita.com\/fr\/wp-json\/wp\/v2\/product_cat?post=9638"},{"taxonomy":"product_tag","embeddable":true,"href":"https:\/\/miminhosritacatita.com\/fr\/wp-json\/wp\/v2\/product_tag?post=9638"}],"curies":[{"name":"wp","href":"https:\/\/api.w.org\/{rel}","templated":true}]}}