{"id":9322,"date":"2019-11-06T18:54:45","date_gmt":"2019-11-06T18:54:45","guid":{"rendered":"https:\/\/miminhosritacatita.com\/?post_type=product&#038;p=9322"},"modified":"2025-10-07T13:29:47","modified_gmt":"2025-10-07T13:29:47","slug":"convites-casamento-luxo-estilo","status":"publish","type":"product","link":"https:\/\/miminhosritacatita.com\/fr\/casamento\/convites-de-casamento\/convites-casamento-luxo-estilo\/","title":{"rendered":"Invitations Mariage Luxe Style"},"content":{"rendered":"<h1>Invitations Mariage Luxe Style<\/h1>\n<p>Invitations Mariage Luxe Style<\/p>\n<p>C'est officiel, la date est fix\u00e9e ! Et chez Miminhos Rita Catita, nous voulons savoir : quel est le jour de votre mariage ? Parce que les faire-part de mariage de vos r\u00eaves peuvent maintenant devenir r\u00e9alit\u00e9.<\/p>\n<p>On dit que le secret r\u00e9side dans les d\u00e9tails... Et nous y croyons ! Dans notre boutique, les Faire-part de mariage sont parmi nos d\u00e9tails pr\u00e9f\u00e9r\u00e9s.<\/p>\n<p>Des robes \u00e0 bretelles... Comment sera votre faire-part de mariage ? R\u00e9fl\u00e9chissez, car c'est ici que votre style personnel brillera !<\/p>\n<p>Feitos com amor, os nossos Convites Casamento Luxo Estilo s\u00e3o feitos para cada cliente, ideia que resulta dos detalhes da sua hist\u00f3ria. Por isso, vamos j\u00e1 conta-la como ela \u00e9, pelas suas palavras.<\/p>\n<p>Nous avons, dans notre magasin, plusieurs Faire-part de Mariage, pour diff\u00e9rents prix et go\u00fbts, en maintenant toujours la promesse de qualit\u00e9.<\/p>\n<h2>Os Convites Casamento Luxo Estilo<\/h2>\n<p>Nous comprenons que le m\u00e9rite du <b>Mariage<\/b> Et c'est \u00e0 vous, mais la mission est la n\u00f4tre. Et, pour cela, nous cr\u00e9ons des produits adapt\u00e9s aux go\u00fbts de chaque client, en respectant toujours la qualit\u00e9, la perfection et le bon go\u00fbt.<\/p>\n<p>Ainsi, trouvez dans la Boutique en Ligne la r\u00e9ponse \u00e0 tous les d\u00e9tails qui rendront votre f\u00eate unique, comme le faire-part de mariage.<\/p>\n<p>Nous louons \u00e9galement des voitures pour le transport des mari\u00e9s. Par cons\u00e9quent, pour conna\u00eetre le prix, contactez-nous et indiquez la date de l'\u00e9v\u00e9nement \/ l'adresse de prise en charge \/ celle de l'\u00e9glise \/ et celle du lieu de r\u00e9ception.<\/p>\n<p>Ainsi, nous avons \u00e9galement encore \u00e0 louer un ch\u00e2teau gonflable et un toboggan. Par cons\u00e9quent, demandez votre devis en pr\u00e9cisant le jour de l'\u00e9v\u00e9nement et si vous souhaitez le retirer en magasin ou si vous souhaitez que nous nous d\u00e9placions sur le lieu de l'\u00e9v\u00e9nement pour l'installation \/ et le d\u00e9sassemblage.<\/p>\n<p>Portanto, encontre aqui a resposta para todos os detalhes que far\u00e3o o seu Casamento \u00fanico. Dos quais Convites Casamento Luxo Estilo \/ Porta Alian\u00e7as \/ Livros de Honra \/ Lembran\u00e7as.<\/p>\n<ul>\n<li>Mais aussi, Paniers-cadeaux \/ et Photomatons \/ et Cintres. Ainsi que des Fl\u00fbtes \/ et des Couverts \/ et les Ballons \/ et les \u00c9tincelles \/ et les Panneaux \u201c Voici la mari\u00e9e \u201d.<\/li>\n<\/ul>\n<p>Nous avons \u00e9galement des bouquets de mari\u00e9e artificiels \/ et des bouquets de jeune fille \/ et des bo\u00eetes \u00e0 enveloppes. Nous avons aussi des cadeaux pour les p\u00e8res et les parrains \/ et des ronds de serviette \/ et des menus. Quoi qu'il en soit, commandez vos invitations de mariage d\u00e8s maintenant !<\/p>\n<p><strong>Voir aussi : <a href=\"https:\/\/miminhosritacatita.com\/fr\/produit\/agenda-de-la-mariee\/\">Agenda de la mari\u00e9e<\/a><\/strong><\/p>\n<p>Suivez-nous sur <a href=\"https:\/\/www.instagram.com\/miminhos.rita.catita\/\" target=\"_blank\" rel=\"noopener\">Instagram<\/a><\/p>\n<p>&nbsp;<\/p>","protected":false},"excerpt":{"rendered":"<p>Invitations Mariage Luxe Style<\/p>\n<p>Dimens\u00e3o: 14,8 x 21cm<\/p>\n<p>Est\u00e3o inclu\u00eddos 2 cart\u00f5es mais a manga que os abra\u00e7a<\/p>\n<p>Para altera\u00e7\u00f5es indicar nas &#8220;Notas&#8221;<\/p>\n<p>&nbsp;<\/p>","protected":false},"featured_media":61248,"template":"","meta":[],"product_brand":[],"product_cat":[379],"product_tag":[],"class_list":{"0":"post-9322","1":"product","2":"type-product","3":"status-publish","4":"has-post-thumbnail","6":"product_cat-convites-de-casamento","8":"first","9":"instock","10":"taxable","11":"shipping-taxable","12":"purchasable","13":"product-type-simple"},"_links":{"self":[{"href":"https:\/\/miminhosritacatita.com\/fr\/wp-json\/wp\/v2\/product\/9322","targetHints":{"allow":["GET"]}}],"collection":[{"href":"https:\/\/miminhosritacatita.com\/fr\/wp-json\/wp\/v2\/product"}],"about":[{"href":"https:\/\/miminhosritacatita.com\/fr\/wp-json\/wp\/v2\/types\/product"}],"wp:featuredmedia":[{"embeddable":true,"href":"https:\/\/miminhosritacatita.com\/fr\/wp-json\/wp\/v2\/media\/61248"}],"wp:attachment":[{"href":"https:\/\/miminhosritacatita.com\/fr\/wp-json\/wp\/v2\/media?parent=9322"}],"wp:term":[{"taxonomy":"product_brand","embeddable":true,"href":"https:\/\/miminhosritacatita.com\/fr\/wp-json\/wp\/v2\/product_brand?post=9322"},{"taxonomy":"product_cat","embeddable":true,"href":"https:\/\/miminhosritacatita.com\/fr\/wp-json\/wp\/v2\/product_cat?post=9322"},{"taxonomy":"product_tag","embeddable":true,"href":"https:\/\/miminhosritacatita.com\/fr\/wp-json\/wp\/v2\/product_tag?post=9322"}],"curies":[{"name":"wp","href":"https:\/\/api.w.org\/{rel}","templated":true}]}}