{"id":9196,"date":"2019-10-28T12:17:14","date_gmt":"2019-10-28T12:17:14","guid":{"rendered":"https:\/\/miminhosritacatita.com\/?post_type=product&#038;p=9196"},"modified":"2025-01-14T17:38:29","modified_gmt":"2025-01-14T17:38:29","slug":"lembranca-criancas-domino-animais","status":"publish","type":"product","link":"https:\/\/miminhosritacatita.com\/fr\/casamento\/lembrancas-de-casamento-para-criancas\/lembranca-criancas-domino-animais\/","title":{"rendered":"Lembran\u00e7a Crian\u00e7as Domin\u00f3 Animais"},"content":{"rendered":"<h1>Lembran\u00e7a Crian\u00e7as Domin\u00f3 Animais<\/h1>\n<p>Lembran\u00e7a Crian\u00e7as Domin\u00f3 Animais<\/p>\n<p>Dizem que o segredo est\u00e1 nos detalhes\u2026 E n\u00f3s acreditamos! Na nossa loja as Lembran\u00e7as de Casamento s\u00e3o dos nossos detalhes favoritos.<\/p>\n<p>Dos robes \u00e0s ligas\u2026 Como ser\u00e3o as vossas Lembran\u00e7as de Casamento para Crian\u00e7as? Pense!, porque \u00e9 aqui que o estilo pessoal vai brilhar!<\/p>\n<p>Feitas com amor, as personaliza\u00e7\u00e3o das Lembran\u00e7a Crian\u00e7as Domin\u00f3 Animais \u00e9 feita para cada cliente, ideia que resulta dos detalhes da sua hist\u00f3ria. Por isso, vamos j\u00e1 conta-la como ela \u00e9, pelas suas palavras.<\/p>\n<p>Temos, na nossa loja, v\u00e1rios Brindes para v\u00e1rios pre\u00e7os e gostos, mantendo sempre a promessa de qualidade.<\/p>\n<h2>As Lembran\u00e7a Crian\u00e7as Domin\u00f3 Animais<\/h2>\n<p>Nous comprenons que le m\u00e9rite du <b>Mariage<\/b> \u00e9 seu, mas que a miss\u00e3o \u00e9 nossa. E, por isso, criamos lembran\u00e7as de crian\u00e7a para casamento ajustadas ao gosto de cada cliente, cumprindo sempre com a qualidade e perfei\u00e7\u00e3o e bom gosto.<\/p>\n<p>Ainsi, trouvez dans la Boutique en Ligne la r\u00e9ponse \u00e0 tous les d\u00e9tails qui rendront votre f\u00eate unique.<\/p>\n<p>Tamb\u00e9m alugamos carros para o transporte dos noivos. Para saber o pre\u00e7o contacte-nos e informe a data do Evento \/ a morada de recolha \/ a da Igreja \/ e a do local da boda. Auriculares para Jovens<\/p>\n<p>Ainsi, nous avons \u00e9galement encore \u00e0 louer un ch\u00e2teau gonflable et un toboggan. Par cons\u00e9quent, demandez votre devis en pr\u00e9cisant le jour de l'\u00e9v\u00e9nement et si vous souhaitez le retirer en magasin ou si vous souhaitez que nous nous d\u00e9placions sur le lieu de l'\u00e9v\u00e9nement pour l'installation \/ et le d\u00e9sassemblage.<\/p>\n<p>Encontre aqui a resposta para todos os detalhes que far\u00e3o o seu Casamento \u00fanico como as Lembran\u00e7a Crian\u00e7as Domin\u00f3. Dos quais:<\/p>\n<ul>\n<li>Convites \/ Porta Alian\u00e7as \/ Livros de Honra \/ Lembran\u00e7as. Mas tamb\u00e9m, as Cestas de Lembran\u00e7as \/ e os Photo Booth \/ e os Cabides. Assim como Flutes \/ e Talheres \/ e os Bal\u00f5es \/ e os Sparklers \/ e Placas \u201cL\u00e1 Vem a Noiva\u201d.<\/li>\n<\/ul>\n<p>Assim, tamb\u00e9m temos Ramos de Noiva Artificiais \/ e os Ramos de Solteiras \/ e Caixas de Envelopes. E ainda, as Ofertas a Pais e Padrinhos \/ e as Argolas de Guardanapos\/ Auriculares para Jovens \/e as Ementas.<\/p>\n<p><strong>Voir aussi : <a href=\"https:\/\/miminhosritacatita.com\/fr\/produit\/agenda-de-la-mariee\/\">Agenda de la mari\u00e9e<\/a><\/strong><\/p>\n<p>Suivez-nous sur <a href=\"https:\/\/www.instagram.com\/miminhos.rita.catita\/\" target=\"_blank\" rel=\"noopener\">Instagram<\/a><\/p>","protected":false},"excerpt":{"rendered":"<p>Lembran\u00e7a Crian\u00e7as Domin\u00f3 Animais<\/p>\n<p>15 x 3 x 5 cm<\/p>\n<p>28 pe\u00e7as<\/p>\n<p>Uma lembran\u00e7a did\u00e1ctica, original e \u00fanica para oferecer no seu casamento \u00e0s crian\u00e7as!<\/p>\n<p>&nbsp;<\/p>\n<p>&nbsp;<\/p>","protected":false},"featured_media":36441,"template":"","meta":[],"product_brand":[],"product_cat":[1002],"product_tag":[],"class_list":{"0":"post-9196","1":"product","2":"type-product","3":"status-publish","4":"has-post-thumbnail","6":"product_cat-lembrancas-de-casamento-para-criancas","8":"first","9":"instock","10":"taxable","11":"shipping-taxable","12":"purchasable","13":"product-type-simple"},"_links":{"self":[{"href":"https:\/\/miminhosritacatita.com\/fr\/wp-json\/wp\/v2\/product\/9196","targetHints":{"allow":["GET"]}}],"collection":[{"href":"https:\/\/miminhosritacatita.com\/fr\/wp-json\/wp\/v2\/product"}],"about":[{"href":"https:\/\/miminhosritacatita.com\/fr\/wp-json\/wp\/v2\/types\/product"}],"wp:featuredmedia":[{"embeddable":true,"href":"https:\/\/miminhosritacatita.com\/fr\/wp-json\/wp\/v2\/media\/36441"}],"wp:attachment":[{"href":"https:\/\/miminhosritacatita.com\/fr\/wp-json\/wp\/v2\/media?parent=9196"}],"wp:term":[{"taxonomy":"product_brand","embeddable":true,"href":"https:\/\/miminhosritacatita.com\/fr\/wp-json\/wp\/v2\/product_brand?post=9196"},{"taxonomy":"product_cat","embeddable":true,"href":"https:\/\/miminhosritacatita.com\/fr\/wp-json\/wp\/v2\/product_cat?post=9196"},{"taxonomy":"product_tag","embeddable":true,"href":"https:\/\/miminhosritacatita.com\/fr\/wp-json\/wp\/v2\/product_tag?post=9196"}],"curies":[{"name":"wp","href":"https:\/\/api.w.org\/{rel}","templated":true}]}}