{"id":8952,"date":"2019-10-10T14:57:06","date_gmt":"2019-10-10T14:57:06","guid":{"rendered":"https:\/\/miminhosritacatita.com\/?post_type=product&#038;p=8952"},"modified":"2026-03-04T14:02:56","modified_gmt":"2026-03-04T14:02:56","slug":"lembranca-casamento-padrinhos-garrafas","status":"publish","type":"product","link":"https:\/\/miminhosritacatita.com\/fr\/casamento\/lembranca-de-casamento-para-padrinhos\/lembranca-casamento-padrinhos-garrafas\/","title":{"rendered":"Lembran\u00e7a Casamento Padrinhos Garrafas"},"content":{"rendered":"<h1>Lembran\u00e7a Casamento Padrinhos Garrafas<\/h1>\n<p>Lembran\u00e7a Casamento Padrinhos Garrafas<\/p>\n<p>Dizem que o segredo est\u00e1 nos detalhes\u2026 E n\u00f3s acreditamos! Na nossa loja a Lembran\u00e7a de Casamento para Padrinhos, e tamb\u00e9m pais, s\u00e3o dos nossos detalhes favoritos.<\/p>\n<p>Dos robes \u00e0s ligas\u2026 Como ser\u00e3o a vossa Lembran\u00e7a de Casamento para Padrinhos? Pense!, porque \u00e9 aqui que o estilo pessoal vai brilhar!<\/p>\n<p>Feitas com amor, a nossa Lembran\u00e7a Casamento Padrinhos Garrafas, \u00e9 exclusiva, ideia que resulta dos detalhes da sua hist\u00f3ria. Por isso, vamos j\u00e1 conta-la como ela \u00e9, pelas suas palavras.<\/p>\n<p>Assim, temos na nossa loja, v\u00e1rias lembran\u00e7as de casamento para v\u00e1rios pre\u00e7os e gostos, mantendo sempre a promessa de qualidade.<\/p>\n<h2>Lembran\u00e7a Casamento Padrinhos Garrafas<\/h2>\n<p>Nous comprenons que le m\u00e9rite du <b>Mariage<\/b> Et c'est \u00e0 vous, mais la mission est la n\u00f4tre. Et, pour cela, nous cr\u00e9ons des produits adapt\u00e9s aux go\u00fbts de chaque client, en respectant toujours la qualit\u00e9, la perfection et le bon go\u00fbt.<\/p>\n<p>Assim, encontre na Loja Online a resposta a todos os pormenores que far\u00e3o a sua festa \u00fanica, como convites de casamento, lembran\u00e7as de casamento, agenda da noiva, liga noiva, convite de casamento r\u00fastico e convite de casamento e batizado.<\/p>\n<p>Tamb\u00e9m alugamos carros para o transporte dos noivos. Assim, para saber o pre\u00e7o contacte-nos e informe a data do Evento \/ a morada de recolha \/ a da Igreja \/ e a do local da boda.<\/p>\n<p>Encontre aqui a resposta a todos os detalhes que far\u00e3o o seu Casamento \u00fanico. Dos quais:<\/p>\n<ul>\n<li>Lembran\u00e7a Casamento Padrinhos Garrafas \/ Lembran\u00e7a para pais \/ Porta Alian\u00e7as \/ Livros de Honra de casamento \/ Lembran\u00e7as de casamento. Mas tamb\u00e9m, as Cestas de Lembran\u00e7as \/ e os Photo Booth casamento \/ e os Cabides dos noivos. Assim como Flutes \/ e Talheres \/ e os Bal\u00f5es \/ e os Sparklers \/ e Placas para casamento.<\/li>\n<\/ul>\n<p>Seja como for, tamb\u00e9m temos Ramos de Noiva \/ e os Ramos de Solteiras \/ e Caixas de Envelopes. E ainda, as Lembran\u00e7a de Casamento para Padrinhos \/ e as Argolas de Guardanapos\/ e as Ementas.<\/p>\n<p><strong>Voir aussi : <a href=\"https:\/\/miminhosritacatita.com\/fr\/produit\/agenda-de-la-mariee\/\">Agenda de la mari\u00e9e<\/a><\/strong><\/p>\n<p><strong>Suivez-nous sur <a href=\"https:\/\/www.instagram.com\/miminhos.rita.catita\/\" target=\"_blank\" rel=\"noopener\">Instagram<\/a><\/strong><\/p>","protected":false},"excerpt":{"rendered":"<p>Lembran\u00e7a Casamento Padrinhos Garrafas<\/p>\n<p>Pre\u00e7o Inclui 2 unidades<\/p>\n<p>Para altera\u00e7\u00f5es \u00e0 decora\u00e7\u00e3o indicar nas &#8220;Notas&#8221;<\/p>\n<p>Pode personalizar ao seu gosto!<\/p>\n<p>&nbsp;<\/p>\n<p>&nbsp;<\/p>","protected":false},"featured_media":77276,"template":"","meta":[],"product_brand":[],"product_cat":[984],"product_tag":[],"class_list":{"0":"post-8952","1":"product","2":"type-product","3":"status-publish","4":"has-post-thumbnail","6":"product_cat-lembranca-de-casamento-para-padrinhos","8":"first","9":"instock","10":"taxable","11":"shipping-taxable","12":"purchasable","13":"product-type-simple"},"_links":{"self":[{"href":"https:\/\/miminhosritacatita.com\/fr\/wp-json\/wp\/v2\/product\/8952","targetHints":{"allow":["GET"]}}],"collection":[{"href":"https:\/\/miminhosritacatita.com\/fr\/wp-json\/wp\/v2\/product"}],"about":[{"href":"https:\/\/miminhosritacatita.com\/fr\/wp-json\/wp\/v2\/types\/product"}],"wp:featuredmedia":[{"embeddable":true,"href":"https:\/\/miminhosritacatita.com\/fr\/wp-json\/wp\/v2\/media\/77276"}],"wp:attachment":[{"href":"https:\/\/miminhosritacatita.com\/fr\/wp-json\/wp\/v2\/media?parent=8952"}],"wp:term":[{"taxonomy":"product_brand","embeddable":true,"href":"https:\/\/miminhosritacatita.com\/fr\/wp-json\/wp\/v2\/product_brand?post=8952"},{"taxonomy":"product_cat","embeddable":true,"href":"https:\/\/miminhosritacatita.com\/fr\/wp-json\/wp\/v2\/product_cat?post=8952"},{"taxonomy":"product_tag","embeddable":true,"href":"https:\/\/miminhosritacatita.com\/fr\/wp-json\/wp\/v2\/product_tag?post=8952"}],"curies":[{"name":"wp","href":"https:\/\/api.w.org\/{rel}","templated":true}]}}