{"id":8887,"date":"2019-10-04T15:09:28","date_gmt":"2019-10-04T15:09:28","guid":{"rendered":"https:\/\/miminhosritacatita.com\/?post_type=product&#038;p=8887"},"modified":"2024-12-03T16:44:25","modified_gmt":"2024-12-03T16:44:25","slug":"presente-bodas-ouro-conjunto","status":"publish","type":"product","link":"https:\/\/miminhosritacatita.com\/fr\/bodas\/bodas-de-ouro\/prendas-para-bodas-de-ouro\/presente-bodas-ouro-conjunto\/","title":{"rendered":"Presente Bodas Ouro Conjunto"},"content":{"rendered":"<h1>Presente Bodas Ouro Conjunto<\/h1>\n<p>Presente Bodas Ouro Conjunto<\/p>\n<p>Le jubil\u00e9 d'argent est une c\u00e9l\u00e9bration tr\u00e8s importante qui arrive \u00e0 grands pas. Nous sommes convaincus qu'il s'agit d'une raison de faire la f\u00eate.<\/p>\n<p>Todos temos uma hist\u00f3ria. E, n\u00f3s suspeitamos de que o <strong>Presente Bodas Ouro Conjunto <\/strong>sont une bonne excuse pour nous parler des v\u00f4tres !<\/p>\n<p>Chaque d\u00e9tail compte, de la rencontre \u00e0 la date du mariage en passant par la liste des invit\u00e9s !  Alors commen\u00e7ons \u00e0 pr\u00e9parer le plus beau des jubil\u00e9s d'or.<\/p>\n<p>Nous comprenons que le m\u00e9rite du jubil\u00e9 d'or vous revient, mais que la mission est la n\u00f4tre. C'est pourquoi nous cr\u00e9ons des produits uniques adapt\u00e9s aux go\u00fbts de chaque client, en veillant toujours \u00e0 la qualit\u00e9, \u00e0 la perfection et au bon go\u00fbt.<\/p>\n<p>Fabriqu\u00e9s avec amour, nos cadeaux pour le jubil\u00e9 d'or sont con\u00e7us pour chaque client.<\/p>\n<h2>O nosso Presente Bodas Ouro Conjunto<\/h2>\n<p>Au moment de se marier, tous les couples ont une histoire. Et chez Miminhos, nous savons que les souvenirs sont une bonne excuse pour raconter la v\u00f4tre !<\/p>\n<p>Fabriqu\u00e9s avec amour, les cadeaux sont faits pour chaque client, une id\u00e9e qui d\u00e9coule des d\u00e9tails de leur histoire. Alors, racontons-la telle qu'elle est, avec leurs propres mots.<\/p>\n<p>Nous avons donc des souvenirs de toutes les formes, de toutes les couleurs, de toutes les mati\u00e8res et \u00e0 tous les prix. De plus, nos cadeaux sont fabriqu\u00e9s ici, ce qui nous permet de ma\u00eetriser les d\u00e9lais de production.<\/p>\n<p>Compre j\u00e1 na Loja Online da Miminhos os produtos que far\u00e3o da sua festa, a melhor. Dos quais, Convites de Bodas Ouro, Lembran\u00e7as para Bodas de Ouro, prendas para Bodas de Ouro, Porta Alian\u00e7as e Livros de Honra.<\/p>\n<ul>\n<li>Et aussi des pancartes, des bo\u00eetes \u00e0 enveloppes, des marqueurs de table, des menus et des paniers.<\/li>\n<\/ul>\n<p class=\"font_3\">Laissez-vous inspirer par notre travail et obtenez d\u00e8s \u00e0 pr\u00e9sent d'autres id\u00e9es de mariages dor\u00e9s, des plus simples aux plus \u00e9l\u00e9gants et formels, en passant par les plus amusants.<\/p>\n<p class=\"font_2\">Adaptez donc le design de votre cadeau de jubil\u00e9 d'or \u00e0 l'ambiance que vous souhaitez donner \u00e0 vos invit\u00e9s ce jour-l\u00e0.<\/p>\n<p class=\"font_3\">Voici donc un aper\u00e7u de quelques-uns des types de <strong>Cadeaux du jubil\u00e9 d'or <\/strong>cr\u00e9\u00e9 dans la boutique Miminhos.<\/p>\n<p><strong>Voir aussi : <a href=\"https:\/\/miminhosritacatita.com\/fr\/categorie-produit\/noces-dor\/convites-bodas-de-ouro\/\">Invitations de mariage<\/a><\/strong><\/p>\n<p><strong>Visitez notre <a href=\"https:\/\/www.instagram.com\/miminhos.rita.catita\/\" target=\"_blank\" rel=\"noopener\">Instagram<\/a><\/strong><\/p>","protected":false},"excerpt":{"rendered":"<p>Presente Bodas Ouro Conjunto<\/p>\n<p>Material Aplica\u00e7\u00e3o 50 &#8211; Prata Laminada<\/p>\n<p>Material Moldura &#8211; Madeira<\/p>\n<p>Dimens\u00e3o da Moldura &#8211; 15x20cm<\/p>\n<p>Inclui Estojo para Ambas as pe\u00e7as<\/p>","protected":false},"featured_media":61124,"template":"","meta":[],"product_brand":[],"product_cat":[849],"product_tag":[],"class_list":{"0":"post-8887","1":"product","2":"type-product","3":"status-publish","4":"has-post-thumbnail","6":"product_cat-prendas-para-bodas-de-ouro","8":"first","9":"instock","10":"taxable","11":"shipping-taxable","12":"purchasable","13":"product-type-simple"},"_links":{"self":[{"href":"https:\/\/miminhosritacatita.com\/fr\/wp-json\/wp\/v2\/product\/8887","targetHints":{"allow":["GET"]}}],"collection":[{"href":"https:\/\/miminhosritacatita.com\/fr\/wp-json\/wp\/v2\/product"}],"about":[{"href":"https:\/\/miminhosritacatita.com\/fr\/wp-json\/wp\/v2\/types\/product"}],"wp:featuredmedia":[{"embeddable":true,"href":"https:\/\/miminhosritacatita.com\/fr\/wp-json\/wp\/v2\/media\/61124"}],"wp:attachment":[{"href":"https:\/\/miminhosritacatita.com\/fr\/wp-json\/wp\/v2\/media?parent=8887"}],"wp:term":[{"taxonomy":"product_brand","embeddable":true,"href":"https:\/\/miminhosritacatita.com\/fr\/wp-json\/wp\/v2\/product_brand?post=8887"},{"taxonomy":"product_cat","embeddable":true,"href":"https:\/\/miminhosritacatita.com\/fr\/wp-json\/wp\/v2\/product_cat?post=8887"},{"taxonomy":"product_tag","embeddable":true,"href":"https:\/\/miminhosritacatita.com\/fr\/wp-json\/wp\/v2\/product_tag?post=8887"}],"curies":[{"name":"wp","href":"https:\/\/api.w.org\/{rel}","templated":true}]}}