{"id":8585,"date":"2019-09-26T13:21:23","date_gmt":"2019-09-26T13:21:23","guid":{"rendered":"https:\/\/miminhosritacatita.com\/?post_type=product&#038;p=8585"},"modified":"2024-12-23T12:55:10","modified_gmt":"2024-12-23T12:55:10","slug":"identificador-caixa-envelopes-e-cartoes","status":"publish","type":"product","link":"https:\/\/miminhosritacatita.com\/fr\/casamento\/caixas-de-envelopes\/identificador-caixa-envelopes-e-cartoes\/","title":{"rendered":"Identificateur envelopper et Cartes de caisse"},"content":{"rendered":"<h1>Identificateur envelopper et Cartes de caisse<\/h1>\n<p>Identificateur envelopper et Cartes de caisse<\/p>\n<p>Dizem que o segredo est\u00e1 nos detalhes\u2026 E n\u00f3s acreditamos! Na nossa loja a Caixa de Envelopes s\u00e3o dos nossos detalhes favoritos.<\/p>\n<p>Dos robes \u00e0s ligas\u2026 Qual ser\u00e1 a sua Caixas? Pense!, porque \u00e9 aqui que o estilo pessoal vai brilhar!<\/p>\n<p>Fait avec amour, les accessoires de mari\u00e9e sont faits pour chaque cliente, une id\u00e9e qui d\u00e9coule des d\u00e9tails de son histoire. Par cons\u00e9quent, racontez-nous tout de suite comment elle est, avec vos mots.<\/p>\n<h2>O Identificador Caixa Envelopes e Cart\u00f5es<\/h2>\n<p>Portanto, temos na nossa loja, Identificadores, para v\u00e1rios pre\u00e7os e gostos, mantendo sempre a promessa de qualidade.<\/p>\n<p>Entendemos que o m\u00e9rito pelo Casamento \u00e9 seu, mas que a miss\u00e3o \u00e9 nossa. E, por isso, criamos produtos ajustados ao gosto de cada cliente, cumprindo sempre com a qualidade e perfei\u00e7\u00e3o e bom gosto.<\/p>\n<p>Ainsi, trouvez dans la Boutique en Ligne la r\u00e9ponse \u00e0 tous les d\u00e9tails qui rendront votre f\u00eate unique.<\/p>\n<p>Tamb\u00e9m alugamos carros para o transporte dos noivos. Para saber o pre\u00e7o contacte-nos e informe a data do Evento \/ a morada de recolha \/ a da Igreja \/ e a do local da boda. Encomende j\u00e1 a sua Caixa Casamento Ofertas Dinheiro.<\/p>\n<p>Ainsi, nous avons \u00e9galement encore \u00e0 louer un ch\u00e2teau gonflable et un toboggan. Par cons\u00e9quent, demandez votre devis en pr\u00e9cisant le jour de l'\u00e9v\u00e9nement et si vous souhaitez le retirer en magasin ou si vous souhaitez que nous nous d\u00e9placions sur le lieu de l'\u00e9v\u00e9nement pour l'installation \/ et le d\u00e9sassemblage.<\/p>\n<ul>\n<li>Encontre aqui a resposta para todos os detalhes que far\u00e3o o seu Casamento \u00fanico. Dos quais Convites \/ Porta Alian\u00e7as \/ Livros de Honra \/ Identificador Caixa Envelopes e Cart\u00f5es \/ Lembran\u00e7as. Mas tamb\u00e9m, Cestas de Lembran\u00e7as \/ e Photo Booth \/ e Cabides. Assim como Flutes \/ e Talheres \/ e os Bal\u00f5es \/ e os Sparklers \/ e Placas \u201cL\u00e1 Vem a Noiva\u201d.<\/li>\n<\/ul>\n<p>Tamb\u00e9m temos Ramos de Noiva Artificiais \/ e os Ramos de Solteiras \/ e Caixas para Ofertas Dinheiro. E ainda, as Ofertas a Pais e Padrinhos \/ e as Argolas de Guardanapos\/ e as Ementas.<\/p>\n<p><strong>Voir aussi : <a href=\"https:\/\/miminhosritacatita.com\/fr\/produit\/agenda-de-la-mariee\/\">Agenda de la mari\u00e9e<\/a><\/strong><\/p>\n<p>Suivez-nous sur <a href=\"https:\/\/www.instagram.com\/miminhos.rita.catita\/\" target=\"_blank\" rel=\"noopener\">Instagram<\/a><\/p>\n<p>&nbsp;<\/p>","protected":false},"excerpt":{"rendered":"<p>Identificador para Caixa de Envelopes e Cart\u00f5es<\/p>\n<p>Se desejar alterar as cores \u00e0 caixa por favor indique-nos nas &#8220;notas&#8221;, a cor escolhida pode influenciar o pre\u00e7o, por isso o ideal ser\u00e1 contactar-nos por email mencionando o que deseja.<\/p>\n<p>Dimens\u00e3o do identificador:<\/p>\n<p>base: 22 x 4,5cm<\/p>\n<p>acr\u00edlico fosco: 14,8 x 9,7cm<\/p>\n<p>acr\u00edlico dourado espelhado: 6 x 12cm<\/p>\n<p>&nbsp;<\/p>\n<p>&nbsp;<\/p>\n<p>&nbsp;<\/p>\n<p>&nbsp;<\/p>\n<p>&nbsp;<\/p>\n<p>&nbsp;<\/p>","protected":false},"featured_media":33556,"template":"","meta":[],"product_brand":[],"product_cat":[786],"product_tag":[],"class_list":{"0":"post-8585","1":"product","2":"type-product","3":"status-publish","4":"has-post-thumbnail","6":"product_cat-caixas-de-envelopes","8":"first","9":"instock","10":"taxable","11":"shipping-taxable","12":"purchasable","13":"product-type-simple"},"_links":{"self":[{"href":"https:\/\/miminhosritacatita.com\/fr\/wp-json\/wp\/v2\/product\/8585","targetHints":{"allow":["GET"]}}],"collection":[{"href":"https:\/\/miminhosritacatita.com\/fr\/wp-json\/wp\/v2\/product"}],"about":[{"href":"https:\/\/miminhosritacatita.com\/fr\/wp-json\/wp\/v2\/types\/product"}],"wp:featuredmedia":[{"embeddable":true,"href":"https:\/\/miminhosritacatita.com\/fr\/wp-json\/wp\/v2\/media\/33556"}],"wp:attachment":[{"href":"https:\/\/miminhosritacatita.com\/fr\/wp-json\/wp\/v2\/media?parent=8585"}],"wp:term":[{"taxonomy":"product_brand","embeddable":true,"href":"https:\/\/miminhosritacatita.com\/fr\/wp-json\/wp\/v2\/product_brand?post=8585"},{"taxonomy":"product_cat","embeddable":true,"href":"https:\/\/miminhosritacatita.com\/fr\/wp-json\/wp\/v2\/product_cat?post=8585"},{"taxonomy":"product_tag","embeddable":true,"href":"https:\/\/miminhosritacatita.com\/fr\/wp-json\/wp\/v2\/product_tag?post=8585"}],"curies":[{"name":"wp","href":"https:\/\/api.w.org\/{rel}","templated":true}]}}