{"id":77291,"date":"2026-03-04T15:10:09","date_gmt":"2026-03-04T15:10:09","guid":{"rendered":"https:\/\/miminhosritacatita.com\/?post_type=product&#038;p=77291"},"modified":"2026-03-04T15:56:44","modified_gmt":"2026-03-04T15:56:44","slug":"vela-floral-decorativa-gesso","status":"publish","type":"product","link":"https:\/\/miminhosritacatita.com\/fr\/presentes-personalizados\/prendas-para-educadora\/vela-floral-decorativa-gesso\/","title":{"rendered":"Bougie florale d\u00e9corative en pl\u00e2tre"},"content":{"rendered":"<h1>Bougie florale d\u00e9corative en pl\u00e2tre<\/h1>\n<p>Bougie florale d\u00e9corative en pl\u00e2tre<\/p>\n<p>A Miminhos Rita Catita est\u00e1 sempre presente nos momentos mais importantes da sua vida e como n\u00e3o podia deixar de ser, queremos tamb\u00e9m estar presentes para uma prenda especial!<\/p>\n<p>O que mais nos apaixona nas\u00a0<strong>Bracelet original d'\u00e9ducateur rose <\/strong>\u00e9 a possibilidade de incorporar elementos pessoais, \u00fanicos e impartilh\u00e1veis, exclusivos de cada hist\u00f3ria. Qual \u00e9 a sua?<\/p>\n<p>Na Miminhos Rita Catita entendemos que o m\u00e9rito pel<b>a prenda<\/b> \u00e9 seu, mas que o compromisso \u00e9 nosso. E, por isso, desenvolvemos produtos personalizados e ajustados \u00e0s necessidades de cada cliente, cumprindo sempre a promessa de qualidade, excel\u00eancia e profissionalismo.<\/p>\n<h2>Bougie florale d\u00e9corative en pl\u00e2tre<\/h2>\n<p>As nossas <strong>Prendas<\/strong> s\u00e3o o resultado de uma combina\u00e7\u00e3o inspirada nos detalhes, pelo que trabalhamos para manter sempre a mudan\u00e7a e a inova\u00e7\u00e3o.<\/p>\n<p>Desenvolvemos <strong>Prendas para Educadoras, Auxiliares e Professoras,<\/strong> personalizadas e ajustadas \u00e0s necessidades de cada cliente, cumprindo a promessa de qualidade, excel\u00eancia e profissionalismo.<\/p>\n<p>Para al\u00e9m disso, as <strong>Prendas de Professoras<\/strong> s\u00e3o produzidas internamente \u2013 o que nos d\u00e1 total controlo sobre o processo de produ\u00e7\u00e3o.<\/p>\n<p>Tem uma prenda para oferecer e n\u00e3o sabe o que escolher? Pois bem, na Miminhos Rita Catita encontrar\u00e1 a prenda ideal. Para al\u00e9m do que mostramos tamb\u00e9m pode dizer-nos qual a sua ideia e n\u00f3s executamos. Nos artigos que apresentamos \u00e9 poss\u00edvel fazermos altera\u00e7\u00f5es \u00e1s cores e personalizar a gosto, contudo contacte-nos sempre primeiro para confirmar essa possibilidade.<\/p>\n<ul>\n<li>Portanto, como sugest\u00f5es temos, Molduras com foto ou com uma mensagem especial, Caixa com chocolates, Canetas personalizadas, Blocos de notas, Pins, Kits de Bloco de notas com espelho, Kit de Baton com Espelho, Pulseira Educadora e colares.<\/li>\n<\/ul>\n<p>Encontre na Loja Online da Miminhos Rita Catita a tudo o que procura para uma prenda fant\u00e1stica.<\/p>\n<p><strong>Suivez-nous sur<a href=\"https:\/\/www.instagram.com\/miminhos.rita.catita\/\" target=\"_blank\" rel=\"noopener\"> Instagram<\/a><\/strong><\/p>","protected":false},"excerpt":{"rendered":"<p>Bougie florale d\u00e9corative en pl\u00e2tre<\/p>\n<p>Inclui cart\u00e3o com mensagem de agradecimento.<\/p>\n<p>Um presente cheio de originalidade<\/p>\n<p>&nbsp;<\/p>","protected":false},"featured_media":77294,"template":"","meta":[],"product_brand":[],"product_cat":[1053],"product_tag":[],"class_list":{"0":"post-77291","1":"product","2":"type-product","3":"status-publish","4":"has-post-thumbnail","6":"product_cat-prendas-para-educadora","8":"first","9":"instock","10":"taxable","11":"shipping-taxable","12":"purchasable","13":"product-type-simple"},"_links":{"self":[{"href":"https:\/\/miminhosritacatita.com\/fr\/wp-json\/wp\/v2\/product\/77291","targetHints":{"allow":["GET"]}}],"collection":[{"href":"https:\/\/miminhosritacatita.com\/fr\/wp-json\/wp\/v2\/product"}],"about":[{"href":"https:\/\/miminhosritacatita.com\/fr\/wp-json\/wp\/v2\/types\/product"}],"wp:featuredmedia":[{"embeddable":true,"href":"https:\/\/miminhosritacatita.com\/fr\/wp-json\/wp\/v2\/media\/77294"}],"wp:attachment":[{"href":"https:\/\/miminhosritacatita.com\/fr\/wp-json\/wp\/v2\/media?parent=77291"}],"wp:term":[{"taxonomy":"product_brand","embeddable":true,"href":"https:\/\/miminhosritacatita.com\/fr\/wp-json\/wp\/v2\/product_brand?post=77291"},{"taxonomy":"product_cat","embeddable":true,"href":"https:\/\/miminhosritacatita.com\/fr\/wp-json\/wp\/v2\/product_cat?post=77291"},{"taxonomy":"product_tag","embeddable":true,"href":"https:\/\/miminhosritacatita.com\/fr\/wp-json\/wp\/v2\/product_tag?post=77291"}],"curies":[{"name":"wp","href":"https:\/\/api.w.org\/{rel}","templated":true}]}}