{"id":75599,"date":"2025-12-15T12:35:50","date_gmt":"2025-12-15T12:35:50","guid":{"rendered":"https:\/\/miminhosritacatita.com\/?post_type=product&#038;p=75599"},"modified":"2025-12-15T14:18:07","modified_gmt":"2025-12-15T14:18:07","slug":"porta-aliancas-elegante-e-original","status":"publish","type":"product","link":"https:\/\/miminhosritacatita.com\/fr\/casamento\/porta-aliancas\/porta-aliancas-elegante-e-original\/","title":{"rendered":"Porta Alian\u00e7as Elegante e Original"},"content":{"rendered":"<h1>Porta Alian\u00e7as Elegante e Original<\/h1>\n<p>Porta Alian\u00e7as Elegante e Original<\/p>\n<p>Dizem que o segredo est\u00e1 nos detalhes\u2026 E n\u00f3s acreditamos! Na nossa loja os Porta Alian\u00e7as s\u00e3o dos nossos detalhes favoritos.<\/p>\n<p>Dos robes \u00e0s ligas\u2026 Como ser\u00e1 o seu Porta Alian\u00e7as Bolas Flores? Pense!, porque \u00e9 aqui que o estilo pessoal vai brilhar!<\/p>\n<p>Feitos com amor, os nossos porta alian\u00e7as s\u00e3o feitos para cada cliente, ideia que resulta dos detalhes da sua hist\u00f3ria. Por isso, vamos j\u00e1 conta-la como ela \u00e9, pelas suas palavras.<\/p>\n<p>Temos, na nossa loja, v\u00e1rias Porta Alian\u00e7as para v\u00e1rios pre\u00e7os e gostos, mantendo sempre a promessa de qualidade.<\/p>\n<h2>Porta Alian\u00e7as Elegante e Original<\/h2>\n<p>Nous comprenons que le m\u00e9rite du <b>Mariage<\/b> Et c'est \u00e0 vous, mais la mission est la n\u00f4tre. Et, pour cela, nous cr\u00e9ons des produits adapt\u00e9s aux go\u00fbts de chaque client, en respectant toujours la qualit\u00e9, la perfection et le bon go\u00fbt.<\/p>\n<p>Ainsi, trouvez dans la Boutique en Ligne la r\u00e9ponse \u00e0 tous les d\u00e9tails qui rendront votre f\u00eate unique.<\/p>\n<p>Nous louons \u00e9galement des voitures pour le transport des mari\u00e9s. Pour conna\u00eetre le prix, contactez-nous en nous indiquant la date de l'\u00e9v\u00e9nement \/ l'adresse de prise en charge \/ l'adresse de l'\u00e9glise \/ et le lieu du mariage.<\/p>\n<p>Nous avons \u00e9galement une structure gonflable et un toboggan \u00e0 louer. Demandez un devis en pr\u00e9cisant le jour de l'\u00e9v\u00e9nement et si vous souhaitez venir le chercher au magasin ou que nous venions sur place pour l'installer et le d\u00e9monter.<\/p>\n<ul>\n<li>Encontre aqui a resposta para todos os detalhes que far\u00e3o o seu Casamento \u00fanico. Dos quais Convites \/ Porta Alian\u00e7as\u00a0 \/ Livros de Honra \/ Lembran\u00e7as. Mas tamb\u00e9m, as Cestas de Lembran\u00e7as \/ e os Photo Booth \/ e os Cabides. Assim como Flutes \/ e Talheres \/ e os Bal\u00f5es \/ e os Sparklers \/ e Placas para casamento.<\/li>\n<\/ul>\n<p>Assim, Tamb\u00e9m temos Ramos de Noiva Artificiais \/ e os Ramos de Solteiras \/ e Caixas de Envelopes. E ainda, as Ofertas a Pais e Padrinhos \/ e as Argolas de Guardanapos\/ e as Ementas. Seja como for, encomenda j\u00e1 o seu porta alian\u00e7as connosco!<\/p>\n<p><strong>Voir aussi : <a href=\"https:\/\/miminhosritacatita.com\/fr\/produit\/agenda-de-la-mariee\/\">Agenda de la mari\u00e9e<\/a><\/strong><\/p>\n<p><strong>Visitez notre <a href=\"https:\/\/www.instagram.com\/miminhos.rita.catita\/\" target=\"_blank\" rel=\"noopener\">Instagram<\/a><\/strong><\/p>","protected":false},"excerpt":{"rendered":"<p class=\"ai-optimize-30\">Porta Alian\u00e7as Elegante e Original<\/p>\n<p>Caixa com p\u00e9rolas<\/p>\n<p class=\"ai-optimize-32\">Une excellente id\u00e9e pour rendre votre mariage encore plus m\u00e9morable et unique !<\/p>\n<p class=\"ai-optimize-33\">Encomende j\u00e1 o seu!<\/p>\n<p>&nbsp;<\/p>\n<p>&nbsp;<\/p>\n<p>&nbsp;<\/p>\n<p>&nbsp;<\/p>\n<p>&nbsp;<\/p>\n<p>&nbsp;<\/p>","protected":false},"featured_media":75605,"template":"","meta":[],"product_brand":[],"product_cat":[481],"product_tag":[],"class_list":{"0":"post-75599","1":"product","2":"type-product","3":"status-publish","4":"has-post-thumbnail","6":"product_cat-porta-aliancas","8":"first","9":"instock","10":"taxable","11":"shipping-taxable","12":"purchasable","13":"product-type-simple"},"_links":{"self":[{"href":"https:\/\/miminhosritacatita.com\/fr\/wp-json\/wp\/v2\/product\/75599","targetHints":{"allow":["GET"]}}],"collection":[{"href":"https:\/\/miminhosritacatita.com\/fr\/wp-json\/wp\/v2\/product"}],"about":[{"href":"https:\/\/miminhosritacatita.com\/fr\/wp-json\/wp\/v2\/types\/product"}],"wp:featuredmedia":[{"embeddable":true,"href":"https:\/\/miminhosritacatita.com\/fr\/wp-json\/wp\/v2\/media\/75605"}],"wp:attachment":[{"href":"https:\/\/miminhosritacatita.com\/fr\/wp-json\/wp\/v2\/media?parent=75599"}],"wp:term":[{"taxonomy":"product_brand","embeddable":true,"href":"https:\/\/miminhosritacatita.com\/fr\/wp-json\/wp\/v2\/product_brand?post=75599"},{"taxonomy":"product_cat","embeddable":true,"href":"https:\/\/miminhosritacatita.com\/fr\/wp-json\/wp\/v2\/product_cat?post=75599"},{"taxonomy":"product_tag","embeddable":true,"href":"https:\/\/miminhosritacatita.com\/fr\/wp-json\/wp\/v2\/product_tag?post=75599"}],"curies":[{"name":"wp","href":"https:\/\/api.w.org\/{rel}","templated":true}]}}