{"id":7449,"date":"2019-03-27T16:03:14","date_gmt":"2019-03-27T16:03:14","guid":{"rendered":"https:\/\/miminhosritacatita.com\/?post_type=product&#038;p=7449"},"modified":"2024-11-04T18:54:04","modified_gmt":"2024-11-04T18:54:04","slug":"livro-honra-batizado-floral","status":"publish","type":"product","link":"https:\/\/miminhosritacatita.com\/fr\/batizado\/livros-de-honra-batizados\/livro-honra-batizado-floral\/","title":{"rendered":"Livro Honra Batizado Floral"},"content":{"rendered":"<h1>Livro Honra Batizado Floral<\/h1>\n<p>Livro Honra Batizado Floral<\/p>\n<p>Le Bapt\u00eame est l'une des \u00e9tapes les plus importantes de la croissance de votre enfant et elle approche. Et nous sommes convaincus que c'est une raison de c\u00e9l\u00e9brer.<\/p>\n<p>Todos os detalhes contam, desde o nome do seu filho, \u00e0 data do nascimento, at\u00e9 \u00e0 lista de convidados!\u00a0 Porque vamos j\u00e1 come\u00e7ar a preparar o Batismo mais doce de sempre.<\/p>\n<p>Entendemos que o m\u00e9rito pelo Batismo \u00e9 seu, mas que a miss\u00e3o \u00e9 nossa. E, por isso, criamos um Livro \u00fanico e adaptado ao gosto de cada cliente, cumprindo sempre com a qualidade e perfei\u00e7\u00e3o e bom gosto.<\/p>\n<p>Feitos com amor, os nossos livros s\u00e3o feitos para cada cliente. Pois na altura em que nascem, todos os beb\u00e9s j\u00e1 tem a sua hist\u00f3ria.<\/p>\n<h2>O nosso Livro Honra Batizado Floral<\/h2>\n<p>E, na Miminhos, j\u00e1 sabemos que os livros s\u00e3o um bom pretexto para contar a sua!<\/p>\n<p>Feitos com amor, os Livros s\u00e3o feitos para cada cliente, ideia que resulta dos detalhes da sua hist\u00f3ria. Por isso, vamos j\u00e1 conta-la como ela \u00e9, pelas suas palavras.<\/p>\n<p>Temos Livros de todas as formas e cores e materiais e tamb\u00e9m a todos os pre\u00e7os. Al\u00e9m disso, o nosso Livro Honra Batizado Floral \u00e9 feito c\u00e1, j\u00e1 que \u00e9 o que nos d\u00e1 o controlo sobre o prazo de produ\u00e7\u00e3o.<\/p>\n<p>Compre j\u00e1 na Loja Online da Miminhos os produtos que far\u00e3o da sua festa<strong>, <\/strong>a melhor. Dos quais, Convites e Lembran\u00e7as e Conjuntos e Livros de Honra.<\/p>\n<ul>\n<li>E ainda, Placards e Caixas de Envelopes e Marcadores de Mesa e Ementas e Cestas.<\/li>\n<\/ul>\n<p>Mas ainda, Baby Shower e Vestidos e Fatos e Topos de Bolo. Para al\u00e9m disso, temos tamb\u00e9m um insufl\u00e1vel e um escorrega para alugar, para si.<\/p>\n<p class=\"font_3\">Inspire-se no nosso trabalho e tenha j\u00e1 mais ideias de batismo, desde as mais simples, \u00e0s mais elegantes e mais formais, at\u00e9 aos mais divertidos.<\/p>\n<p class=\"font_2\">Assim, combine j\u00e1 o design do seu Livro Honra Batizado Floral<strong>\u00a0<\/strong>com o ambiente que quer apresentar aos seus convidados no dia.<\/p>\n<p class=\"font_3\">Portanto, veja j\u00e1, em baixo alguns tipos de livros criados na loja da Miminhos.\u200b<\/p>\n<p><strong>Veja tb: <a href=\"https:\/\/miminhosritacatita.com\/fr\/categorie-produit\/batizados\/\">Artigos p Batismo<\/a><\/strong><\/p>\n<p><strong>Suivez-nous sur <a href=\"https:\/\/www.instagram.com\/miminhos.rita.catita\/\" target=\"_blank\" rel=\"noopener\">Instagram<\/a><\/strong><\/p>","protected":false},"excerpt":{"rendered":"<p>Livro Honra Batizado Floral<\/p>\n<p>30 folhas interiores personalizadas com um texto na primeira p\u00e1gina e as restantes com nome e data no canto inferior direito.<\/p>\n<p>Dimens\u00e3o do Livro: 21 x 30cm<\/p>\n<p>Se quiser modifica\u00e7\u00f5es indique nas Notas<\/p>\n<p>&nbsp;<\/p>","protected":false},"featured_media":11345,"template":"","meta":[],"product_brand":[],"product_cat":[858,980],"product_tag":[],"class_list":{"0":"post-7449","1":"product","2":"type-product","3":"status-publish","4":"has-post-thumbnail","6":"product_cat-batizado","7":"product_cat-livros-de-honra-batizados","9":"first","10":"instock","11":"taxable","12":"shipping-taxable","13":"purchasable","14":"product-type-simple"},"_links":{"self":[{"href":"https:\/\/miminhosritacatita.com\/fr\/wp-json\/wp\/v2\/product\/7449","targetHints":{"allow":["GET"]}}],"collection":[{"href":"https:\/\/miminhosritacatita.com\/fr\/wp-json\/wp\/v2\/product"}],"about":[{"href":"https:\/\/miminhosritacatita.com\/fr\/wp-json\/wp\/v2\/types\/product"}],"wp:featuredmedia":[{"embeddable":true,"href":"https:\/\/miminhosritacatita.com\/fr\/wp-json\/wp\/v2\/media\/11345"}],"wp:attachment":[{"href":"https:\/\/miminhosritacatita.com\/fr\/wp-json\/wp\/v2\/media?parent=7449"}],"wp:term":[{"taxonomy":"product_brand","embeddable":true,"href":"https:\/\/miminhosritacatita.com\/fr\/wp-json\/wp\/v2\/product_brand?post=7449"},{"taxonomy":"product_cat","embeddable":true,"href":"https:\/\/miminhosritacatita.com\/fr\/wp-json\/wp\/v2\/product_cat?post=7449"},{"taxonomy":"product_tag","embeddable":true,"href":"https:\/\/miminhosritacatita.com\/fr\/wp-json\/wp\/v2\/product_tag?post=7449"}],"curies":[{"name":"wp","href":"https:\/\/api.w.org\/{rel}","templated":true}]}}