{"id":7333,"date":"2019-03-22T17:33:00","date_gmt":"2019-03-22T17:33:00","guid":{"rendered":"https:\/\/miminhosritacatita.com\/?post_type=product&#038;p=7333"},"modified":"2024-09-18T10:04:10","modified_gmt":"2024-09-18T10:04:10","slug":"babete-corrente-chucha-bebe","status":"publish","type":"product","link":"https:\/\/miminhosritacatita.com\/fr\/batizado\/acessorios-de-batizado\/babetes-personalizadas\/babete-corrente-chucha-bebe\/","title":{"rendered":"Babete Corrente Chucha Beb\u00e9"},"content":{"rendered":"<h1>Babete Corrente Chucha Beb\u00e9<\/h1>\n<p>Babete Corrente Chucha Beb\u00e9<\/p>\n<p>Le Bapt\u00eame est l'une des \u00e9tapes les plus importantes de la croissance de votre enfant et elle approche. Et nous sommes convaincus que c'est une raison de c\u00e9l\u00e9brer.<\/p>\n<p>Todos os detalhes contam, desde o nome do seu filho, \u00e0 data do nascimento, at\u00e9 \u00e0 lista de convidados! Porque vamos j\u00e1 come\u00e7ar a preparar o Batismo mais doce de sempre.<\/p>\n<p>Entendemos que o m\u00e9rito pelo Batismo \u00e9 seu, mas que a miss\u00e3o \u00e9 nossa. E, por isso, criamos um conjuntinho, \u00fanico e adaptado ao gosto de cada cliente, cumprindo sempre com a qualidade e perfei\u00e7\u00e3o e bom gosto.<\/p>\n<p>Feitos com amor, os nossos Conjuntos s\u00e3o feitos para cada cliente e pode conter a toalha de batizado, concha de batizado, vela de batizado, entre outros itens. Pois na altura em que nascem, todos os beb\u00e9s j\u00e1 tem a sua hist\u00f3ria.<\/p>\n<h2>A nossa Babete Corrente Chucha Beb\u00e9<\/h2>\n<p>Et chez Miminhos, nous savons d\u00e9j\u00e0 que les bougies sont un bon pr\u00e9texte pour raconter votre histoire !<\/p>\n<p>Feitos com amor, os Conjuntos s\u00e3o feitos para cada cliente, ideia que resulta dos detalhes da sua hist\u00f3ria. Por isso, vamos j\u00e1 conta-la como ela \u00e9, pelas suas palavras.<\/p>\n<p>Temos conjuntos de todas as formas e cores e materiais e tamb\u00e9m a todos os pre\u00e7os. Al\u00e9m disso, a nossa Babete Corrente Chucha Beb\u00e9 \u00e9 feita c\u00e1, j\u00e1 que \u00e9 o que nos d\u00e1 o controlo sobre o prazo de produ\u00e7\u00e3o.<\/p>\n<p>Compre j\u00e1 na Loja Online da Miminhos os produtos que far\u00e3o da sua festa, a melhor. Dos quais, Convites e Lembran\u00e7as e Conjuntos e Livros de Honra.<\/p>\n<ul>\n<li>Et aussi des pancartes, des bo\u00eetes \u00e0 enveloppes, des marqueurs de table, des menus et des paniers.<\/li>\n<\/ul>\n<p>Mas ainda, Baby Shower e Vestidos e Fatos e Topos de Bolo, a toalha de batizado, concha de batizado, vela de batizado, entre outros itens. Para al\u00e9m disso, temos tamb\u00e9m um insufl\u00e1vel e um escorrega para alugar, para si.<\/p>\n<p class=\"font_3\">Inspire-se no nosso trabalho e tenha j\u00e1 mais ideias de <strong>bapt\u00eame<\/strong>, des plus simples aux plus \u00e9l\u00e9gantes et formelles, en passant par les plus amusantes.<\/p>\n<p class=\"font_2\">Assim, combine j\u00e1 o design da sua Babete Corrente Chucha Beb\u00e9 com o ambiente que quer apresentar aos seus convidados no dia.<\/p>\n<p class=\"font_3\">Voici donc un aper\u00e7u de quelques-uns des types de <strong>conjuntos<\/strong> criados na loja da Miminhos.\u200b<\/p>\n<p><strong>Voir aussi <a href=\"https:\/\/miminhosritacatita.com\/fr\/categorie-produit\/batizados\/\">Articles sur le bapt\u00eame<\/a><\/strong><\/p>\n<p><strong>Visitez notre <a href=\"https:\/\/www.instagram.com\/miminhos.rita.catita\/\" target=\"_blank\" rel=\"noopener\">Instagram<\/a><\/strong><\/p>\n<p>&nbsp;<\/p>","protected":false},"excerpt":{"rendered":"<p>Babete Corrente Chucha Beb\u00e9<\/p>\n<p>Babete &#8211; 15\u20ac<br \/>\nCorrente de Chucha &#8211; 10\u20ac<\/p>\n<p>Para altera\u00e7\u00f5es \u00e0s cores, indicar nas notas.<\/p>\n<p>Vamos j\u00e1 come\u00e7ar a preparar o Batismo mais doce de sempre.<\/p>","protected":false},"featured_media":10828,"template":"","meta":[],"product_brand":[],"product_cat":[1170],"product_tag":[],"class_list":{"0":"post-7333","1":"product","2":"type-product","3":"status-publish","4":"has-post-thumbnail","6":"product_cat-babetes-personalizadas","8":"first","9":"instock","10":"taxable","11":"shipping-taxable","12":"purchasable","13":"product-type-simple"},"_links":{"self":[{"href":"https:\/\/miminhosritacatita.com\/fr\/wp-json\/wp\/v2\/product\/7333","targetHints":{"allow":["GET"]}}],"collection":[{"href":"https:\/\/miminhosritacatita.com\/fr\/wp-json\/wp\/v2\/product"}],"about":[{"href":"https:\/\/miminhosritacatita.com\/fr\/wp-json\/wp\/v2\/types\/product"}],"wp:featuredmedia":[{"embeddable":true,"href":"https:\/\/miminhosritacatita.com\/fr\/wp-json\/wp\/v2\/media\/10828"}],"wp:attachment":[{"href":"https:\/\/miminhosritacatita.com\/fr\/wp-json\/wp\/v2\/media?parent=7333"}],"wp:term":[{"taxonomy":"product_brand","embeddable":true,"href":"https:\/\/miminhosritacatita.com\/fr\/wp-json\/wp\/v2\/product_brand?post=7333"},{"taxonomy":"product_cat","embeddable":true,"href":"https:\/\/miminhosritacatita.com\/fr\/wp-json\/wp\/v2\/product_cat?post=7333"},{"taxonomy":"product_tag","embeddable":true,"href":"https:\/\/miminhosritacatita.com\/fr\/wp-json\/wp\/v2\/product_tag?post=7333"}],"curies":[{"name":"wp","href":"https:\/\/api.w.org\/{rel}","templated":true}]}}