{"id":7292,"date":"2019-03-22T16:15:07","date_gmt":"2019-03-22T16:15:07","guid":{"rendered":"https:\/\/miminhosritacatita.com\/?post_type=product&#038;p=7292"},"modified":"2026-03-13T17:42:55","modified_gmt":"2026-03-13T17:42:55","slug":"concha-batismo-caixa-principezinho","status":"publish","type":"product","link":"https:\/\/miminhosritacatita.com\/fr\/batizado\/acessorios-de-batizado\/conchas-de-batizado\/concha-batismo-caixa-principezinho\/","title":{"rendered":"Concha Batismo Caixa Principezinho"},"content":{"rendered":"<h1>Concha Batismo Caixa Principezinho<\/h1>\n<p>Concha Batismo Caixa Principezinho<\/p>\n<p>Le Bapt\u00eame est l'une des \u00e9tapes les plus importantes de la croissance de votre enfant et elle approche. Et nous sommes convaincus que c'est une raison de c\u00e9l\u00e9brer.<\/p>\n<p>Chaque d\u00e9tail compte, du nom de votre enfant \u00e0 la date de naissance en passant par la liste des invit\u00e9s ! Alors commen\u00e7ons \u00e0 pr\u00e9parer le plus beau des bapt\u00eames.<\/p>\n<p>Nous comprenons que le m\u00e9rite du bapt\u00eame vous revient, mais que la mission est la n\u00f4tre. C'est pourquoi nous cr\u00e9ons un ensemble de bapt\u00eame unique et adapt\u00e9 au go\u00fbt de chaque client, en respectant toujours la qualit\u00e9, la perfection et le bon go\u00fbt.<\/p>\n<p>Fabriqu\u00e9s avec amour, nos coffrets de bapt\u00eame sont r\u00e9alis\u00e9s pour chaque client et peuvent contenir : une bo\u00eete de bapt\u00eame, une bougie de bapt\u00eame, une serviette de bapt\u00eame, un bavoir de bapt\u00eame, un coquillage de bapt\u00eame et une t\u00e9tine de bapt\u00eame. Parce qu'\u00e0 sa naissance, chaque b\u00e9b\u00e9 a sa propre histoire.<\/p>\n<h2>Concha Batismo Caixa Principezinho<\/h2>\n<p>Et chez Miminhos, nous savons d\u00e9j\u00e0 que les bougies sont un bon pr\u00e9texte pour raconter votre histoire !<\/p>\n<p>Fabriqu\u00e9es avec amour, les bo\u00eetes de bapt\u00eame sont con\u00e7ues pour chaque client, une id\u00e9e qui d\u00e9coule des d\u00e9tails de leur histoire. Alors, racontons-la telle qu'elle est, avec leurs propres mots.<\/p>\n<p>Seja como for, temos conjuntos de todas as formas e cores e materiais e tamb\u00e9m a todos os pre\u00e7os. Al\u00e9m disso, a nossa Concha Batismo Caixa Principezinho \u00e9 feita c\u00e1, j\u00e1 que \u00e9 o que nos d\u00e1 o controlo sobre o prazo de produ\u00e7\u00e3o.<\/p>\n<p>Achetez les produits qui feront de votre f\u00eate de bapt\u00eame la meilleure dans la boutique en ligne de Miminhos. Il s'agit notamment des invitations, des souvenirs, des sets et des livres d'honneur.<\/p>\n<ul>\n<li>Et aussi des pancartes, des bo\u00eetes \u00e0 enveloppes, des marqueurs de table, des menus et des paniers.<\/li>\n<li><strong>Coquille de bapt\u00eame, Coquille de bapt\u00eame, Coquille de bapt\u00eame, Coquille de bapt\u00eame<\/strong><\/li>\n<\/ul>\n<p>Mais aussi Baby Shower, Robes, Costumes et Cake Toppers. Nous avons \u00e9galement une structure gonflable et un toboggan \u00e0 louer.<\/p>\n<p class=\"font_3\">Inspirez-vous donc de notre travail et trouvez d'autres id\u00e9es pour <strong>bapt\u00eame<\/strong>, des plus simples aux plus \u00e9l\u00e9gantes et formelles, en passant par les plus amusantes.<\/p>\n<p class=\"font_2\">Assim, combine j\u00e1 o design da sua Concha Batismo Caixa Principezinho com o ambiente que quer apresentar aos seus convidados no dia.<\/p>\n<p class=\"font_3\">Voici donc quelques exemples de bo\u00eetes et de bougies de bapt\u00eame cr\u00e9\u00e9es dans la boutique Miminhos.<\/p>\n<p><strong>Voir aussi <a href=\"https:\/\/miminhosritacatita.com\/fr\/categorie-produit\/batizados\/\">Articles sur le bapt\u00eame<\/a><\/strong><\/p>\n<p><strong>Visitez notre <a href=\"https:\/\/www.instagram.com\/miminhos.rita.catita\/\" target=\"_blank\" rel=\"noopener\">Instagram<\/a><\/strong><\/p>\n<p>&nbsp;<\/p>","protected":false},"excerpt":{"rendered":"<div>Concha Batismo Caixa Principezinho<\/div>\n<div id=\"id_5c950a852167d8377006006\" class=\"text_exposed_root text_exposed\">Bougie de bapt\u00eame 25\u20ac<br \/>\nMedalha na vela 5\u20ac<br \/>\nConcha com medalha 17,50\u20ac<br \/>\nToalha com estampagem 35\u20ac<br \/>\n<span class=\"text_exposed_show\">Bo\u00eete 60\u20ac<br \/>\nImpress\u00e3o Personalizada na Caixa 7,50\u20ac<\/span><\/div>\n<p>Dimens\u00e3o da Caixa: 34 x 25,5cm (sem divis\u00f3rias)<\/p>","protected":false},"featured_media":25390,"template":"","meta":[],"product_brand":[],"product_cat":[1165],"product_tag":[],"class_list":{"0":"post-7292","1":"product","2":"type-product","3":"status-publish","4":"has-post-thumbnail","6":"product_cat-conchas-de-batizado","8":"first","9":"instock","10":"taxable","11":"shipping-taxable","12":"purchasable","13":"product-type-simple"},"_links":{"self":[{"href":"https:\/\/miminhosritacatita.com\/fr\/wp-json\/wp\/v2\/product\/7292","targetHints":{"allow":["GET"]}}],"collection":[{"href":"https:\/\/miminhosritacatita.com\/fr\/wp-json\/wp\/v2\/product"}],"about":[{"href":"https:\/\/miminhosritacatita.com\/fr\/wp-json\/wp\/v2\/types\/product"}],"wp:featuredmedia":[{"embeddable":true,"href":"https:\/\/miminhosritacatita.com\/fr\/wp-json\/wp\/v2\/media\/25390"}],"wp:attachment":[{"href":"https:\/\/miminhosritacatita.com\/fr\/wp-json\/wp\/v2\/media?parent=7292"}],"wp:term":[{"taxonomy":"product_brand","embeddable":true,"href":"https:\/\/miminhosritacatita.com\/fr\/wp-json\/wp\/v2\/product_brand?post=7292"},{"taxonomy":"product_cat","embeddable":true,"href":"https:\/\/miminhosritacatita.com\/fr\/wp-json\/wp\/v2\/product_cat?post=7292"},{"taxonomy":"product_tag","embeddable":true,"href":"https:\/\/miminhosritacatita.com\/fr\/wp-json\/wp\/v2\/product_tag?post=7292"}],"curies":[{"name":"wp","href":"https:\/\/api.w.org\/{rel}","templated":true}]}}