{"id":6276,"date":"2019-03-06T17:06:22","date_gmt":"2019-03-06T17:06:22","guid":{"rendered":"https:\/\/miminhosritacatita.com\/?post_type=product&#038;p=6276"},"modified":"2024-12-31T09:28:00","modified_gmt":"2024-12-31T09:28:00","slug":"convite-bodas-prata-estilo","status":"publish","type":"product","link":"https:\/\/miminhosritacatita.com\/fr\/bodas\/bodas-de-prata\/convites-bodas-de-prata\/convite-bodas-prata-estilo\/","title":{"rendered":"Convite Bodas Prata Estilo"},"content":{"rendered":"<h1>Convite Bodas Prata Estilo<\/h1>\n<p>Convite Bodas Prata Estilo<\/p>\n<p><b>As Bodas s\u00e3o<\/b> uma celebra\u00e7\u00e3o muito importante e est\u00e3o prestes a chegar. E estamos convencidos de que isso \u00e9 motivo para celebrar.<\/p>\n<p>Todos temos uma hist\u00f3ria. E, por isso, n\u00f3s suspeitamos de que os Convite Bodas Prata Estilo<strong>\u00a0<\/strong>sont une bonne excuse pour nous parler des v\u00f4tres !<\/p>\n<p>Todos os detalhes contam, desde o namoro, \u00e0 data do casamento, at\u00e9 \u00e0 lista de convidados!\u00a0 Ent\u00e3o vamos j\u00e1 come\u00e7ar a preparar as Bodas de Prata mais doces de sempre.<\/p>\n<p>Entendemos que o m\u00e9rito pelas<b> noces d'argent<\/b> \u00e9 seu, mas que a miss\u00e3o \u00e9 nossa. E, por isso, criamos produtos \u00fanicos e adaptados ao gosto de cada cliente, cumprindo sempre com a qualidade e perfei\u00e7\u00e3o e bom gosto.<\/p>\n<p>Feitos com amor, os nossos<strong> Convites de Bodas de Prata<\/strong> s\u00e3o feitos para cada cliente.<\/p>\n<h2>O Convite Bodas Prata Estilo<\/h2>\n<p>Pela altura em que casam, todos os casais j\u00e1 tem uma hist\u00f3ria. E, na Miminhos, j\u00e1 sabemos que os Convites s\u00e3o um bom pretexto para contar a sua!<\/p>\n<p>Feitos com amor, os Convite Bodas Prata s\u00e3o feitos para cada cliente, ideia que resulta dos detalhes da sua hist\u00f3ria. Por isso, vamos j\u00e1 conta-la como ela \u00e9, pelas suas palavras.<\/p>\n<p>Assim, temos convites de todas as formas e cores e materiais e tamb\u00e9m a todos os pre\u00e7os. Al\u00e9m disso, os nossos Convites s\u00e3o feitos c\u00e1, j\u00e1 que \u00e9 o que nos d\u00e1 o controlo sobre o prazo de produ\u00e7\u00e3o.<\/p>\n<p>Compre j\u00e1 na Loja Online da Miminhos os produtos que far\u00e3o da sua festa, a melhor. Dos quais, Convites de Bodas Prata, Lembran\u00e7as para Bodas de Prata, Topos de Bolo para Bodas de Prata, Porta Alian\u00e7as e Livros de Honra.<\/p>\n<ul>\n<li>Et aussi des pancartes, des bo\u00eetes \u00e0 enveloppes, des marqueurs de table, des menus et des paniers.<\/li>\n<\/ul>\n<p class=\"font_3\">Portanto, inspire-se no nosso trabalho e tenha j\u00e1 mais ideias de Bodas, desde as mais simples, \u00e0s mais elegantes e mais formais, at\u00e9 aos mais divertidos.<\/p>\n<p class=\"font_2\">Dessa forma, combine j\u00e1 o design do seu Convite Bodas Prata Estilo com o ambiente que quer apresentar aos seus convidados no dia.<\/p>\n<p class=\"font_3\">Voici donc un aper\u00e7u de quelques-uns des types de <strong>invitations<\/strong> criados na loja da Miminhos.\u200b<\/p>\n<p><strong>Voir aussi : <a href=\"https:\/\/miminhosritacatita.com\/fr\/categorie-produit\/noces-dor\/cadeaux-pour-les-noces-dor\/\">Prendas p\/ Bodas de Ouro<\/a><\/strong><\/p>\n<p><strong>Visitez notre <a href=\"https:\/\/www.instagram.com\/miminhos.rita.catita\/\" target=\"_blank\" rel=\"noopener\">Instagram<\/a><\/strong><\/p>","protected":false},"excerpt":{"rendered":"<p>Convite Bodas Prata Estilo, totalmente ao vosso gosto.<\/p>\n<p>Dimens\u00e3o: 12 x 18cm<\/p>\n<p>Papel da Imagem Exterior: Branco Matte Tinturetto<\/p>\n<p>Papier d'Image Int\u00e9rieure : Blanc Mat Tinturetto<\/p>","protected":false},"featured_media":41878,"template":"","meta":[],"product_brand":[],"product_cat":[854],"product_tag":[],"class_list":{"0":"post-6276","1":"product","2":"type-product","3":"status-publish","4":"has-post-thumbnail","6":"product_cat-convites-bodas-de-prata","8":"first","9":"instock","10":"taxable","11":"shipping-taxable","12":"purchasable","13":"product-type-simple"},"_links":{"self":[{"href":"https:\/\/miminhosritacatita.com\/fr\/wp-json\/wp\/v2\/product\/6276","targetHints":{"allow":["GET"]}}],"collection":[{"href":"https:\/\/miminhosritacatita.com\/fr\/wp-json\/wp\/v2\/product"}],"about":[{"href":"https:\/\/miminhosritacatita.com\/fr\/wp-json\/wp\/v2\/types\/product"}],"wp:featuredmedia":[{"embeddable":true,"href":"https:\/\/miminhosritacatita.com\/fr\/wp-json\/wp\/v2\/media\/41878"}],"wp:attachment":[{"href":"https:\/\/miminhosritacatita.com\/fr\/wp-json\/wp\/v2\/media?parent=6276"}],"wp:term":[{"taxonomy":"product_brand","embeddable":true,"href":"https:\/\/miminhosritacatita.com\/fr\/wp-json\/wp\/v2\/product_brand?post=6276"},{"taxonomy":"product_cat","embeddable":true,"href":"https:\/\/miminhosritacatita.com\/fr\/wp-json\/wp\/v2\/product_cat?post=6276"},{"taxonomy":"product_tag","embeddable":true,"href":"https:\/\/miminhosritacatita.com\/fr\/wp-json\/wp\/v2\/product_tag?post=6276"}],"curies":[{"name":"wp","href":"https:\/\/api.w.org\/{rel}","templated":true}]}}