{"id":6269,"date":"2019-03-06T16:10:02","date_gmt":"2019-03-06T16:10:02","guid":{"rendered":"https:\/\/miminhosritacatita.com\/?post_type=product&#038;p=6269"},"modified":"2024-12-31T09:10:07","modified_gmt":"2024-12-31T09:10:07","slug":"convite-bodas-ouro-elegante","status":"publish","type":"product","link":"https:\/\/miminhosritacatita.com\/fr\/bodas\/bodas-de-ouro\/convites-bodas-de-ouro\/convite-bodas-ouro-elegante\/","title":{"rendered":"Convite Bodas Ouro Elegante"},"content":{"rendered":"<h1>Convite Bodas Ouro Elegante<\/h1>\n<p>Convite Bodas Ouro Elegante<\/p>\n<p>As Bodas de Ouro s\u00e3o uma celebra\u00e7\u00e3o muito importante e est\u00e3o prestes a chegar. E estamos convencidos de que isso \u00e9 motivo para celebrar.<\/p>\n<p>Todos temos uma hist\u00f3ria. E, por isso, n\u00f3s suspeitamos de que os Convite Bodas Ouro Elegante<strong>\u00a0<\/strong>sont une bonne excuse pour nous parler des v\u00f4tres !<\/p>\n<p>Chaque d\u00e9tail compte, de la rencontre \u00e0 la date du mariage en passant par la liste des invit\u00e9s !  Alors commen\u00e7ons \u00e0 pr\u00e9parer le plus beau des jubil\u00e9s d'or.<\/p>\n<p>Entendemos que o m\u00e9rito pelas <b>Noces d'or<\/b> \u00e9 seu, mas que a miss\u00e3o \u00e9 nossa. E, por isso, criamos produtos \u00fanicos e adaptados ao gosto de cada cliente, cumprindo sempre com a qualidade e perfei\u00e7\u00e3o e bom gosto.<\/p>\n<h2>O nosso Convite Bodas Ouro Elegante<\/h2>\n<p>Pela altura em que casam, todos os casais j\u00e1 tem uma hist\u00f3ria. E, na Miminhos, j\u00e1 sabemos que os Convites s\u00e3o um bom pretexto para contar a sua!<\/p>\n<p>Assim, temos convites de todas as formas e cores e materiais e tamb\u00e9m a todos os pre\u00e7os. Al\u00e9m disso, os nossos Convites s\u00e3o feitos c\u00e1, j\u00e1 que \u00e9 o que nos d\u00e1 o controlo sobre o prazo de produ\u00e7\u00e3o.<\/p>\n<p>Feitos com amor, os Convites de Bodas de Ouro s\u00e3o feitos para cada cliente, ideia que resulta dos detalhes da sua hist\u00f3ria. Por isso, vamos j\u00e1 conta-la como ela \u00e9, pelas suas palavras.<\/p>\n<p>Seja como for, compre j\u00e1 na Loja Online da Miminhos os produtos que far\u00e3o da sua festa<strong>, <\/strong>a melhor:<\/p>\n<ul>\n<li>Convite Bodas Ouro Brilhante<\/li>\n<li>Souvenirs du jubil\u00e9 d'or<\/li>\n<li>Topos de Bolo de Bordas de Ouro<\/li>\n<li>Livres d'honneur<\/li>\n<\/ul>\n<p>E ainda, Placards, Caixas de Envelopes, Marcadores de Mesa, Ementas e Cestas.<\/p>\n<p class=\"font_3\">Laissez-vous inspirer par notre travail et obtenez d\u00e8s \u00e0 pr\u00e9sent d'autres id\u00e9es de mariages dor\u00e9s, des plus simples aux plus \u00e9l\u00e9gants et formels, en passant par les plus amusants.<\/p>\n<p class=\"font_2\">Assim, combine j\u00e1 o design do seu convite com o ambiente que quer apresentar aos seus convidados no dia.<\/p>\n<p class=\"font_3\">Voici donc un aper\u00e7u de quelques-uns des types de <strong>invitations<\/strong> criados na loja da Miminhos.\u200b<\/p>\n<p><strong>Voir aussi : <a href=\"https:\/\/miminhosritacatita.com\/fr\/categorie-produit\/noces-dor\/cadeaux-pour-les-noces-dor\/\">Prendas p\/ Bodas de Ouro<\/a><\/strong><\/p>\n<p><strong>Visitez notre <a href=\"https:\/\/www.instagram.com\/miminhos.rita.catita\/\" target=\"_blank\" rel=\"noopener\">Instagram<\/a><\/strong><\/p>\n<p>&nbsp;<\/p>","protected":false},"excerpt":{"rendered":"<p>Convite Bodas Ouro Elegante<\/p>\n<p>Dimens\u00e3o: 17&#215;11,5cm<\/p>\n<p>Papel da Imagem Exterior: Antracite ou Dourado Vivo<\/p>\n<p>Papel da Imagem Interior: Dourado Vivo<\/p>","protected":false},"featured_media":11723,"template":"","meta":[],"product_brand":[],"product_cat":[852],"product_tag":[],"class_list":{"0":"post-6269","1":"product","2":"type-product","3":"status-publish","4":"has-post-thumbnail","6":"product_cat-convites-bodas-de-ouro","8":"first","9":"instock","10":"taxable","11":"shipping-taxable","12":"purchasable","13":"product-type-simple"},"_links":{"self":[{"href":"https:\/\/miminhosritacatita.com\/fr\/wp-json\/wp\/v2\/product\/6269","targetHints":{"allow":["GET"]}}],"collection":[{"href":"https:\/\/miminhosritacatita.com\/fr\/wp-json\/wp\/v2\/product"}],"about":[{"href":"https:\/\/miminhosritacatita.com\/fr\/wp-json\/wp\/v2\/types\/product"}],"wp:featuredmedia":[{"embeddable":true,"href":"https:\/\/miminhosritacatita.com\/fr\/wp-json\/wp\/v2\/media\/11723"}],"wp:attachment":[{"href":"https:\/\/miminhosritacatita.com\/fr\/wp-json\/wp\/v2\/media?parent=6269"}],"wp:term":[{"taxonomy":"product_brand","embeddable":true,"href":"https:\/\/miminhosritacatita.com\/fr\/wp-json\/wp\/v2\/product_brand?post=6269"},{"taxonomy":"product_cat","embeddable":true,"href":"https:\/\/miminhosritacatita.com\/fr\/wp-json\/wp\/v2\/product_cat?post=6269"},{"taxonomy":"product_tag","embeddable":true,"href":"https:\/\/miminhosritacatita.com\/fr\/wp-json\/wp\/v2\/product_tag?post=6269"}],"curies":[{"name":"wp","href":"https:\/\/api.w.org\/{rel}","templated":true}]}}