{"id":62430,"date":"2025-02-25T18:24:43","date_gmt":"2025-02-25T18:24:43","guid":{"rendered":"https:\/\/miminhosritacatita.com\/?post_type=product&#038;p=62430"},"modified":"2025-07-23T10:42:34","modified_gmt":"2025-07-23T10:42:34","slug":"lembranca-comunhao-flor-gesso","status":"publish","type":"product","link":"https:\/\/miminhosritacatita.com\/fr\/comunhao\/lembrancas-de-comunhao\/lembranca-comunhao-flor-gesso\/","title":{"rendered":"Lembran\u00e7a Comunh\u00e3o Flor Gesso"},"content":{"rendered":"<h1>Lembran\u00e7a Comunh\u00e3o Flor Gesso<\/h1>\n<p>Lembran\u00e7a Comunh\u00e3o Flor Gesso<\/p>\n<p>Nous ouvrons une voie sans pr\u00e9c\u00e9dent lorsque nous pensons \u00e0 la f\u00eate de nos r\u00eaves, car chaque d\u00e9tail compte lorsque l'objectif est de r\u00e9pandre l'amour dans l'air. Chez Miminhos Rita Catita, nous avons un aveu \u00e0 faire : nous sommes fanatiques des d\u00e9tails. Encore plus pour les <strong>Souvenirs<\/strong>Ils sont la promesse d'une f\u00eate inoubliable !<\/p>\n<p>Nous comprenons que l'ambiance festive m\u00e9rite de laisser libre cours \u00e0 l'imagination. C'est pourquoi les signets de la Profession de foi sont toujours cr\u00e9atifs. Les options sont diverses... La limite est votre imagination. Comment imaginez-vous le v\u00f4tre ?<\/p>\n<p>Dans nos magasins, nous disposons de diff\u00e9rents <strong>Souvenirs<\/strong>- du comestible au plus fonctionnel. Et, nous vous le garantissons, ils m\u00e9ritent tous la m\u00eame attention et le m\u00eame soin.<\/p>\n<h2>Lembran\u00e7a Comunh\u00e3o Flor Gesso<\/h2>\n<p>Mais vous avez besoin de souvenirs de communion et vous ne savez pas quoi choisir ? Chez Miminhos Rita Catita, vous trouverez le cadeau id\u00e9al. En plus de ce que nous vous pr\u00e9sentons, vous pouvez nous faire part de votre id\u00e9e et nous la mettrons en pratique. Il est possible de modifier les couleurs des articles que nous pr\u00e9sentons et de les personnaliser \u00e0 votre guise, mais contactez-nous au pr\u00e9alable pour confirmer cette possibilit\u00e9.<\/p>\n<ul>\n<li>Chez Miminhos Rita Catita, nous sommes conscients que le m\u00e9rite du choix vous revient, mais que l'engagement est le n\u00f4tre. C'est pourquoi nous d\u00e9veloppons des produits personnalis\u00e9s, adapt\u00e9s aux besoins de chaque client, en respectant toujours notre promesse de qualit\u00e9, d'excellence et de professionnalisme.<\/li>\n<\/ul>\n<p>Trouvez donc la r\u00e9ponse \u00e0 tous les d\u00e9tails qui rendront votre f\u00eate de communion unique dans la boutique en ligne de Miminhos Rita Catita : Invitations, <strong>Souvenirs<\/strong>, des souvenirs sp\u00e9ciaux pour les gar\u00e7ons d'honneur et les grands-parents, des livres d'honneur, des pancartes, des menus, des marqueurs de table, des paniers souvenirs, des ronds de serviette. Mais aussi des bo\u00eetes pour contenir des cadeaux en esp\u00e8ces, des couverts et des fl\u00fbtes personnalis\u00e9es, des toppers de g\u00e2teau et des souvenirs en acrylique.<\/p>\n<ul>\n<li><strong>Souvenirs de communion, Souvenirs de premi\u00e8re communion, Souvenirs de communion solennelle<\/strong>, <strong>Souvenirs de la profession de foi, Souvenirs de la communion originale, Souvenirs de la communion solennelle originale<\/strong><\/li>\n<\/ul>\n<p>Nous avons \u00e9galement des structures gonflables et des toboggans \u00e0 louer. Demandez-nous un devis en pr\u00e9cisant le jour de l'\u00e9v\u00e9nement et si vous souhaitez que le mat\u00e9riel soit r\u00e9cup\u00e9r\u00e9 et livr\u00e9 dans le magasin ou que nous venions sur place pour le montage et le d\u00e9montage.<\/p>\n<p><strong>Voir aussi : <a href=\"https:\/\/miminhosritacatita.com\/fr\/categorie-produit\/comunhoes\/convites-de-comunhao\/\">Invitations de Communion<\/a><\/strong><\/p>\n<p><strong>Visitez notre <a href=\"https:\/\/www.instagram.com\/miminhos.rita.catita\/\" target=\"_blank\" rel=\"noopener\">Instagram<\/a><\/strong><\/p>","protected":false},"excerpt":{"rendered":"<p>Lembran\u00e7a Comunh\u00e3o Flor Gesso<\/p>\n<p>Dimens\u00e3o caixa (aprox.): 7x7cm<\/p>\n<p>uma lembran\u00e7a que ningu\u00e9m ficar\u00e1 indiferente, para colocar no roupeiro ou na porta do quarto.<\/p>\n<p>&nbsp;<\/p>","protected":false},"featured_media":62432,"template":"","meta":[],"product_brand":[],"product_cat":[1028],"product_tag":[],"class_list":{"0":"post-62430","1":"product","2":"type-product","3":"status-publish","4":"has-post-thumbnail","6":"product_cat-lembrancas-de-comunhao","8":"first","9":"instock","10":"taxable","11":"shipping-taxable","12":"purchasable","13":"product-type-simple"},"_links":{"self":[{"href":"https:\/\/miminhosritacatita.com\/fr\/wp-json\/wp\/v2\/product\/62430","targetHints":{"allow":["GET"]}}],"collection":[{"href":"https:\/\/miminhosritacatita.com\/fr\/wp-json\/wp\/v2\/product"}],"about":[{"href":"https:\/\/miminhosritacatita.com\/fr\/wp-json\/wp\/v2\/types\/product"}],"wp:featuredmedia":[{"embeddable":true,"href":"https:\/\/miminhosritacatita.com\/fr\/wp-json\/wp\/v2\/media\/62432"}],"wp:attachment":[{"href":"https:\/\/miminhosritacatita.com\/fr\/wp-json\/wp\/v2\/media?parent=62430"}],"wp:term":[{"taxonomy":"product_brand","embeddable":true,"href":"https:\/\/miminhosritacatita.com\/fr\/wp-json\/wp\/v2\/product_brand?post=62430"},{"taxonomy":"product_cat","embeddable":true,"href":"https:\/\/miminhosritacatita.com\/fr\/wp-json\/wp\/v2\/product_cat?post=62430"},{"taxonomy":"product_tag","embeddable":true,"href":"https:\/\/miminhosritacatita.com\/fr\/wp-json\/wp\/v2\/product_tag?post=62430"}],"curies":[{"name":"wp","href":"https:\/\/api.w.org\/{rel}","templated":true}]}}